{"id":20431,"date":"2025-07-22T18:48:42","date_gmt":"2025-07-22T16:48:42","guid":{"rendered":"https:\/\/uj.adatbank.ro\/lexikon\/termek\/simon-janos-lorincfalvi\/"},"modified":"2025-07-22T18:48:42","modified_gmt":"2025-07-22T16:48:42","slug":"simon-janos-lorincfalvi","status":"publish","type":"product","link":"https:\/\/uj.adatbank.ro\/lexikon\/termek\/simon-janos-lorincfalvi\/","title":{"rendered":"SIMON J\u00e1nos, l\u0151rincfalvi"},"content":{"rendered":"<p>L\u0151rincfalva, 1717. febr., v. 1719., \u2020\u00a0Maross\u00e1rpatak, 1797. j\u00fan. 20.: ref. lelk\u00e9sz. \u2013 Feles\u00e9ge: folyfalvi T\u00f3t Berta (\u2020\u00a01787 febr.). Fi\u00fak: S\u00e1muel. \u2013 Kv.-on subscrib\u00e1lt (1735. k.). Ny\u00e1r\u00e1dselye lelk\u00e9sze (1739\u20131741). A mv-i Ref. Koll.-ban tan\u00edtott (1742\u2013). G\u00f6rg\u00e9nyszentimr\u00e9n (1743. \u00e1pr. 4. \u2013 1745), Maross\u00e1rpatakon hal\u00e1l\u00e1ig (1746\u201397), g\u00f6rg\u00e9nyi egyh\u00e1zmegyei n\u00f3t\u00e1rius (1754\u201361), esperes (1761\u201397. j\u00fan.). Az \u0151 idej\u00e9ben a ref. templom boltozat\u00e1t Teleki Lajosn\u00e9 gr. Bethlen Katalin k\u00e9sz\u00edttette el (1762); egyh\u00e1zker\u00fcleti k\u00f6zgy\u0171l\u00e9st tartottak Maross\u00e1rpatakon, Verest\u00f3i Gy\u00f6rgy eln\u00f6klet\u00e9vel (1762. dec. 20\u201323). K\u00e1pl\u00e1nja volt a fia, S. S\u00e1muel (1791\u201397) \u00e9s \u0151 lett az ut\u00f3da. <br \/><strong>Irod.:<\/strong> B\u00f6jthe Andor; Imreh Barna; Kov\u00e1sznai; \u0150sz; Zov\u00e1nyi.<\/br><\/p>\n","protected":false},"excerpt":{"rendered":"<p>L\u0151rincfalva, 1717. febr., v. 1719., \u2020\u00a0Maross\u00e1rpatak, 1797. j\u00fan. 20.: ref. lelk\u00e9sz. \u2013 Feles\u00e9ge: folyfalvi T\u00f3t Berta (\u2020\u00a01787 febr.). Fi\u00fak: S\u00e1muel. \u2013 Kv.-on subscrib\u00e1lt (1735. k.). Ny\u00e1r\u00e1dselye lelk\u00e9sze (1739\u20131741). A mv-i Ref. Koll.-ban tan\u00edtott (1742\u2013). G\u00f6rg\u00e9nyszentimr\u00e9n (1743. \u00e1pr. 4. \u2013 1745), Maross\u00e1rpatakon hal\u00e1l\u00e1ig (1746\u201397), g\u00f6rg\u00e9nyi egyh\u00e1zmegyei n\u00f3t\u00e1rius (1754\u201361), esperes (1761\u201397. j\u00fan.). Az \u0151 idej\u00e9ben a ref. [&hellip;]<\/p>\n","protected":false},"featured_media":0,"comment_status":"open","ping_status":"closed","template":"","meta":[],"product_brand":[],"product_cat":[137],"product_tag":[],"class_list":{"0":"post-20431","1":"product","2":"type-product","3":"status-publish","5":"product_cat-maros-megyei-eletrajzi-lexikon","7":"first","8":"instock","9":"shipping-taxable","10":"product-type-simple"},"_links":{"self":[{"href":"https:\/\/uj.adatbank.ro\/lexikon\/wp-json\/wp\/v2\/product\/20431","targetHints":{"allow":["GET"]}}],"collection":[{"href":"https:\/\/uj.adatbank.ro\/lexikon\/wp-json\/wp\/v2\/product"}],"about":[{"href":"https:\/\/uj.adatbank.ro\/lexikon\/wp-json\/wp\/v2\/types\/product"}],"replies":[{"embeddable":true,"href":"https:\/\/uj.adatbank.ro\/lexikon\/wp-json\/wp\/v2\/comments?post=20431"}],"wp:attachment":[{"href":"https:\/\/uj.adatbank.ro\/lexikon\/wp-json\/wp\/v2\/media?parent=20431"}],"wp:term":[{"taxonomy":"product_brand","embeddable":true,"href":"https:\/\/uj.adatbank.ro\/lexikon\/wp-json\/wp\/v2\/product_brand?post=20431"},{"taxonomy":"product_cat","embeddable":true,"href":"https:\/\/uj.adatbank.ro\/lexikon\/wp-json\/wp\/v2\/product_cat?post=20431"},{"taxonomy":"product_tag","embeddable":true,"href":"https:\/\/uj.adatbank.ro\/lexikon\/wp-json\/wp\/v2\/product_tag?post=20431"}],"curies":[{"name":"wp","href":"https:\/\/api.w.org\/{rel}","templated":true}]}}