{"id":20432,"date":"2025-07-22T18:48:44","date_gmt":"2025-07-22T16:48:44","guid":{"rendered":"https:\/\/uj.adatbank.ro\/lexikon\/termek\/simon-janos-johannes\/"},"modified":"2025-07-22T18:48:44","modified_gmt":"2025-07-22T16:48:44","slug":"simon-janos-johannes","status":"publish","type":"product","link":"https:\/\/uj.adatbank.ro\/lexikon\/termek\/simon-janos-johannes\/","title":{"rendered":"SIMON J\u00e1nos, Johannes"},"content":{"rendered":"<p>? \u2020?: ref. lelk\u00e9sz. \u2013 A mv-i Ref. Koll.-ban tanult (1766). Ugyanott g\u00f6r\u00f6g\u00f6t tan\u00edtott, a koll. k\u00f6nyvt\u00e1rosa (1772\u20131776) \u00e9s \u00fcln\u00f6ke volt. Az \u00fajtordai zsinaton ordin\u00e1lt\u00e1k (1776). Maroscsap\u00f3n szolg\u00e1lt (1776\u201378), innen ment Nagyerny\u00e9be szolg\u00e1lni (1777. m\u00e1j. 29. \u2013 1795). H\u00edvei \u00f6nk\u00e9ntes seg\u00edts\u00e9g\u00e9vel nagyon sz\u00e9p k\u0151templomot \u00e9p\u00edtett (1781\u201384), amely ma is szolg\u00e1lja a h\u00edveket. A templomot Kisg\u00f6rg\u00e9nyi Nagyv\u00e1radi J\u00e1nos, h\u00edrneves templomfest\u0151 mester festette ki (1788). A toronyba harang\u00fcl\u00e9st k\u00e9sz\u00edtettek, \u00e9s felszerelt\u00e9k a nagyharangot (\u00f6ntett\u00e9k 1687), egy kisharangot (1789). A torony 170 \u00e9vig \u00e1llott, de azt\u00e1n \u00f6sszeomlott, az ut\u00f3dok nem mentett\u00e9k meg \u00e9s nem \u00e9p\u00edtett\u00e9k vissza. K\u00e9s\u0151bb Jedden szolg\u00e1lt (1796\u20131808) <br \/><strong>Irod.:<\/strong> Farcz\u00e1dy Elek: A marosv\u00e1s\u00e1rhelyi Bolyai tudom\u00e1nyos k\u00f6nyvt\u00e1r = Eml\u00e9kk. K.L. 80; Koncz: MKSZ; K\u00fck\u00fcll\u0151i Ref. Egyh\u00e1zm. 4; Nagyernye.<\/br><\/p>\n","protected":false},"excerpt":{"rendered":"<p>? \u2020?: ref. lelk\u00e9sz. \u2013 A mv-i Ref. Koll.-ban tanult (1766). Ugyanott g\u00f6r\u00f6g\u00f6t tan\u00edtott, a koll. k\u00f6nyvt\u00e1rosa (1772\u20131776) \u00e9s \u00fcln\u00f6ke volt. Az \u00fajtordai zsinaton ordin\u00e1lt\u00e1k (1776). Maroscsap\u00f3n szolg\u00e1lt (1776\u201378), innen ment Nagyerny\u00e9be szolg\u00e1lni (1777. m\u00e1j. 29. \u2013 1795). H\u00edvei \u00f6nk\u00e9ntes seg\u00edts\u00e9g\u00e9vel nagyon sz\u00e9p k\u0151templomot \u00e9p\u00edtett (1781\u201384), amely ma is szolg\u00e1lja a h\u00edveket. A templomot Kisg\u00f6rg\u00e9nyi [&hellip;]<\/p>\n","protected":false},"featured_media":0,"comment_status":"open","ping_status":"closed","template":"","meta":[],"product_brand":[],"product_cat":[137],"product_tag":[],"class_list":{"0":"post-20432","1":"product","2":"type-product","3":"status-publish","5":"product_cat-maros-megyei-eletrajzi-lexikon","7":"first","8":"instock","9":"shipping-taxable","10":"product-type-simple"},"_links":{"self":[{"href":"https:\/\/uj.adatbank.ro\/lexikon\/wp-json\/wp\/v2\/product\/20432","targetHints":{"allow":["GET"]}}],"collection":[{"href":"https:\/\/uj.adatbank.ro\/lexikon\/wp-json\/wp\/v2\/product"}],"about":[{"href":"https:\/\/uj.adatbank.ro\/lexikon\/wp-json\/wp\/v2\/types\/product"}],"replies":[{"embeddable":true,"href":"https:\/\/uj.adatbank.ro\/lexikon\/wp-json\/wp\/v2\/comments?post=20432"}],"wp:attachment":[{"href":"https:\/\/uj.adatbank.ro\/lexikon\/wp-json\/wp\/v2\/media?parent=20432"}],"wp:term":[{"taxonomy":"product_brand","embeddable":true,"href":"https:\/\/uj.adatbank.ro\/lexikon\/wp-json\/wp\/v2\/product_brand?post=20432"},{"taxonomy":"product_cat","embeddable":true,"href":"https:\/\/uj.adatbank.ro\/lexikon\/wp-json\/wp\/v2\/product_cat?post=20432"},{"taxonomy":"product_tag","embeddable":true,"href":"https:\/\/uj.adatbank.ro\/lexikon\/wp-json\/wp\/v2\/product_tag?post=20432"}],"curies":[{"name":"wp","href":"https:\/\/api.w.org\/{rel}","templated":true}]}}