{"id":20433,"date":"2025-07-22T18:48:46","date_gmt":"2025-07-22T16:48:46","guid":{"rendered":"https:\/\/uj.adatbank.ro\/lexikon\/termek\/simon-janos-p-lorincfalvi\/"},"modified":"2025-07-22T18:48:46","modified_gmt":"2025-07-22T16:48:46","slug":"simon-janos-p-lorincfalvi","status":"publish","type":"product","link":"https:\/\/uj.adatbank.ro\/lexikon\/termek\/simon-janos-p-lorincfalvi\/","title":{"rendered":"SIMON J\u00e1nos P., l\u0151rincfalvi"},"content":{"rendered":"<p>1891., \u2020?: gazd\u00e1lkod\u00f3. \u2013 Iskol\u00e1i elv\u00e9gz\u00e9se ut\u00e1n k\u00fcl\u00f6nb\u00f6z\u0151 gazdas\u00e1gi szaktanfolyamokat hallgatott, \u00f6n\u00e1ll\u00f3 gazda lett Mez\u0151cs\u00e1v\u00e1son, ahol a k\u00f6zs\u00e9g tekint\u00e9lyes polg\u00e1ra, a MP, az EGE, a k\u00f6zs\u00e9gi k\u00e9pvisel\u0151test\u00fclet tagja, a Gazdak\u00f6r \u00e9s a Hangya \u00fcgyv. eln\u00f6ke, egyh\u00e1zi presbiter \u00e9s gondnok volt. Az els\u0151 vh.-ban a 22. gy. e.-ben az orosz fronton harcolt, fogs\u00e1gba esett, ahol 3 \u00e9vet t\u00f6lt\u00f6tt. A K\u00e1roly Csapatkereszt kit\u00fcntetettje volt. <br \/><strong>Irod.:<\/strong> Sz\u00e9kelyf\u00f6ld \u00ed. k.<\/br><\/p>\n","protected":false},"excerpt":{"rendered":"<p>1891., \u2020?: gazd\u00e1lkod\u00f3. \u2013 Iskol\u00e1i elv\u00e9gz\u00e9se ut\u00e1n k\u00fcl\u00f6nb\u00f6z\u0151 gazdas\u00e1gi szaktanfolyamokat hallgatott, \u00f6n\u00e1ll\u00f3 gazda lett Mez\u0151cs\u00e1v\u00e1son, ahol a k\u00f6zs\u00e9g tekint\u00e9lyes polg\u00e1ra, a MP, az EGE, a k\u00f6zs\u00e9gi k\u00e9pvisel\u0151test\u00fclet tagja, a Gazdak\u00f6r \u00e9s a Hangya \u00fcgyv. eln\u00f6ke, egyh\u00e1zi presbiter \u00e9s gondnok volt. Az els\u0151 vh.-ban a 22. gy. e.-ben az orosz fronton harcolt, fogs\u00e1gba esett, ahol 3 [&hellip;]<\/p>\n","protected":false},"featured_media":0,"comment_status":"open","ping_status":"closed","template":"","meta":[],"product_brand":[],"product_cat":[137],"product_tag":[],"class_list":{"0":"post-20433","1":"product","2":"type-product","3":"status-publish","5":"product_cat-maros-megyei-eletrajzi-lexikon","7":"first","8":"instock","9":"shipping-taxable","10":"product-type-simple"},"_links":{"self":[{"href":"https:\/\/uj.adatbank.ro\/lexikon\/wp-json\/wp\/v2\/product\/20433","targetHints":{"allow":["GET"]}}],"collection":[{"href":"https:\/\/uj.adatbank.ro\/lexikon\/wp-json\/wp\/v2\/product"}],"about":[{"href":"https:\/\/uj.adatbank.ro\/lexikon\/wp-json\/wp\/v2\/types\/product"}],"replies":[{"embeddable":true,"href":"https:\/\/uj.adatbank.ro\/lexikon\/wp-json\/wp\/v2\/comments?post=20433"}],"wp:attachment":[{"href":"https:\/\/uj.adatbank.ro\/lexikon\/wp-json\/wp\/v2\/media?parent=20433"}],"wp:term":[{"taxonomy":"product_brand","embeddable":true,"href":"https:\/\/uj.adatbank.ro\/lexikon\/wp-json\/wp\/v2\/product_brand?post=20433"},{"taxonomy":"product_cat","embeddable":true,"href":"https:\/\/uj.adatbank.ro\/lexikon\/wp-json\/wp\/v2\/product_cat?post=20433"},{"taxonomy":"product_tag","embeddable":true,"href":"https:\/\/uj.adatbank.ro\/lexikon\/wp-json\/wp\/v2\/product_tag?post=20433"}],"curies":[{"name":"wp","href":"https:\/\/api.w.org\/{rel}","templated":true}]}}