{"id":20437,"date":"2025-07-22T18:48:56","date_gmt":"2025-07-22T16:48:56","guid":{"rendered":"https:\/\/uj.adatbank.ro\/lexikon\/termek\/simon-jozsef-dezsfalvi\/"},"modified":"2025-07-22T18:48:56","modified_gmt":"2025-07-22T16:48:56","slug":"simon-jozsef-dezsfalvi","status":"publish","type":"product","link":"https:\/\/uj.adatbank.ro\/lexikon\/termek\/simon-jozsef-dezsfalvi\/","title":{"rendered":"SIMON J\u00f3zsef, d\u00e9zsfalvi"},"content":{"rendered":"<p>1810? \u2020\u00a0Egrest\u0151, 1883. j\u00fan. 13.: kir. j\u00e1r\u00e1sb\u00edr\u00f3. \u2013 Feles\u00e9ge: Csisz\u00e9r M\u00e1ria (1819? \u2013 Egrest\u0151, 1882. \u00e1pr. 10.). Gyermekeik: S. Albert, kir. j\u00e1r\u00e1sb\u00edr\u00f3, feles\u00e9ge Kerekes Polix\u00e9nia; S. Jozefa Benk\u0151 Farkasn\u00e9. <br \/><strong>Irod.:<\/strong> Gy\u00e1szjelent\u0151.<\/br><\/p>\n","protected":false},"excerpt":{"rendered":"<p>1810? \u2020\u00a0Egrest\u0151, 1883. j\u00fan. 13.: kir. j\u00e1r\u00e1sb\u00edr\u00f3. \u2013 Feles\u00e9ge: Csisz\u00e9r M\u00e1ria (1819? \u2013 Egrest\u0151, 1882. \u00e1pr. 10.). Gyermekeik: S. Albert, kir. j\u00e1r\u00e1sb\u00edr\u00f3, feles\u00e9ge Kerekes Polix\u00e9nia; S. Jozefa Benk\u0151 Farkasn\u00e9. Irod.: Gy\u00e1szjelent\u0151.<\/p>\n","protected":false},"featured_media":0,"comment_status":"open","ping_status":"closed","template":"","meta":[],"product_brand":[],"product_cat":[137],"product_tag":[],"class_list":{"0":"post-20437","1":"product","2":"type-product","3":"status-publish","5":"product_cat-maros-megyei-eletrajzi-lexikon","7":"first","8":"instock","9":"shipping-taxable","10":"product-type-simple"},"_links":{"self":[{"href":"https:\/\/uj.adatbank.ro\/lexikon\/wp-json\/wp\/v2\/product\/20437","targetHints":{"allow":["GET"]}}],"collection":[{"href":"https:\/\/uj.adatbank.ro\/lexikon\/wp-json\/wp\/v2\/product"}],"about":[{"href":"https:\/\/uj.adatbank.ro\/lexikon\/wp-json\/wp\/v2\/types\/product"}],"replies":[{"embeddable":true,"href":"https:\/\/uj.adatbank.ro\/lexikon\/wp-json\/wp\/v2\/comments?post=20437"}],"wp:attachment":[{"href":"https:\/\/uj.adatbank.ro\/lexikon\/wp-json\/wp\/v2\/media?parent=20437"}],"wp:term":[{"taxonomy":"product_brand","embeddable":true,"href":"https:\/\/uj.adatbank.ro\/lexikon\/wp-json\/wp\/v2\/product_brand?post=20437"},{"taxonomy":"product_cat","embeddable":true,"href":"https:\/\/uj.adatbank.ro\/lexikon\/wp-json\/wp\/v2\/product_cat?post=20437"},{"taxonomy":"product_tag","embeddable":true,"href":"https:\/\/uj.adatbank.ro\/lexikon\/wp-json\/wp\/v2\/product_tag?post=20437"}],"curies":[{"name":"wp","href":"https:\/\/api.w.org\/{rel}","templated":true}]}}