{"id":20439,"date":"2025-07-22T18:49:00","date_gmt":"2025-07-22T16:49:00","guid":{"rendered":"https:\/\/uj.adatbank.ro\/lexikon\/termek\/simon-karoly\/"},"modified":"2025-07-22T18:49:00","modified_gmt":"2025-07-22T16:49:00","slug":"simon-karoly","status":"publish","type":"product","link":"https:\/\/uj.adatbank.ro\/lexikon\/termek\/simon-karoly\/","title":{"rendered":"SIMON K\u00e1roly"},"content":{"rendered":"<p>1849, \u2020 Nagy\u00f6lyves, 1916. dec. 8.: l\u00e9vita-igzgat\u00f3 tan\u00edt\u00f3 Nagy\u00f6lyvesen (1872\u20131916) <br \/><strong>Irod.:<\/strong> K\u00f6vesdi<\/br><\/p>\n","protected":false},"excerpt":{"rendered":"<p>1849, \u2020 Nagy\u00f6lyves, 1916. dec. 8.: l\u00e9vita-igzgat\u00f3 tan\u00edt\u00f3 Nagy\u00f6lyvesen (1872\u20131916) Irod.: K\u00f6vesdi<\/p>\n","protected":false},"featured_media":0,"comment_status":"open","ping_status":"closed","template":"","meta":[],"product_brand":[],"product_cat":[137],"product_tag":[],"class_list":{"0":"post-20439","1":"product","2":"type-product","3":"status-publish","5":"product_cat-maros-megyei-eletrajzi-lexikon","7":"first","8":"instock","9":"shipping-taxable","10":"product-type-simple"},"_links":{"self":[{"href":"https:\/\/uj.adatbank.ro\/lexikon\/wp-json\/wp\/v2\/product\/20439","targetHints":{"allow":["GET"]}}],"collection":[{"href":"https:\/\/uj.adatbank.ro\/lexikon\/wp-json\/wp\/v2\/product"}],"about":[{"href":"https:\/\/uj.adatbank.ro\/lexikon\/wp-json\/wp\/v2\/types\/product"}],"replies":[{"embeddable":true,"href":"https:\/\/uj.adatbank.ro\/lexikon\/wp-json\/wp\/v2\/comments?post=20439"}],"wp:attachment":[{"href":"https:\/\/uj.adatbank.ro\/lexikon\/wp-json\/wp\/v2\/media?parent=20439"}],"wp:term":[{"taxonomy":"product_brand","embeddable":true,"href":"https:\/\/uj.adatbank.ro\/lexikon\/wp-json\/wp\/v2\/product_brand?post=20439"},{"taxonomy":"product_cat","embeddable":true,"href":"https:\/\/uj.adatbank.ro\/lexikon\/wp-json\/wp\/v2\/product_cat?post=20439"},{"taxonomy":"product_tag","embeddable":true,"href":"https:\/\/uj.adatbank.ro\/lexikon\/wp-json\/wp\/v2\/product_tag?post=20439"}],"curies":[{"name":"wp","href":"https:\/\/api.w.org\/{rel}","templated":true}]}}