{"id":2044,"date":"2025-06-28T12:02:04","date_gmt":"2025-06-28T10:02:04","guid":{"rendered":"https:\/\/uj.adatbank.ro\/lexikon\/termek\/balintitt-gyorgy-balintitth-gyorgy-kortvelyfaji-tovisi-br\/"},"modified":"2025-06-28T12:02:04","modified_gmt":"2025-06-28T10:02:04","slug":"balintitt-gyorgy-balintitth-gyorgy-kortvelyfaji-tovisi-br","status":"publish","type":"product","link":"https:\/\/uj.adatbank.ro\/lexikon\/termek\/balintitt-gyorgy-balintitth-gyorgy-kortvelyfaji-tovisi-br\/","title":{"rendered":"B\u00c1LINTITT Gy\u00f6rgy, B\u00e1lintitth Gy\u00f6rgy, k\u00f6rtv\u00e9lyf\u00e1ji, t\u00f6visi br"},"content":{"rendered":"<p>? \u2020 ? : f\u00f6ldbirtokos. \u2013 K\u00f6rtv\u00e9lyf\u00e1ji udvar\u00e1ban l\u00e9v\u0151 k\u00e1poln\u00e1ja jav\u00e1ra a jezsuit\u00e1k b\u00facs\u00fat szerveztek (1712). <br \/><strong>Irod.:<\/strong> L\u00e9sty\u00e1n \u2013 templomok 1.; Tr\u00f3cs\u00e1nyi 1988<\/br><\/p>\n","protected":false},"excerpt":{"rendered":"<p>? \u2020 ? : f\u00f6ldbirtokos. \u2013 K\u00f6rtv\u00e9lyf\u00e1ji udvar\u00e1ban l\u00e9v\u0151 k\u00e1poln\u00e1ja jav\u00e1ra a jezsuit\u00e1k b\u00facs\u00fat szerveztek (1712). Irod.: L\u00e9sty\u00e1n \u2013 templomok 1.; Tr\u00f3cs\u00e1nyi 1988<\/p>\n","protected":false},"featured_media":0,"comment_status":"open","ping_status":"closed","template":"","meta":[],"product_brand":[],"product_cat":[137],"product_tag":[],"class_list":{"0":"post-2044","1":"product","2":"type-product","3":"status-publish","5":"product_cat-maros-megyei-eletrajzi-lexikon","7":"first","8":"instock","9":"shipping-taxable","10":"product-type-simple"},"_links":{"self":[{"href":"https:\/\/uj.adatbank.ro\/lexikon\/wp-json\/wp\/v2\/product\/2044","targetHints":{"allow":["GET"]}}],"collection":[{"href":"https:\/\/uj.adatbank.ro\/lexikon\/wp-json\/wp\/v2\/product"}],"about":[{"href":"https:\/\/uj.adatbank.ro\/lexikon\/wp-json\/wp\/v2\/types\/product"}],"replies":[{"embeddable":true,"href":"https:\/\/uj.adatbank.ro\/lexikon\/wp-json\/wp\/v2\/comments?post=2044"}],"wp:attachment":[{"href":"https:\/\/uj.adatbank.ro\/lexikon\/wp-json\/wp\/v2\/media?parent=2044"}],"wp:term":[{"taxonomy":"product_brand","embeddable":true,"href":"https:\/\/uj.adatbank.ro\/lexikon\/wp-json\/wp\/v2\/product_brand?post=2044"},{"taxonomy":"product_cat","embeddable":true,"href":"https:\/\/uj.adatbank.ro\/lexikon\/wp-json\/wp\/v2\/product_cat?post=2044"},{"taxonomy":"product_tag","embeddable":true,"href":"https:\/\/uj.adatbank.ro\/lexikon\/wp-json\/wp\/v2\/product_tag?post=2044"}],"curies":[{"name":"wp","href":"https:\/\/api.w.org\/{rel}","templated":true}]}}