{"id":20440,"date":"2025-07-22T18:49:02","date_gmt":"2025-07-22T16:49:02","guid":{"rendered":"https:\/\/uj.adatbank.ro\/lexikon\/termek\/simon-karoly-2\/"},"modified":"2025-07-22T18:49:02","modified_gmt":"2025-07-22T16:49:02","slug":"simon-karoly-2","status":"publish","type":"product","link":"https:\/\/uj.adatbank.ro\/lexikon\/termek\/simon-karoly-2\/","title":{"rendered":"SIMON K\u00e1roly"},"content":{"rendered":"<p>Mv., 1913. jan. 3., \u2020 Kv., 1998. jan.: tan\u00e1r. \u2013 \u00c9retts\u00e9gizett a mv.-i Ref. Koll.-ban (1932). A kv.-i Ferdinand TE filoz\u00f3fia-szociol\u00f3gia, rom\u00e1n nyelv szak\u00e1n tan\u00e1ri oklevelet (1937), a szegedi Orsz\u00e1gos Tan\u00edt\u00f3k\u00e9pz\u0151 Int\u00e9zetben tan\u00e1ri bizony\u00edtv\u00e1nyt szerzett (1942), a Bp. Orsz\u00e1gos Lev\u00e9lt\u00e1rban f\u0151lev\u00e9lt\u00e1rnoki szakk\u00e9pes\u00edt\u00e9st nyert (1942\u201343). Kv.-on b\u00f6lcs\u00e9sz-nevel\u00e9s- \u00e9s t\u00e1rsadalomtudom\u00e1nyi doktori oklevelet nyert (1945). A kv.-i Ref. Koll. filoz\u00f3fia, rom\u00e1n, jog tan\u00e1ra (1937. szept.1. \u2013 1941. dec. 20.); filoz\u00f3fia, jog \u00f3raad\u00f3 tan\u00e1r a Kv.-i unit. koll.-ban (1938. szept. 1. \u2013 1940. szept. 1.); Kolozs v\u00e1rmegye f\u0151lev\u00e9lt\u00e1rnoka (1941. dec. 20. \u2013 1946); a tan\u00edt\u00f3k\u00e9pz\u0151 igazgat\u00f3ja (1946\u201351); a gy\u00f3gypedag\u00f3giai iskola tan\u00e1ra (1951\u201375). Magyarra ford\u00edtotta \u00e9s alkalmazta a buk.-i egyetem l\u00e9lektani laborat\u00f3riuma kiad\u00e1s\u00e1ban megjelent \u00f6sszes l\u00e9lektani k\u00e9rd\u0151\u00edvet \u00e9s tesztet, ezeket haszn\u00e1lt\u00e1k az \u00f6sszes magyar tannyelv\u0171 iskol\u00e1ban a tanul\u00f3k egy\u00e9nis\u00e9gvizsg\u00e1lat\u00e1n\u00e1l. Nevel\u00e9sl\u00e9lektani, t\u00e1rsadalomtudom\u00e1nyi \u00edr\u00e1sai, cikkei, tanulm\u00e1nyai: az Erd\u00e9lyi Fiatalok, Keleti \u00dajs\u00e1g, Ellenz\u00e9k, Protest\u00e1ns Tan\u00fcgyi Szeml\u00e9ben. Az EME, a M. Pszichol\u00f3giai T\u00e1rsas\u00e1g, az Orsz\u00e1gos K\u00f6z\u00e9piskolai Tan\u00e1rok Egyes\u00fclet\u00e9nek tagja. \u2013 <strong><strong>F. m.<\/strong><\/strong>: A tehets\u00e9g \u00e9s a kiv\u00e1laszt\u00e1s\u00e1nak m\u00f3dszere (Kv., 1945); <strong>t\u00e1rssz.:<\/strong> Hogyan tan\u00edtsunk (Kv., 1962); Olvas\u00f3k\u00f6nyv a magyar tannyelv\u0171 s\u00fcketn\u00e9ma iskol\u00e1k IV. oszt\u00e1lya r\u00e9sz\u00e9re (Hal\u00e1szn\u00e9 M\u00f3zes Margittal, Buk, 1960). <br \/><strong>Irod.:<\/strong> KKACs; RMIL.<\/br><\/p>\n","protected":false},"excerpt":{"rendered":"<p>Mv., 1913. jan. 3., \u2020 Kv., 1998. jan.: tan\u00e1r. \u2013 \u00c9retts\u00e9gizett a mv.-i Ref. Koll.-ban (1932). A kv.-i Ferdinand TE filoz\u00f3fia-szociol\u00f3gia, rom\u00e1n nyelv szak\u00e1n tan\u00e1ri oklevelet (1937), a szegedi Orsz\u00e1gos Tan\u00edt\u00f3k\u00e9pz\u0151 Int\u00e9zetben tan\u00e1ri bizony\u00edtv\u00e1nyt szerzett (1942), a Bp. Orsz\u00e1gos Lev\u00e9lt\u00e1rban f\u0151lev\u00e9lt\u00e1rnoki szakk\u00e9pes\u00edt\u00e9st nyert (1942\u201343). Kv.-on b\u00f6lcs\u00e9sz-nevel\u00e9s- \u00e9s t\u00e1rsadalomtudom\u00e1nyi doktori oklevelet nyert (1945). A kv.-i Ref. [&hellip;]<\/p>\n","protected":false},"featured_media":0,"comment_status":"open","ping_status":"closed","template":"","meta":[],"product_brand":[],"product_cat":[137],"product_tag":[],"class_list":{"0":"post-20440","1":"product","2":"type-product","3":"status-publish","5":"product_cat-maros-megyei-eletrajzi-lexikon","7":"first","8":"instock","9":"shipping-taxable","10":"product-type-simple"},"_links":{"self":[{"href":"https:\/\/uj.adatbank.ro\/lexikon\/wp-json\/wp\/v2\/product\/20440","targetHints":{"allow":["GET"]}}],"collection":[{"href":"https:\/\/uj.adatbank.ro\/lexikon\/wp-json\/wp\/v2\/product"}],"about":[{"href":"https:\/\/uj.adatbank.ro\/lexikon\/wp-json\/wp\/v2\/types\/product"}],"replies":[{"embeddable":true,"href":"https:\/\/uj.adatbank.ro\/lexikon\/wp-json\/wp\/v2\/comments?post=20440"}],"wp:attachment":[{"href":"https:\/\/uj.adatbank.ro\/lexikon\/wp-json\/wp\/v2\/media?parent=20440"}],"wp:term":[{"taxonomy":"product_brand","embeddable":true,"href":"https:\/\/uj.adatbank.ro\/lexikon\/wp-json\/wp\/v2\/product_brand?post=20440"},{"taxonomy":"product_cat","embeddable":true,"href":"https:\/\/uj.adatbank.ro\/lexikon\/wp-json\/wp\/v2\/product_cat?post=20440"},{"taxonomy":"product_tag","embeddable":true,"href":"https:\/\/uj.adatbank.ro\/lexikon\/wp-json\/wp\/v2\/product_tag?post=20440"}],"curies":[{"name":"wp","href":"https:\/\/api.w.org\/{rel}","templated":true}]}}