{"id":20442,"date":"2025-07-22T18:49:05","date_gmt":"2025-07-22T16:49:05","guid":{"rendered":"https:\/\/uj.adatbank.ro\/lexikon\/termek\/simon-laszlo\/"},"modified":"2025-07-22T18:49:05","modified_gmt":"2025-07-22T16:49:05","slug":"simon-laszlo","status":"publish","type":"product","link":"https:\/\/uj.adatbank.ro\/lexikon\/termek\/simon-laszlo\/","title":{"rendered":"SIMON L\u00e1szl\u00f3"},"content":{"rendered":"<p>? \u2020?: orgona\u00e9p\u00edt\u0151. \u2013 A kv.-i orgona\u00e9p\u00edt\u0151 K\u00fck\u00fcll\u0151sz\u00e9plakon a ref. templomba \u00e9p\u00edtett orgon\u00e1t (1900), \u00fagyszint\u00e9n Kiskenden (1906), Medgyesen (1908), Nagymedv\u00e9sen (1912\u201313) is. Orgon\u00e1kat is jav\u00edtott Kiskenden (1925), Mikefalv\u00e1n (1925) \u00e9s Magyarkir\u00e1lyfalv\u00e1n (1926). <br \/><strong>Irod.:<\/strong> K\u00fck\u00fcll\u0151i Ref. Egyh\u00e1zm. 3., 4.<\/br><\/p>\n","protected":false},"excerpt":{"rendered":"<p>? \u2020?: orgona\u00e9p\u00edt\u0151. \u2013 A kv.-i orgona\u00e9p\u00edt\u0151 K\u00fck\u00fcll\u0151sz\u00e9plakon a ref. templomba \u00e9p\u00edtett orgon\u00e1t (1900), \u00fagyszint\u00e9n Kiskenden (1906), Medgyesen (1908), Nagymedv\u00e9sen (1912\u201313) is. Orgon\u00e1kat is jav\u00edtott Kiskenden (1925), Mikefalv\u00e1n (1925) \u00e9s Magyarkir\u00e1lyfalv\u00e1n (1926). Irod.: K\u00fck\u00fcll\u0151i Ref. Egyh\u00e1zm. 3., 4.<\/p>\n","protected":false},"featured_media":0,"comment_status":"open","ping_status":"closed","template":"","meta":[],"product_brand":[],"product_cat":[137],"product_tag":[],"class_list":{"0":"post-20442","1":"product","2":"type-product","3":"status-publish","5":"product_cat-maros-megyei-eletrajzi-lexikon","7":"first","8":"instock","9":"shipping-taxable","10":"product-type-simple"},"_links":{"self":[{"href":"https:\/\/uj.adatbank.ro\/lexikon\/wp-json\/wp\/v2\/product\/20442","targetHints":{"allow":["GET"]}}],"collection":[{"href":"https:\/\/uj.adatbank.ro\/lexikon\/wp-json\/wp\/v2\/product"}],"about":[{"href":"https:\/\/uj.adatbank.ro\/lexikon\/wp-json\/wp\/v2\/types\/product"}],"replies":[{"embeddable":true,"href":"https:\/\/uj.adatbank.ro\/lexikon\/wp-json\/wp\/v2\/comments?post=20442"}],"wp:attachment":[{"href":"https:\/\/uj.adatbank.ro\/lexikon\/wp-json\/wp\/v2\/media?parent=20442"}],"wp:term":[{"taxonomy":"product_brand","embeddable":true,"href":"https:\/\/uj.adatbank.ro\/lexikon\/wp-json\/wp\/v2\/product_brand?post=20442"},{"taxonomy":"product_cat","embeddable":true,"href":"https:\/\/uj.adatbank.ro\/lexikon\/wp-json\/wp\/v2\/product_cat?post=20442"},{"taxonomy":"product_tag","embeddable":true,"href":"https:\/\/uj.adatbank.ro\/lexikon\/wp-json\/wp\/v2\/product_tag?post=20442"}],"curies":[{"name":"wp","href":"https:\/\/api.w.org\/{rel}","templated":true}]}}