{"id":20443,"date":"2025-07-22T18:49:08","date_gmt":"2025-07-22T16:49:08","guid":{"rendered":"https:\/\/uj.adatbank.ro\/lexikon\/termek\/simon-laszlo-2\/"},"modified":"2025-07-22T18:49:08","modified_gmt":"2025-07-22T16:49:08","slug":"simon-laszlo-2","status":"publish","type":"product","link":"https:\/\/uj.adatbank.ro\/lexikon\/termek\/simon-laszlo-2\/","title":{"rendered":"SIMON L\u00e1szl\u00f3"},"content":{"rendered":"<p>Mv., 1900., \u2020?: tisztvisel\u0151, karnagy. \u2013 Apja vas\u00fati tisztvisel\u0151 volt. K\u00f6z\u00e9piskol\u00e1t, tan\u00edt\u00f3k\u00e9pz\u0151t \u00e9s pedag\u00f3giai kurzusokat v\u00e9gzett. A dics\u0151szentm\u00e1rtoni kat. templom karnagya (1920\u201323), majd tisztvisel\u0151 a nitrog\u00e9ngy\u00e1rban \u00e9s a Cecilia Dalk\u00f6r karnagya volt. A magyar dalkult\u00fara fejleszt\u00e9se k\u00f6r\u00fcl jelent\u0151s \u00e9rdemeket szerzett. A Nitrog\u00e9n Sportklub f\u0151titk\u00e1ra, a MP, a helybeli kaszin\u00f3 tagja volt. Az Ellenz\u00e9k \u00e9s a Maros c. lapok tud\u00f3s\u00edt\u00f3ja volt. <br \/><strong>Irod.:<\/strong> Ki kicsoda?<\/br><\/p>\n","protected":false},"excerpt":{"rendered":"<p>Mv., 1900., \u2020?: tisztvisel\u0151, karnagy. \u2013 Apja vas\u00fati tisztvisel\u0151 volt. K\u00f6z\u00e9piskol\u00e1t, tan\u00edt\u00f3k\u00e9pz\u0151t \u00e9s pedag\u00f3giai kurzusokat v\u00e9gzett. A dics\u0151szentm\u00e1rtoni kat. templom karnagya (1920\u201323), majd tisztvisel\u0151 a nitrog\u00e9ngy\u00e1rban \u00e9s a Cecilia Dalk\u00f6r karnagya volt. A magyar dalkult\u00fara fejleszt\u00e9se k\u00f6r\u00fcl jelent\u0151s \u00e9rdemeket szerzett. A Nitrog\u00e9n Sportklub f\u0151titk\u00e1ra, a MP, a helybeli kaszin\u00f3 tagja volt. Az Ellenz\u00e9k \u00e9s a [&hellip;]<\/p>\n","protected":false},"featured_media":0,"comment_status":"open","ping_status":"closed","template":"","meta":[],"product_brand":[],"product_cat":[137],"product_tag":[],"class_list":{"0":"post-20443","1":"product","2":"type-product","3":"status-publish","5":"product_cat-maros-megyei-eletrajzi-lexikon","7":"first","8":"instock","9":"shipping-taxable","10":"product-type-simple"},"_links":{"self":[{"href":"https:\/\/uj.adatbank.ro\/lexikon\/wp-json\/wp\/v2\/product\/20443","targetHints":{"allow":["GET"]}}],"collection":[{"href":"https:\/\/uj.adatbank.ro\/lexikon\/wp-json\/wp\/v2\/product"}],"about":[{"href":"https:\/\/uj.adatbank.ro\/lexikon\/wp-json\/wp\/v2\/types\/product"}],"replies":[{"embeddable":true,"href":"https:\/\/uj.adatbank.ro\/lexikon\/wp-json\/wp\/v2\/comments?post=20443"}],"wp:attachment":[{"href":"https:\/\/uj.adatbank.ro\/lexikon\/wp-json\/wp\/v2\/media?parent=20443"}],"wp:term":[{"taxonomy":"product_brand","embeddable":true,"href":"https:\/\/uj.adatbank.ro\/lexikon\/wp-json\/wp\/v2\/product_brand?post=20443"},{"taxonomy":"product_cat","embeddable":true,"href":"https:\/\/uj.adatbank.ro\/lexikon\/wp-json\/wp\/v2\/product_cat?post=20443"},{"taxonomy":"product_tag","embeddable":true,"href":"https:\/\/uj.adatbank.ro\/lexikon\/wp-json\/wp\/v2\/product_tag?post=20443"}],"curies":[{"name":"wp","href":"https:\/\/api.w.org\/{rel}","templated":true}]}}