{"id":20444,"date":"2025-07-22T18:49:10","date_gmt":"2025-07-22T16:49:10","guid":{"rendered":"https:\/\/uj.adatbank.ro\/lexikon\/termek\/simon-laszlo-3\/"},"modified":"2025-07-22T18:49:10","modified_gmt":"2025-07-22T16:49:10","slug":"simon-laszlo-3","status":"publish","type":"product","link":"https:\/\/uj.adatbank.ro\/lexikon\/termek\/simon-laszlo-3\/","title":{"rendered":"SIMON L\u00e1szl\u00f3"},"content":{"rendered":"<p>1903., \u2020?: tisztvisel\u0151. \u2013 K\u00f6z\u00e9piskol\u00e1it \u00e9s a kereskedelmi akad\u00e9mi\u00e1t Kv.-on v\u00e9gezte. Mag\u00e1ntisztvisel\u0151 volt D\u00e9dabisztr\u00e1n. <br \/><strong>Irod.:<\/strong> Sz\u00e9kelyf\u00f6ld \u00ed. k.<\/br><\/p>\n","protected":false},"excerpt":{"rendered":"<p>1903., \u2020?: tisztvisel\u0151. \u2013 K\u00f6z\u00e9piskol\u00e1it \u00e9s a kereskedelmi akad\u00e9mi\u00e1t Kv.-on v\u00e9gezte. Mag\u00e1ntisztvisel\u0151 volt D\u00e9dabisztr\u00e1n. Irod.: Sz\u00e9kelyf\u00f6ld \u00ed. k.<\/p>\n","protected":false},"featured_media":0,"comment_status":"open","ping_status":"closed","template":"","meta":[],"product_brand":[],"product_cat":[137],"product_tag":[],"class_list":{"0":"post-20444","1":"product","2":"type-product","3":"status-publish","5":"product_cat-maros-megyei-eletrajzi-lexikon","7":"first","8":"instock","9":"shipping-taxable","10":"product-type-simple"},"_links":{"self":[{"href":"https:\/\/uj.adatbank.ro\/lexikon\/wp-json\/wp\/v2\/product\/20444","targetHints":{"allow":["GET"]}}],"collection":[{"href":"https:\/\/uj.adatbank.ro\/lexikon\/wp-json\/wp\/v2\/product"}],"about":[{"href":"https:\/\/uj.adatbank.ro\/lexikon\/wp-json\/wp\/v2\/types\/product"}],"replies":[{"embeddable":true,"href":"https:\/\/uj.adatbank.ro\/lexikon\/wp-json\/wp\/v2\/comments?post=20444"}],"wp:attachment":[{"href":"https:\/\/uj.adatbank.ro\/lexikon\/wp-json\/wp\/v2\/media?parent=20444"}],"wp:term":[{"taxonomy":"product_brand","embeddable":true,"href":"https:\/\/uj.adatbank.ro\/lexikon\/wp-json\/wp\/v2\/product_brand?post=20444"},{"taxonomy":"product_cat","embeddable":true,"href":"https:\/\/uj.adatbank.ro\/lexikon\/wp-json\/wp\/v2\/product_cat?post=20444"},{"taxonomy":"product_tag","embeddable":true,"href":"https:\/\/uj.adatbank.ro\/lexikon\/wp-json\/wp\/v2\/product_tag?post=20444"}],"curies":[{"name":"wp","href":"https:\/\/api.w.org\/{rel}","templated":true}]}}