{"id":20445,"date":"2025-07-22T18:49:11","date_gmt":"2025-07-22T16:49:11","guid":{"rendered":"https:\/\/uj.adatbank.ro\/lexikon\/termek\/simon-laszlo-4\/"},"modified":"2025-07-22T18:49:11","modified_gmt":"2025-07-22T16:49:11","slug":"simon-laszlo-4","status":"publish","type":"product","link":"https:\/\/uj.adatbank.ro\/lexikon\/termek\/simon-laszlo-4\/","title":{"rendered":"SIMON L\u00e1szl\u00f3"},"content":{"rendered":"<p>? \u2020?: orvos. \u2013 A MOGYI munkat\u00e1rsa a Gy\u00f3gyszer\u00e9szeti Tansz\u00e9ken, fizika-k\u00e9mia szakon (1954\u201356). F\u0151orvos Szov\u00e1t\u00e1n, a gy\u00f3gyf\u00fcrd\u0151 helyettes igazgat\u00f3ja. <br \/><strong>Irod.:<\/strong> Facultatea de Farmacie; Genersich; Korszer\u0171 gy\u00f3gysz\u00e1ll\u00f3 Szov\u00e1t\u00e1n (\u00daj \u00c9let, 1975, 3. sz.); Mv.-i Gy\u00f3gyszer\u00e9szeti Kar.<\/br><\/p>\n","protected":false},"excerpt":{"rendered":"<p>? \u2020?: orvos. \u2013 A MOGYI munkat\u00e1rsa a Gy\u00f3gyszer\u00e9szeti Tansz\u00e9ken, fizika-k\u00e9mia szakon (1954\u201356). F\u0151orvos Szov\u00e1t\u00e1n, a gy\u00f3gyf\u00fcrd\u0151 helyettes igazgat\u00f3ja. Irod.: Facultatea de Farmacie; Genersich; Korszer\u0171 gy\u00f3gysz\u00e1ll\u00f3 Szov\u00e1t\u00e1n (\u00daj \u00c9let, 1975, 3. sz.); Mv.-i Gy\u00f3gyszer\u00e9szeti Kar.<\/p>\n","protected":false},"featured_media":0,"comment_status":"open","ping_status":"closed","template":"","meta":[],"product_brand":[],"product_cat":[137],"product_tag":[],"class_list":{"0":"post-20445","1":"product","2":"type-product","3":"status-publish","5":"product_cat-maros-megyei-eletrajzi-lexikon","7":"first","8":"instock","9":"shipping-taxable","10":"product-type-simple"},"_links":{"self":[{"href":"https:\/\/uj.adatbank.ro\/lexikon\/wp-json\/wp\/v2\/product\/20445","targetHints":{"allow":["GET"]}}],"collection":[{"href":"https:\/\/uj.adatbank.ro\/lexikon\/wp-json\/wp\/v2\/product"}],"about":[{"href":"https:\/\/uj.adatbank.ro\/lexikon\/wp-json\/wp\/v2\/types\/product"}],"replies":[{"embeddable":true,"href":"https:\/\/uj.adatbank.ro\/lexikon\/wp-json\/wp\/v2\/comments?post=20445"}],"wp:attachment":[{"href":"https:\/\/uj.adatbank.ro\/lexikon\/wp-json\/wp\/v2\/media?parent=20445"}],"wp:term":[{"taxonomy":"product_brand","embeddable":true,"href":"https:\/\/uj.adatbank.ro\/lexikon\/wp-json\/wp\/v2\/product_brand?post=20445"},{"taxonomy":"product_cat","embeddable":true,"href":"https:\/\/uj.adatbank.ro\/lexikon\/wp-json\/wp\/v2\/product_cat?post=20445"},{"taxonomy":"product_tag","embeddable":true,"href":"https:\/\/uj.adatbank.ro\/lexikon\/wp-json\/wp\/v2\/product_tag?post=20445"}],"curies":[{"name":"wp","href":"https:\/\/api.w.org\/{rel}","templated":true}]}}