{"id":20446,"date":"2025-07-22T18:49:13","date_gmt":"2025-07-22T16:49:13","guid":{"rendered":"https:\/\/uj.adatbank.ro\/lexikon\/termek\/simon-laszlo-vasile\/"},"modified":"2025-07-22T18:49:13","modified_gmt":"2025-07-22T16:49:13","slug":"simon-laszlo-vasile","status":"publish","type":"product","link":"https:\/\/uj.adatbank.ro\/lexikon\/termek\/simon-laszlo-vasile\/","title":{"rendered":"SIMON, L\u00e1szl\u00f3; Vasile"},"content":{"rendered":"<p>K\u00e1sva, 1911., \u2020?: tan\u00edt\u00f3. \u2013 Tan\u00edtott Als\u00f3b\u00f6lk\u00e9ny, K\u00e1sva, Fels\u0151oroszi, Szov\u00e1ta, Ol\u00e1hkocs\u00e1rd, Magyarb\u00fckk\u00f6s k\u00f6zs\u00e9gekben, valamint Sz\u00e1szr\u00e9genben. <br \/><strong>Irod.:<\/strong> Omagiu.<\/br><\/p>\n","protected":false},"excerpt":{"rendered":"<p>K\u00e1sva, 1911., \u2020?: tan\u00edt\u00f3. \u2013 Tan\u00edtott Als\u00f3b\u00f6lk\u00e9ny, K\u00e1sva, Fels\u0151oroszi, Szov\u00e1ta, Ol\u00e1hkocs\u00e1rd, Magyarb\u00fckk\u00f6s k\u00f6zs\u00e9gekben, valamint Sz\u00e1szr\u00e9genben. Irod.: Omagiu.<\/p>\n","protected":false},"featured_media":0,"comment_status":"open","ping_status":"closed","template":"","meta":[],"product_brand":[],"product_cat":[137],"product_tag":[],"class_list":{"0":"post-20446","1":"product","2":"type-product","3":"status-publish","5":"product_cat-maros-megyei-eletrajzi-lexikon","7":"first","8":"instock","9":"shipping-taxable","10":"product-type-simple"},"_links":{"self":[{"href":"https:\/\/uj.adatbank.ro\/lexikon\/wp-json\/wp\/v2\/product\/20446","targetHints":{"allow":["GET"]}}],"collection":[{"href":"https:\/\/uj.adatbank.ro\/lexikon\/wp-json\/wp\/v2\/product"}],"about":[{"href":"https:\/\/uj.adatbank.ro\/lexikon\/wp-json\/wp\/v2\/types\/product"}],"replies":[{"embeddable":true,"href":"https:\/\/uj.adatbank.ro\/lexikon\/wp-json\/wp\/v2\/comments?post=20446"}],"wp:attachment":[{"href":"https:\/\/uj.adatbank.ro\/lexikon\/wp-json\/wp\/v2\/media?parent=20446"}],"wp:term":[{"taxonomy":"product_brand","embeddable":true,"href":"https:\/\/uj.adatbank.ro\/lexikon\/wp-json\/wp\/v2\/product_brand?post=20446"},{"taxonomy":"product_cat","embeddable":true,"href":"https:\/\/uj.adatbank.ro\/lexikon\/wp-json\/wp\/v2\/product_cat?post=20446"},{"taxonomy":"product_tag","embeddable":true,"href":"https:\/\/uj.adatbank.ro\/lexikon\/wp-json\/wp\/v2\/product_tag?post=20446"}],"curies":[{"name":"wp","href":"https:\/\/api.w.org\/{rel}","templated":true}]}}