{"id":20447,"date":"2025-07-22T18:49:14","date_gmt":"2025-07-22T16:49:14","guid":{"rendered":"https:\/\/uj.adatbank.ro\/lexikon\/termek\/simon-laszo-%c2%a7\/"},"modified":"2025-07-22T18:49:14","modified_gmt":"2025-07-22T16:49:14","slug":"simon-laszo-%c2%a7","status":"publish","type":"product","link":"https:\/\/uj.adatbank.ro\/lexikon\/termek\/simon-laszo-%c2%a7\/","title":{"rendered":"SIMON L\u00e1sz\u00f3, \u00a7"},"content":{"rendered":"<p>Mv., 1951. szept. 25., \u2020 Mv., 2005. m\u00e1j. 12.: birk\u00f3z\u00f3, szersz\u00e1mlakatos. \u2013 Matricak\u00e9sz\u00edt\u0151 \u00e9s szersz\u00e1mlakatos szakmunk\u00e1svizsg\u00e1t tett, majd testnevel\u00e9si f\u0151iskol\u00e1t v\u00e9gzett. A teljes\u00edtm\u00e9nysportot \u00fasz\u00f3k\u00e9nt kezdte (1963), edz\u0151je dr. Rettegi K\u00e1roly volt. V\u00edzilabd\u00e1zott, leigazolt sportol\u00f3k\u00e9nt j\u00e1tszott a mv.-i ifj\u00fas\u00e1gi csapatban (1965\u2013). A Maros Sportegyes\u00fcletben kezdte a szabadfog\u00e1s\u00fa birk\u00f3z\u00e1st tanulni, ahol Gy\u00f6rgy Istv\u00e1n fedezte fel \u00e9s edzette (1966\u2013). \u00c9lete els\u0151 birk\u00f3z\u00f3 diadal\u00e1n megnyerte, f\u00e9lneh\u00e9zs\u00falyban, a MMAT bajnoks\u00e1g\u00e1t (1966). K\u00f6t\u00f6ttfog\u00e1sban az orsz\u00e1gos ifj\u00fas\u00e1gi bajnoks\u00e1gon nyert (1967). Sorozatban gy\u0151z\u00f6tt a hazai szabadfog\u00e1s\u00fa versenyeken, n\u00e9gyszer kapta meg az ifj\u00fas\u00e1gi orsz\u00e1gos bajnoki c\u00edmet. Megnyerte a feln\u0151ttek k\u00f6z\u00f6tt az orsz\u00e1gos bajnoks\u00e1got a szuperneh\u00e9zs\u00falyban (1972). A mv.-i Mure\u015f S. E. birk\u00f3z\u00f3ja (1969\u201380), edz\u0151i G\u00e1ll Vilmos, Gy\u00f6rgy Istv\u00e1n, Ball\u00f3 Ferenc. T\u00f6bb orsz\u00e1gos bajnoks\u00e1got nyert szabadfog\u00e1s\u00fa birk\u00f3z\u00e1sban (1966\u201379). Bronz\u00e9rmes az ir\u00e1ni, teher\u00e1ni VB-n (1973), a sv\u00e1jci, Lausanne-i EB-n 6. (1973), legjelent\u0151sebb siker\u00e9t aratta az isztambuli szabadfog\u00e1s\u00fa VB-n, ahol vil\u00e1gbajnok lett a szuperneh\u00e9zs\u00falyban (1974), a madridi EB-n 2. (1974), a ludwigshafeni EB-n 3. (1975), a montreali olimpi\u00e1n 3. (1976); a leningr\u00e1di EB-n Eur\u00f3pa bajnok (1976); a bursai EB-n 5. (1977); a sz\u00f3fiai Universiad\u00e9n 3. (1977); a sz\u00f3fiai EB-n 6. (1978). Edz\u0151 lett, a mv.-i Maros Sportklubban (1979\u2013). \u00c9rdemes sportmester, \u00e9rdemes edz\u0151. Maros megy\u00e9ben az \u00e9v sportol\u00f3ja (1975); a Sport \u00e9rdemrend I. Fokozata (2004). Az arra \u00e9rdemes birk\u00f3z\u00f3 edz\u0151k egyike, akik tisztelet\u00e9re \u00e9vente az edz\u0151k eml\u00e9kverseny\u00e9t rendezi meg a mv.-i Mure\u015ful SK a Megyei Sport- \u00e9s Ifj\u00fas\u00e1gi Igazgat\u00f3s\u00e1ggal k\u00f6z\u00f6sen. A mv.-i sportcsarnok Simon L\u00e1szl\u00f3 nev\u00e9t viseli. <br \/><strong>Irod.:<\/strong> C.l. (2006. m\u00e1j. 30); EMKK 2000; Forr\u00f3 Albert: Sz\u00e9kelyek a ny\u00e1ri olimpiai j\u00e1t\u00e9kokon (\u00d6r\u00f6ks\u00e9g\u00fcnk, 2012, 2. sz.,); KKACs; Kl\u00f3sz\u2013Tolok\u00e1n; In memoriam S. L. (N\u00fa., 2010. m\u00e1j. 17.); N\u00fa. (2005. m\u00e1j. 16; 2006. m\u00e1j. 16.); Sz\u0151nyeg-sors = R\u00e1d; S. L. vil\u00e1gbajnok (V. Z., 1974. szept.3.); Sz\u00e1sz K\u00e1roly: S. L., a szuperneh\u00e9zs\u00faly\u00fa vil\u00e1gbajnok (N\u00fa., 1997. m\u00e1rc. 11.; 1997. m\u00e1rc. 25.); Todea 2013; Tompa Z. Mih\u00e1ly: S. L. (V. Z., 1985. febr. 12.).<\/br><\/p>\n","protected":false},"excerpt":{"rendered":"<p>Mv., 1951. szept. 25., \u2020 Mv., 2005. m\u00e1j. 12.: birk\u00f3z\u00f3, szersz\u00e1mlakatos. \u2013 Matricak\u00e9sz\u00edt\u0151 \u00e9s szersz\u00e1mlakatos szakmunk\u00e1svizsg\u00e1t tett, majd testnevel\u00e9si f\u0151iskol\u00e1t v\u00e9gzett. A teljes\u00edtm\u00e9nysportot \u00fasz\u00f3k\u00e9nt kezdte (1963), edz\u0151je dr. Rettegi K\u00e1roly volt. V\u00edzilabd\u00e1zott, leigazolt sportol\u00f3k\u00e9nt j\u00e1tszott a mv.-i ifj\u00fas\u00e1gi csapatban (1965\u2013). A Maros Sportegyes\u00fcletben kezdte a szabadfog\u00e1s\u00fa birk\u00f3z\u00e1st tanulni, ahol Gy\u00f6rgy Istv\u00e1n fedezte fel \u00e9s edzette [&hellip;]<\/p>\n","protected":false},"featured_media":0,"comment_status":"open","ping_status":"closed","template":"","meta":[],"product_brand":[],"product_cat":[137],"product_tag":[],"class_list":{"0":"post-20447","1":"product","2":"type-product","3":"status-publish","5":"product_cat-maros-megyei-eletrajzi-lexikon","7":"first","8":"instock","9":"shipping-taxable","10":"product-type-simple"},"_links":{"self":[{"href":"https:\/\/uj.adatbank.ro\/lexikon\/wp-json\/wp\/v2\/product\/20447","targetHints":{"allow":["GET"]}}],"collection":[{"href":"https:\/\/uj.adatbank.ro\/lexikon\/wp-json\/wp\/v2\/product"}],"about":[{"href":"https:\/\/uj.adatbank.ro\/lexikon\/wp-json\/wp\/v2\/types\/product"}],"replies":[{"embeddable":true,"href":"https:\/\/uj.adatbank.ro\/lexikon\/wp-json\/wp\/v2\/comments?post=20447"}],"wp:attachment":[{"href":"https:\/\/uj.adatbank.ro\/lexikon\/wp-json\/wp\/v2\/media?parent=20447"}],"wp:term":[{"taxonomy":"product_brand","embeddable":true,"href":"https:\/\/uj.adatbank.ro\/lexikon\/wp-json\/wp\/v2\/product_brand?post=20447"},{"taxonomy":"product_cat","embeddable":true,"href":"https:\/\/uj.adatbank.ro\/lexikon\/wp-json\/wp\/v2\/product_cat?post=20447"},{"taxonomy":"product_tag","embeddable":true,"href":"https:\/\/uj.adatbank.ro\/lexikon\/wp-json\/wp\/v2\/product_tag?post=20447"}],"curies":[{"name":"wp","href":"https:\/\/api.w.org\/{rel}","templated":true}]}}