{"id":20448,"date":"2025-07-22T18:49:18","date_gmt":"2025-07-22T16:49:18","guid":{"rendered":"https:\/\/uj.adatbank.ro\/lexikon\/termek\/simon-leopold-simon-lipot\/"},"modified":"2025-07-22T18:49:18","modified_gmt":"2025-07-22T16:49:18","slug":"simon-leopold-simon-lipot","status":"publish","type":"product","link":"https:\/\/uj.adatbank.ro\/lexikon\/termek\/simon-leopold-simon-lipot\/","title":{"rendered":"SIMON Leopold, Simon Lip\u00f3t"},"content":{"rendered":"<p>Balla, 1896, \u2020?: orvos. \u2013 A gimn.-ot Mv.-en, az egyetemet Kv.-on \u00e9s Bp.-en v\u00e9gezte, praktiz\u00e1l (1919\u2013). A kv.-i ment\u0151egyes\u00fcletn\u00e9l \u00e9s az ortop\u00e9di\u00e1n m\u0171k\u00f6d\u00f6tt. Mv.-en k\u00f6rorvos, dr. R\u00e9szt vett az I. vh.-ban (1915\u201318), a szerb, olasz fronton harcolt, megsebes\u00fclt. Tanulm\u00e1nyi szabads\u00e1got kapott (1918), de m\u00e9g az \u00e9vben a francia frontra vez\u00e9nyelt\u00e9k. Mint orvos-f\u0151hadnagy szerelt le kit\u00fcntet\u00e9ssel: k\u00e9t nagyez., Signum Laudis, Kcsk-je volt. <br \/><strong>Irod.:<\/strong> Erd\u00e9lyi ezredek; Erd\u00e9lyi v\u00e1rmegy\u00e9k.<\/br><\/p>\n","protected":false},"excerpt":{"rendered":"<p>Balla, 1896, \u2020?: orvos. \u2013 A gimn.-ot Mv.-en, az egyetemet Kv.-on \u00e9s Bp.-en v\u00e9gezte, praktiz\u00e1l (1919\u2013). A kv.-i ment\u0151egyes\u00fcletn\u00e9l \u00e9s az ortop\u00e9di\u00e1n m\u0171k\u00f6d\u00f6tt. Mv.-en k\u00f6rorvos, dr. R\u00e9szt vett az I. vh.-ban (1915\u201318), a szerb, olasz fronton harcolt, megsebes\u00fclt. Tanulm\u00e1nyi szabads\u00e1got kapott (1918), de m\u00e9g az \u00e9vben a francia frontra vez\u00e9nyelt\u00e9k. Mint orvos-f\u0151hadnagy szerelt le kit\u00fcntet\u00e9ssel: [&hellip;]<\/p>\n","protected":false},"featured_media":0,"comment_status":"open","ping_status":"closed","template":"","meta":[],"product_brand":[],"product_cat":[137],"product_tag":[],"class_list":{"0":"post-20448","1":"product","2":"type-product","3":"status-publish","5":"product_cat-maros-megyei-eletrajzi-lexikon","7":"first","8":"instock","9":"shipping-taxable","10":"product-type-simple"},"_links":{"self":[{"href":"https:\/\/uj.adatbank.ro\/lexikon\/wp-json\/wp\/v2\/product\/20448","targetHints":{"allow":["GET"]}}],"collection":[{"href":"https:\/\/uj.adatbank.ro\/lexikon\/wp-json\/wp\/v2\/product"}],"about":[{"href":"https:\/\/uj.adatbank.ro\/lexikon\/wp-json\/wp\/v2\/types\/product"}],"replies":[{"embeddable":true,"href":"https:\/\/uj.adatbank.ro\/lexikon\/wp-json\/wp\/v2\/comments?post=20448"}],"wp:attachment":[{"href":"https:\/\/uj.adatbank.ro\/lexikon\/wp-json\/wp\/v2\/media?parent=20448"}],"wp:term":[{"taxonomy":"product_brand","embeddable":true,"href":"https:\/\/uj.adatbank.ro\/lexikon\/wp-json\/wp\/v2\/product_brand?post=20448"},{"taxonomy":"product_cat","embeddable":true,"href":"https:\/\/uj.adatbank.ro\/lexikon\/wp-json\/wp\/v2\/product_cat?post=20448"},{"taxonomy":"product_tag","embeddable":true,"href":"https:\/\/uj.adatbank.ro\/lexikon\/wp-json\/wp\/v2\/product_tag?post=20448"}],"curies":[{"name":"wp","href":"https:\/\/api.w.org\/{rel}","templated":true}]}}