{"id":20449,"date":"2025-07-22T18:49:20","date_gmt":"2025-07-22T16:49:20","guid":{"rendered":"https:\/\/uj.adatbank.ro\/lexikon\/termek\/simon-marton-%c2%a7\/"},"modified":"2025-07-22T18:49:20","modified_gmt":"2025-07-22T16:49:20","slug":"simon-marton-%c2%a7","status":"publish","type":"product","link":"https:\/\/uj.adatbank.ro\/lexikon\/termek\/simon-marton-%c2%a7\/","title":{"rendered":"SIMON M\u00e1rton, \u00a7"},"content":{"rendered":"<p>1874., \u2020?: eln\u00f6k. \u2013 A mv.-i K.K.L. eln\u00f6ke, az erd\u00e9lyi cionist\u00e1k deleg\u00e1tusa az 5. b\u00e1zeli cionista kongresszuson (1901). Mv.-r\u0151l deport\u00e1lt\u00e1k a feles\u00e9g\u00e9vel egy\u00fctt (1944. m\u00e1j. 29). <br \/><strong>Irod.:<\/strong> Mv. zsid\u00f3s\u00e1ga; Sebesty\u00e9n Mih\u00e1ly 2000.<\/br><\/p>\n","protected":false},"excerpt":{"rendered":"<p>1874., \u2020?: eln\u00f6k. \u2013 A mv.-i K.K.L. eln\u00f6ke, az erd\u00e9lyi cionist\u00e1k deleg\u00e1tusa az 5. b\u00e1zeli cionista kongresszuson (1901). Mv.-r\u0151l deport\u00e1lt\u00e1k a feles\u00e9g\u00e9vel egy\u00fctt (1944. m\u00e1j. 29). Irod.: Mv. zsid\u00f3s\u00e1ga; Sebesty\u00e9n Mih\u00e1ly 2000.<\/p>\n","protected":false},"featured_media":0,"comment_status":"open","ping_status":"closed","template":"","meta":[],"product_brand":[],"product_cat":[137],"product_tag":[],"class_list":{"0":"post-20449","1":"product","2":"type-product","3":"status-publish","5":"product_cat-maros-megyei-eletrajzi-lexikon","7":"first","8":"instock","9":"shipping-taxable","10":"product-type-simple"},"_links":{"self":[{"href":"https:\/\/uj.adatbank.ro\/lexikon\/wp-json\/wp\/v2\/product\/20449","targetHints":{"allow":["GET"]}}],"collection":[{"href":"https:\/\/uj.adatbank.ro\/lexikon\/wp-json\/wp\/v2\/product"}],"about":[{"href":"https:\/\/uj.adatbank.ro\/lexikon\/wp-json\/wp\/v2\/types\/product"}],"replies":[{"embeddable":true,"href":"https:\/\/uj.adatbank.ro\/lexikon\/wp-json\/wp\/v2\/comments?post=20449"}],"wp:attachment":[{"href":"https:\/\/uj.adatbank.ro\/lexikon\/wp-json\/wp\/v2\/media?parent=20449"}],"wp:term":[{"taxonomy":"product_brand","embeddable":true,"href":"https:\/\/uj.adatbank.ro\/lexikon\/wp-json\/wp\/v2\/product_brand?post=20449"},{"taxonomy":"product_cat","embeddable":true,"href":"https:\/\/uj.adatbank.ro\/lexikon\/wp-json\/wp\/v2\/product_cat?post=20449"},{"taxonomy":"product_tag","embeddable":true,"href":"https:\/\/uj.adatbank.ro\/lexikon\/wp-json\/wp\/v2\/product_tag?post=20449"}],"curies":[{"name":"wp","href":"https:\/\/api.w.org\/{rel}","templated":true}]}}