{"id":2045,"date":"2025-06-28T12:02:06","date_gmt":"2025-06-28T10:02:06","guid":{"rendered":"https:\/\/uj.adatbank.ro\/lexikon\/termek\/balintitt-gyorgy-balintitth-balintith-tovisi-br\/"},"modified":"2025-06-28T12:02:06","modified_gmt":"2025-06-28T10:02:06","slug":"balintitt-gyorgy-balintitth-balintith-tovisi-br","status":"publish","type":"product","link":"https:\/\/uj.adatbank.ro\/lexikon\/termek\/balintitt-gyorgy-balintitth-balintith-tovisi-br\/","title":{"rendered":"B\u00c1LINTITT Gy\u00f6rgy, B\u00e1lintitth, B\u00e1lintith, t\u00f6visi br"},"content":{"rendered":"<p>? \u2020 ? : Feles\u00e9ge: L\u00e1z\u00e1r Anna gr.-n\u0151. Fi\u00fak: Gy\u00f6rgy, feles\u00e9ge gr. Petki M\u00e1ria. \u2013 Jobb\u00e1gyfalvi otthonukban ferences p\u00e1terek laktak (1781\u201397). <br \/><strong>Irod.:<\/strong> Gy\u00f6rgy: A ferencrendiek<\/br><\/p>\n","protected":false},"excerpt":{"rendered":"<p>? \u2020 ? : Feles\u00e9ge: L\u00e1z\u00e1r Anna gr.-n\u0151. Fi\u00fak: Gy\u00f6rgy, feles\u00e9ge gr. Petki M\u00e1ria. \u2013 Jobb\u00e1gyfalvi otthonukban ferences p\u00e1terek laktak (1781\u201397). Irod.: Gy\u00f6rgy: A ferencrendiek<\/p>\n","protected":false},"featured_media":0,"comment_status":"open","ping_status":"closed","template":"","meta":[],"product_brand":[],"product_cat":[137],"product_tag":[],"class_list":{"0":"post-2045","1":"product","2":"type-product","3":"status-publish","5":"product_cat-maros-megyei-eletrajzi-lexikon","7":"first","8":"instock","9":"shipping-taxable","10":"product-type-simple"},"_links":{"self":[{"href":"https:\/\/uj.adatbank.ro\/lexikon\/wp-json\/wp\/v2\/product\/2045","targetHints":{"allow":["GET"]}}],"collection":[{"href":"https:\/\/uj.adatbank.ro\/lexikon\/wp-json\/wp\/v2\/product"}],"about":[{"href":"https:\/\/uj.adatbank.ro\/lexikon\/wp-json\/wp\/v2\/types\/product"}],"replies":[{"embeddable":true,"href":"https:\/\/uj.adatbank.ro\/lexikon\/wp-json\/wp\/v2\/comments?post=2045"}],"wp:attachment":[{"href":"https:\/\/uj.adatbank.ro\/lexikon\/wp-json\/wp\/v2\/media?parent=2045"}],"wp:term":[{"taxonomy":"product_brand","embeddable":true,"href":"https:\/\/uj.adatbank.ro\/lexikon\/wp-json\/wp\/v2\/product_brand?post=2045"},{"taxonomy":"product_cat","embeddable":true,"href":"https:\/\/uj.adatbank.ro\/lexikon\/wp-json\/wp\/v2\/product_cat?post=2045"},{"taxonomy":"product_tag","embeddable":true,"href":"https:\/\/uj.adatbank.ro\/lexikon\/wp-json\/wp\/v2\/product_tag?post=2045"}],"curies":[{"name":"wp","href":"https:\/\/api.w.org\/{rel}","templated":true}]}}