{"id":20451,"date":"2025-07-22T18:49:23","date_gmt":"2025-07-22T16:49:23","guid":{"rendered":"https:\/\/uj.adatbank.ro\/lexikon\/termek\/simon-mihaly-desfalvi\/"},"modified":"2025-07-22T18:49:23","modified_gmt":"2025-07-22T16:49:23","slug":"simon-mihaly-desfalvi","status":"publish","type":"product","link":"https:\/\/uj.adatbank.ro\/lexikon\/termek\/simon-mihaly-desfalvi\/","title":{"rendered":"SIMON Mih\u00e1ly, d\u00e9sfalvi"},"content":{"rendered":"<p>? \u2020\u00a01723. nov. 28.: korm\u00e1nyz\u00f3i tan\u00e1csos. \u2013 Apja S. Gy\u00f6rgy. \u2013 Korm\u00e1nyz\u00f3i tan\u00e1csos (1722). A d\u00e9sfalvi ekl\u00e9zsi\u00e1nak \u00f3nkann\u00e1t aj\u00e1nd\u00e9kozott (1690). A mv.-i conventiculum kinevezte az egyik f\u0151gondnoknak (1718. \u00e1pr. 8.).Az ogy. tan\u00e1csosnak v\u00e1lasztotta (1713). <br \/><strong>Irod.:<\/strong> K\u00e9nosi\u2013Uzoni 2.; K\u0151v\u00e1ry L\u00e1szl\u00f3 1899.<\/br><\/p>\n","protected":false},"excerpt":{"rendered":"<p>? \u2020\u00a01723. nov. 28.: korm\u00e1nyz\u00f3i tan\u00e1csos. \u2013 Apja S. Gy\u00f6rgy. \u2013 Korm\u00e1nyz\u00f3i tan\u00e1csos (1722). A d\u00e9sfalvi ekl\u00e9zsi\u00e1nak \u00f3nkann\u00e1t aj\u00e1nd\u00e9kozott (1690). A mv.-i conventiculum kinevezte az egyik f\u0151gondnoknak (1718. \u00e1pr. 8.).Az ogy. tan\u00e1csosnak v\u00e1lasztotta (1713). Irod.: K\u00e9nosi\u2013Uzoni 2.; K\u0151v\u00e1ry L\u00e1szl\u00f3 1899.<\/p>\n","protected":false},"featured_media":0,"comment_status":"open","ping_status":"closed","template":"","meta":[],"product_brand":[],"product_cat":[137],"product_tag":[],"class_list":{"0":"post-20451","1":"product","2":"type-product","3":"status-publish","5":"product_cat-maros-megyei-eletrajzi-lexikon","7":"first","8":"instock","9":"shipping-taxable","10":"product-type-simple"},"_links":{"self":[{"href":"https:\/\/uj.adatbank.ro\/lexikon\/wp-json\/wp\/v2\/product\/20451","targetHints":{"allow":["GET"]}}],"collection":[{"href":"https:\/\/uj.adatbank.ro\/lexikon\/wp-json\/wp\/v2\/product"}],"about":[{"href":"https:\/\/uj.adatbank.ro\/lexikon\/wp-json\/wp\/v2\/types\/product"}],"replies":[{"embeddable":true,"href":"https:\/\/uj.adatbank.ro\/lexikon\/wp-json\/wp\/v2\/comments?post=20451"}],"wp:attachment":[{"href":"https:\/\/uj.adatbank.ro\/lexikon\/wp-json\/wp\/v2\/media?parent=20451"}],"wp:term":[{"taxonomy":"product_brand","embeddable":true,"href":"https:\/\/uj.adatbank.ro\/lexikon\/wp-json\/wp\/v2\/product_brand?post=20451"},{"taxonomy":"product_cat","embeddable":true,"href":"https:\/\/uj.adatbank.ro\/lexikon\/wp-json\/wp\/v2\/product_cat?post=20451"},{"taxonomy":"product_tag","embeddable":true,"href":"https:\/\/uj.adatbank.ro\/lexikon\/wp-json\/wp\/v2\/product_tag?post=20451"}],"curies":[{"name":"wp","href":"https:\/\/api.w.org\/{rel}","templated":true}]}}