{"id":20453,"date":"2025-07-22T18:49:27","date_gmt":"2025-07-22T16:49:27","guid":{"rendered":"https:\/\/uj.adatbank.ro\/lexikon\/termek\/simon-norbert\/"},"modified":"2025-07-22T18:49:27","modified_gmt":"2025-07-22T16:49:27","slug":"simon-norbert","status":"publish","type":"product","link":"https:\/\/uj.adatbank.ro\/lexikon\/termek\/simon-norbert\/","title":{"rendered":"SIMON Norbert"},"content":{"rendered":"<p>Nagyv\u00e1rad, 1871. m\u00e1rc. 1., \u2020 Bp., 1939. febr. 28.: m\u00e9rn\u00f6k \u00fat- \u00e9s h\u00edd\u00e9p\u00edt\u0151. \u2013 \u00c1llam\u00e9p\u00edt\u00e9szk\u00e9nt m\u0171k\u00f6d\u00f6tt Sepsiszentgy\u00f6rgy\u00f6n, Segesv\u00e1ron \u00e9s Bp.-en. \u0150 k\u00e9sz\u00edtette a megyei K\u00f6zk\u00f3rh\u00e1zat Segesv\u00e1ron, a j\u00e1r\u00e1sb\u00edr\u00f3s\u00e1g \u00e9p\u00fclet\u00e9t Medgyesen, iskol\u00e1t Pr\u00e9postfalv\u00e1n, Jakabfalv\u00e1n. \u2013 <strong><strong>F. m.<\/strong><\/strong>: Nagyk\u00fck\u00fcll\u0151 v\u00e1rmegye k\u00f6zs\u00e9geinek t\u00e1vols\u00e1gi t\u00e1bl\u00e1zata (Segesv\u00e1r, 1904); Pest-Pilis-Solt-Kiskun v\u00e1rmegye k\u00f6zs\u00e9geinek t\u00e1vols\u00e1gi t\u00e1bl\u00e1zata (Bp., 1925). <br \/><strong>Irod.:<\/strong> Czirj\u00e1k.<\/br><\/p>\n","protected":false},"excerpt":{"rendered":"<p>Nagyv\u00e1rad, 1871. m\u00e1rc. 1., \u2020 Bp., 1939. febr. 28.: m\u00e9rn\u00f6k \u00fat- \u00e9s h\u00edd\u00e9p\u00edt\u0151. \u2013 \u00c1llam\u00e9p\u00edt\u00e9szk\u00e9nt m\u0171k\u00f6d\u00f6tt Sepsiszentgy\u00f6rgy\u00f6n, Segesv\u00e1ron \u00e9s Bp.-en. \u0150 k\u00e9sz\u00edtette a megyei K\u00f6zk\u00f3rh\u00e1zat Segesv\u00e1ron, a j\u00e1r\u00e1sb\u00edr\u00f3s\u00e1g \u00e9p\u00fclet\u00e9t Medgyesen, iskol\u00e1t Pr\u00e9postfalv\u00e1n, Jakabfalv\u00e1n. \u2013 F. m.: Nagyk\u00fck\u00fcll\u0151 v\u00e1rmegye k\u00f6zs\u00e9geinek t\u00e1vols\u00e1gi t\u00e1bl\u00e1zata (Segesv\u00e1r, 1904); Pest-Pilis-Solt-Kiskun v\u00e1rmegye k\u00f6zs\u00e9geinek t\u00e1vols\u00e1gi t\u00e1bl\u00e1zata (Bp., 1925). Irod.: Czirj\u00e1k.<\/p>\n","protected":false},"featured_media":0,"comment_status":"open","ping_status":"closed","template":"","meta":[],"product_brand":[],"product_cat":[137],"product_tag":[],"class_list":{"0":"post-20453","1":"product","2":"type-product","3":"status-publish","5":"product_cat-maros-megyei-eletrajzi-lexikon","7":"first","8":"instock","9":"shipping-taxable","10":"product-type-simple"},"_links":{"self":[{"href":"https:\/\/uj.adatbank.ro\/lexikon\/wp-json\/wp\/v2\/product\/20453","targetHints":{"allow":["GET"]}}],"collection":[{"href":"https:\/\/uj.adatbank.ro\/lexikon\/wp-json\/wp\/v2\/product"}],"about":[{"href":"https:\/\/uj.adatbank.ro\/lexikon\/wp-json\/wp\/v2\/types\/product"}],"replies":[{"embeddable":true,"href":"https:\/\/uj.adatbank.ro\/lexikon\/wp-json\/wp\/v2\/comments?post=20453"}],"wp:attachment":[{"href":"https:\/\/uj.adatbank.ro\/lexikon\/wp-json\/wp\/v2\/media?parent=20453"}],"wp:term":[{"taxonomy":"product_brand","embeddable":true,"href":"https:\/\/uj.adatbank.ro\/lexikon\/wp-json\/wp\/v2\/product_brand?post=20453"},{"taxonomy":"product_cat","embeddable":true,"href":"https:\/\/uj.adatbank.ro\/lexikon\/wp-json\/wp\/v2\/product_cat?post=20453"},{"taxonomy":"product_tag","embeddable":true,"href":"https:\/\/uj.adatbank.ro\/lexikon\/wp-json\/wp\/v2\/product_tag?post=20453"}],"curies":[{"name":"wp","href":"https:\/\/api.w.org\/{rel}","templated":true}]}}