{"id":20455,"date":"2025-07-22T18:49:31","date_gmt":"2025-07-22T16:49:31","guid":{"rendered":"https:\/\/uj.adatbank.ro\/lexikon\/termek\/simon-petru\/"},"modified":"2025-07-22T18:49:31","modified_gmt":"2025-07-22T16:49:31","slug":"simon-petru","status":"publish","type":"product","link":"https:\/\/uj.adatbank.ro\/lexikon\/termek\/simon-petru\/","title":{"rendered":"SIMON, Petru"},"content":{"rendered":"<p>Vil\u00e1gos, 1921. jan. 10., \u2020 Mv., 2002?: matematikatan\u00e1r. \u2013 Aradon \u00e9retts\u00e9gizett. Egyetemi tanulm\u00e1nyait Buk.-ben folytatta. B\u00e1r kiv\u00e1l\u00f3 elm\u00e9leti matematikusk\u00e9nt az egyetemi karrier is nyitva \u00e1llt el\u0151tte, a tan\u00edt\u00e1st v\u00e1lasztotta. Mv.-en az Al. Papiu Ilarian L\u00edc.-ban (1946\u201362), a mai \u201eAvram Iancu\u201d Lic.ban (1962\u201364), \u00fajb\u00f3l a Papiuban (1964\u20131967), a 3 \u00e9ves Ped. F\u0151iskol\u00e1n (1967\u201377), annak megsz\u0171n\u00e9se ut\u00e1n a mai \u201eGh. \u015eincai\u201d L\u00edc.-ban tan\u00edtott matematik\u00e1t nyugd\u00edjaz\u00e1s\u00e1ig (1981). Tan\u00edtott a Bolyaiban, valamint a Tan\u00edt\u00f3k\u00e9pz\u0151ben is. \u00c1lland\u00f3 munkat\u00e1rsa volt a Gazeta matematic\u0103 szakfoly\u00f3iratnak, tanul\u00f3i sz\u00e1mtalan d\u00edjat nyertek a matematikai olimpi\u00e1szokon \u00e9s nemzetk\u00f6zi versenyeken (pl. Horia C\u0103lin Pop h\u00e1romszor volt a Nemzetk\u00f6zi Matemat. Olimpi\u00e1sz els\u0151 d\u00edjasa Jugoszl\u00e1vi\u00e1ban, 1967; Moszkv\u00e1ban 1968; Buk. 1969). Mv.-en vezette a matematika tan\u00e1rok pedag\u00f3giai k\u00f6r\u00e9t, titk\u00e1ra volt a Rom\u00e1n Matematikai Tudom\u00e1nyok Egyes\u00fclete mv.-i fi\u00f3kj\u00e1nak. Az \u0151 eml\u00e9k\u00e9re rendezik meg a Petru Simon matematikai versenyeket. Post mortem Mv. V\u00e1ros D\u00edszpolg\u00e1ra c\u00edmet kapta (2002), Maros megye Prefekt\u00far\u00e1ja a \u201eDiploma de excelen\u0163\u0103\u201d-t \u00e9s \u201eFibula de la Suseni\u201d-t adom\u00e1nyozta. <br \/><strong>Irod.:<\/strong> Dasc\u0103li mure\u015feni, 4., N\u00fa (2002. j\u00fan. 26).<\/br><\/p>\n","protected":false},"excerpt":{"rendered":"<p>Vil\u00e1gos, 1921. jan. 10., \u2020 Mv., 2002?: matematikatan\u00e1r. \u2013 Aradon \u00e9retts\u00e9gizett. Egyetemi tanulm\u00e1nyait Buk.-ben folytatta. B\u00e1r kiv\u00e1l\u00f3 elm\u00e9leti matematikusk\u00e9nt az egyetemi karrier is nyitva \u00e1llt el\u0151tte, a tan\u00edt\u00e1st v\u00e1lasztotta. Mv.-en az Al. Papiu Ilarian L\u00edc.-ban (1946\u201362), a mai \u201eAvram Iancu\u201d Lic.ban (1962\u201364), \u00fajb\u00f3l a Papiuban (1964\u20131967), a 3 \u00e9ves Ped. F\u0151iskol\u00e1n (1967\u201377), annak megsz\u0171n\u00e9se ut\u00e1n [&hellip;]<\/p>\n","protected":false},"featured_media":0,"comment_status":"open","ping_status":"closed","template":"","meta":[],"product_brand":[],"product_cat":[137],"product_tag":[],"class_list":{"0":"post-20455","1":"product","2":"type-product","3":"status-publish","5":"product_cat-maros-megyei-eletrajzi-lexikon","7":"first","8":"instock","9":"shipping-taxable","10":"product-type-simple"},"_links":{"self":[{"href":"https:\/\/uj.adatbank.ro\/lexikon\/wp-json\/wp\/v2\/product\/20455","targetHints":{"allow":["GET"]}}],"collection":[{"href":"https:\/\/uj.adatbank.ro\/lexikon\/wp-json\/wp\/v2\/product"}],"about":[{"href":"https:\/\/uj.adatbank.ro\/lexikon\/wp-json\/wp\/v2\/types\/product"}],"replies":[{"embeddable":true,"href":"https:\/\/uj.adatbank.ro\/lexikon\/wp-json\/wp\/v2\/comments?post=20455"}],"wp:attachment":[{"href":"https:\/\/uj.adatbank.ro\/lexikon\/wp-json\/wp\/v2\/media?parent=20455"}],"wp:term":[{"taxonomy":"product_brand","embeddable":true,"href":"https:\/\/uj.adatbank.ro\/lexikon\/wp-json\/wp\/v2\/product_brand?post=20455"},{"taxonomy":"product_cat","embeddable":true,"href":"https:\/\/uj.adatbank.ro\/lexikon\/wp-json\/wp\/v2\/product_cat?post=20455"},{"taxonomy":"product_tag","embeddable":true,"href":"https:\/\/uj.adatbank.ro\/lexikon\/wp-json\/wp\/v2\/product_tag?post=20455"}],"curies":[{"name":"wp","href":"https:\/\/api.w.org\/{rel}","templated":true}]}}