{"id":20456,"date":"2025-07-22T18:49:34","date_gmt":"2025-07-22T16:49:34","guid":{"rendered":"https:\/\/uj.adatbank.ro\/lexikon\/termek\/simon-samuel-lorincfalvi\/"},"modified":"2025-07-22T18:49:34","modified_gmt":"2025-07-22T16:49:34","slug":"simon-samuel-lorincfalvi","status":"publish","type":"product","link":"https:\/\/uj.adatbank.ro\/lexikon\/termek\/simon-samuel-lorincfalvi\/","title":{"rendered":"SIMON S\u00e1muel, l\u0151rincfalvi"},"content":{"rendered":"<p>1744. \u2020\u00a0Torda?, 1815. m\u00e1rc. 14.: ref. lelk\u00e9sz. \u2013 S. J\u00e1nos esperes fia. Feles\u00e9ge: Abats Rebeka. \u2013 Mv.-en subscrib\u00e1lt (1761). Marburgban peregrin\u00e1lt, az egyetem elv\u00e9gz\u00e9se ut\u00e1n a kv.-i zsinat Teleki Lajosn\u00e9n\u00e9 udvari lelk\u00e9szek\u00e9nt szentelte papp\u00e1. Harasztoson (1776\u2013), Makfalv\u00e1n (1778\u201382) \u00e9s Mez\u0151b\u00e1ndon (1782\u201391) szolg\u00e1lt, Apja mellett volt k\u00e1pl\u00e1n Maross\u00e1rpatakon (1791. \u00e1pr. 6. \u20131797), apja hal\u00e1la ut\u00e1n megv\u00e1lasztott\u00e1k maross\u00e1rpataki lelk\u00e9sznek (1797. j\u00fan. 21.\u20131813), ahol 18 \u00e9vig szolg\u00e1lt. G\u00f6rg\u00e9nyi esperes (1804\u201311). M\u00e1r nem esperes (1813\u2013) \u00e9s Tord\u00e1n lakott. <br \/><strong>Irod.:<\/strong> Berekm\u00e9ri\u2013G\u00e1lfi; B\u00f6jthe Andor; \u0150sz.<\/br><\/p>\n","protected":false},"excerpt":{"rendered":"<p>1744. \u2020\u00a0Torda?, 1815. m\u00e1rc. 14.: ref. lelk\u00e9sz. \u2013 S. J\u00e1nos esperes fia. Feles\u00e9ge: Abats Rebeka. \u2013 Mv.-en subscrib\u00e1lt (1761). Marburgban peregrin\u00e1lt, az egyetem elv\u00e9gz\u00e9se ut\u00e1n a kv.-i zsinat Teleki Lajosn\u00e9n\u00e9 udvari lelk\u00e9szek\u00e9nt szentelte papp\u00e1. Harasztoson (1776\u2013), Makfalv\u00e1n (1778\u201382) \u00e9s Mez\u0151b\u00e1ndon (1782\u201391) szolg\u00e1lt, Apja mellett volt k\u00e1pl\u00e1n Maross\u00e1rpatakon (1791. \u00e1pr. 6. \u20131797), apja hal\u00e1la ut\u00e1n megv\u00e1lasztott\u00e1k [&hellip;]<\/p>\n","protected":false},"featured_media":0,"comment_status":"open","ping_status":"closed","template":"","meta":[],"product_brand":[],"product_cat":[137],"product_tag":[],"class_list":{"0":"post-20456","1":"product","2":"type-product","3":"status-publish","5":"product_cat-maros-megyei-eletrajzi-lexikon","7":"first","8":"instock","9":"shipping-taxable","10":"product-type-simple"},"_links":{"self":[{"href":"https:\/\/uj.adatbank.ro\/lexikon\/wp-json\/wp\/v2\/product\/20456","targetHints":{"allow":["GET"]}}],"collection":[{"href":"https:\/\/uj.adatbank.ro\/lexikon\/wp-json\/wp\/v2\/product"}],"about":[{"href":"https:\/\/uj.adatbank.ro\/lexikon\/wp-json\/wp\/v2\/types\/product"}],"replies":[{"embeddable":true,"href":"https:\/\/uj.adatbank.ro\/lexikon\/wp-json\/wp\/v2\/comments?post=20456"}],"wp:attachment":[{"href":"https:\/\/uj.adatbank.ro\/lexikon\/wp-json\/wp\/v2\/media?parent=20456"}],"wp:term":[{"taxonomy":"product_brand","embeddable":true,"href":"https:\/\/uj.adatbank.ro\/lexikon\/wp-json\/wp\/v2\/product_brand?post=20456"},{"taxonomy":"product_cat","embeddable":true,"href":"https:\/\/uj.adatbank.ro\/lexikon\/wp-json\/wp\/v2\/product_cat?post=20456"},{"taxonomy":"product_tag","embeddable":true,"href":"https:\/\/uj.adatbank.ro\/lexikon\/wp-json\/wp\/v2\/product_tag?post=20456"}],"curies":[{"name":"wp","href":"https:\/\/api.w.org\/{rel}","templated":true}]}}