{"id":20459,"date":"2025-07-22T18:49:42","date_gmt":"2025-07-22T16:49:42","guid":{"rendered":"https:\/\/uj.adatbank.ro\/lexikon\/termek\/simonetti-ioan\/"},"modified":"2025-07-22T18:49:42","modified_gmt":"2025-07-22T16:49:42","slug":"simonetti-ioan","status":"publish","type":"product","link":"https:\/\/uj.adatbank.ro\/lexikon\/termek\/simonetti-ioan\/","title":{"rendered":"SIMONETTI, Ioan"},"content":{"rendered":"<p>? \u2020?: g. kat. pap. \u2013 Teol\u00f3giai tanulm\u00e1nyokat v\u00e9gzett, tan\u00e1r volt a Bal\u00e1zsfalvi szemin\u00e1riumban (1796\u2013). R\u00e9szt vett a Lemeni \u00e1ltal szervezett szin\u00f3duson, ahol a konzisztoriumi asszeszor c\u00edmet \u00e9s a v\u00f6r\u00f6s \u00f6v visel\u00e9s\u00e9nek jog\u00e1t adom\u00e1nyozt\u00e1k neki (1833). Sz\u00e1szr\u00e9geni pap \u00e9s pl\u00e9b\u00e1nos, Ioan Bob p\u00fcsp\u00f6k nevezte ki (1835-ben m\u00e1r ott volt). Mihail Cri\u015fan, a k\u00e9s\u0151bbi sz\u00e1szr\u00e9geni esperes volt a seg\u00e9dpapja (1842\u2013). Az esperesi hivatalt vezette (1845-ig). <br \/><strong>Irod.:<\/strong> Dobozi.<\/br><\/p>\n","protected":false},"excerpt":{"rendered":"<p>? \u2020?: g. kat. pap. \u2013 Teol\u00f3giai tanulm\u00e1nyokat v\u00e9gzett, tan\u00e1r volt a Bal\u00e1zsfalvi szemin\u00e1riumban (1796\u2013). R\u00e9szt vett a Lemeni \u00e1ltal szervezett szin\u00f3duson, ahol a konzisztoriumi asszeszor c\u00edmet \u00e9s a v\u00f6r\u00f6s \u00f6v visel\u00e9s\u00e9nek jog\u00e1t adom\u00e1nyozt\u00e1k neki (1833). Sz\u00e1szr\u00e9geni pap \u00e9s pl\u00e9b\u00e1nos, Ioan Bob p\u00fcsp\u00f6k nevezte ki (1835-ben m\u00e1r ott volt). Mihail Cri\u015fan, a k\u00e9s\u0151bbi sz\u00e1szr\u00e9geni esperes [&hellip;]<\/p>\n","protected":false},"featured_media":0,"comment_status":"open","ping_status":"closed","template":"","meta":[],"product_brand":[],"product_cat":[137],"product_tag":[],"class_list":{"0":"post-20459","1":"product","2":"type-product","3":"status-publish","5":"product_cat-maros-megyei-eletrajzi-lexikon","7":"first","8":"instock","9":"shipping-taxable","10":"product-type-simple"},"_links":{"self":[{"href":"https:\/\/uj.adatbank.ro\/lexikon\/wp-json\/wp\/v2\/product\/20459","targetHints":{"allow":["GET"]}}],"collection":[{"href":"https:\/\/uj.adatbank.ro\/lexikon\/wp-json\/wp\/v2\/product"}],"about":[{"href":"https:\/\/uj.adatbank.ro\/lexikon\/wp-json\/wp\/v2\/types\/product"}],"replies":[{"embeddable":true,"href":"https:\/\/uj.adatbank.ro\/lexikon\/wp-json\/wp\/v2\/comments?post=20459"}],"wp:attachment":[{"href":"https:\/\/uj.adatbank.ro\/lexikon\/wp-json\/wp\/v2\/media?parent=20459"}],"wp:term":[{"taxonomy":"product_brand","embeddable":true,"href":"https:\/\/uj.adatbank.ro\/lexikon\/wp-json\/wp\/v2\/product_brand?post=20459"},{"taxonomy":"product_cat","embeddable":true,"href":"https:\/\/uj.adatbank.ro\/lexikon\/wp-json\/wp\/v2\/product_cat?post=20459"},{"taxonomy":"product_tag","embeddable":true,"href":"https:\/\/uj.adatbank.ro\/lexikon\/wp-json\/wp\/v2\/product_tag?post=20459"}],"curies":[{"name":"wp","href":"https:\/\/api.w.org\/{rel}","templated":true}]}}