{"id":20462,"date":"2025-07-22T18:49:48","date_gmt":"2025-07-22T16:49:48","guid":{"rendered":"https:\/\/uj.adatbank.ro\/lexikon\/termek\/simonffi-jozsef\/"},"modified":"2025-07-22T18:49:48","modified_gmt":"2025-07-22T16:49:48","slug":"simonffi-jozsef","status":"publish","type":"product","link":"https:\/\/uj.adatbank.ro\/lexikon\/termek\/simonffi-jozsef\/","title":{"rendered":"SIMONFFI J\u00f3zsef"},"content":{"rendered":"<p>? \u2020?: tan\u00e1r. \u2013 a mv.-i Ref. Koll. tan\u00e1ra, a bp.i Filol\u00f3giai T\u00e1rsas\u00e1g \u00e9s a Magyar Nyelvtudom\u00e1nyi T\u00e1rsas\u00e1g tagja. <br \/><strong>Irod.:<\/strong> Mv. t\u00f6rt. .2.<\/br><\/p>\n","protected":false},"excerpt":{"rendered":"<p>? \u2020?: tan\u00e1r. \u2013 a mv.-i Ref. Koll. tan\u00e1ra, a bp.i Filol\u00f3giai T\u00e1rsas\u00e1g \u00e9s a Magyar Nyelvtudom\u00e1nyi T\u00e1rsas\u00e1g tagja. Irod.: Mv. t\u00f6rt. .2.<\/p>\n","protected":false},"featured_media":0,"comment_status":"open","ping_status":"closed","template":"","meta":[],"product_brand":[],"product_cat":[137],"product_tag":[],"class_list":{"0":"post-20462","1":"product","2":"type-product","3":"status-publish","5":"product_cat-maros-megyei-eletrajzi-lexikon","7":"first","8":"instock","9":"shipping-taxable","10":"product-type-simple"},"_links":{"self":[{"href":"https:\/\/uj.adatbank.ro\/lexikon\/wp-json\/wp\/v2\/product\/20462","targetHints":{"allow":["GET"]}}],"collection":[{"href":"https:\/\/uj.adatbank.ro\/lexikon\/wp-json\/wp\/v2\/product"}],"about":[{"href":"https:\/\/uj.adatbank.ro\/lexikon\/wp-json\/wp\/v2\/types\/product"}],"replies":[{"embeddable":true,"href":"https:\/\/uj.adatbank.ro\/lexikon\/wp-json\/wp\/v2\/comments?post=20462"}],"wp:attachment":[{"href":"https:\/\/uj.adatbank.ro\/lexikon\/wp-json\/wp\/v2\/media?parent=20462"}],"wp:term":[{"taxonomy":"product_brand","embeddable":true,"href":"https:\/\/uj.adatbank.ro\/lexikon\/wp-json\/wp\/v2\/product_brand?post=20462"},{"taxonomy":"product_cat","embeddable":true,"href":"https:\/\/uj.adatbank.ro\/lexikon\/wp-json\/wp\/v2\/product_cat?post=20462"},{"taxonomy":"product_tag","embeddable":true,"href":"https:\/\/uj.adatbank.ro\/lexikon\/wp-json\/wp\/v2\/product_tag?post=20462"}],"curies":[{"name":"wp","href":"https:\/\/api.w.org\/{rel}","templated":true}]}}