{"id":20464,"date":"2025-07-22T18:49:52","date_gmt":"2025-07-22T16:49:52","guid":{"rendered":"https:\/\/uj.adatbank.ro\/lexikon\/termek\/simonffy\/"},"modified":"2025-07-22T18:49:52","modified_gmt":"2025-07-22T16:49:52","slug":"simonffy","status":"publish","type":"product","link":"https:\/\/uj.adatbank.ro\/lexikon\/termek\/simonffy\/","title":{"rendered":"SIMONFFY"},"content":{"rendered":"<p>Marosv\u00e1s\u00e1rhelyi; sz\u00e9kely csal\u00e1d, mely k\u00e9t \u00e1gban \u00e9lt. C\u00edmeres levelet I. Apafi Mih\u00e1lyt\u00f3l (1681. j\u00fan. 12.) nyert. kihirdett\u00e9k az erd\u00e9lyi rendek orsz\u00e1ggy\u0171l\u00e9s\u00e9n (1681. j\u00fan. 15.) C\u00edmer: arannyal damaszkolt k\u00e9k pajzsban v\u00f6r\u00f6sruh\u00e1s, vaskezty\u0171s \u00e9s ingp\u00e1nc\u00e9llal ell\u00e1tott k\u00f6ny\u00f6kl\u0151 kar kardot tart; sisakdisz: term. szin\u0171, barna sassz\u00e1rny p\u00e1r k\u00f6z\u00f6tt koron\u00e1b\u00f3l n\u00f6v\u0151, f\u00f6lfel\u00e9 \u00e1ll\u00f3, v\u00f6r\u00f6sruh\u00e1s alkar feh\u00e9r ludtollat tart, a sassz\u00e1rnyp\u00e1r k\u00f6z\u00f6tt a k\u00e9zf\u0151 f\u00f6l\u00f6tt \u201evirtus nobilitat\u201d jelmondat olvashat\u00f3; takar\u00f3k: k\u00e9k-arany, v\u00f6r\u00f6s-ez\u00fcst. Nemesi bizonyitv\u00e1nyt 46.997\u20131907. sz. a nyert S. Alad\u00e1r Antal (Arad) a bel\u00fcgyminisztert\u0151l. <br \/><strong>Irod.:<\/strong> Kempelen; P\u00e1lmay.<\/br><\/p>\n","protected":false},"excerpt":{"rendered":"<p>Marosv\u00e1s\u00e1rhelyi; sz\u00e9kely csal\u00e1d, mely k\u00e9t \u00e1gban \u00e9lt. C\u00edmeres levelet I. Apafi Mih\u00e1lyt\u00f3l (1681. j\u00fan. 12.) nyert. kihirdett\u00e9k az erd\u00e9lyi rendek orsz\u00e1ggy\u0171l\u00e9s\u00e9n (1681. j\u00fan. 15.) C\u00edmer: arannyal damaszkolt k\u00e9k pajzsban v\u00f6r\u00f6sruh\u00e1s, vaskezty\u0171s \u00e9s ingp\u00e1nc\u00e9llal ell\u00e1tott k\u00f6ny\u00f6kl\u0151 kar kardot tart; sisakdisz: term. szin\u0171, barna sassz\u00e1rny p\u00e1r k\u00f6z\u00f6tt koron\u00e1b\u00f3l n\u00f6v\u0151, f\u00f6lfel\u00e9 \u00e1ll\u00f3, v\u00f6r\u00f6sruh\u00e1s alkar feh\u00e9r ludtollat tart, a [&hellip;]<\/p>\n","protected":false},"featured_media":0,"comment_status":"open","ping_status":"closed","template":"","meta":[],"product_brand":[],"product_cat":[137],"product_tag":[],"class_list":{"0":"post-20464","1":"product","2":"type-product","3":"status-publish","5":"product_cat-maros-megyei-eletrajzi-lexikon","7":"first","8":"instock","9":"shipping-taxable","10":"product-type-simple"},"_links":{"self":[{"href":"https:\/\/uj.adatbank.ro\/lexikon\/wp-json\/wp\/v2\/product\/20464","targetHints":{"allow":["GET"]}}],"collection":[{"href":"https:\/\/uj.adatbank.ro\/lexikon\/wp-json\/wp\/v2\/product"}],"about":[{"href":"https:\/\/uj.adatbank.ro\/lexikon\/wp-json\/wp\/v2\/types\/product"}],"replies":[{"embeddable":true,"href":"https:\/\/uj.adatbank.ro\/lexikon\/wp-json\/wp\/v2\/comments?post=20464"}],"wp:attachment":[{"href":"https:\/\/uj.adatbank.ro\/lexikon\/wp-json\/wp\/v2\/media?parent=20464"}],"wp:term":[{"taxonomy":"product_brand","embeddable":true,"href":"https:\/\/uj.adatbank.ro\/lexikon\/wp-json\/wp\/v2\/product_brand?post=20464"},{"taxonomy":"product_cat","embeddable":true,"href":"https:\/\/uj.adatbank.ro\/lexikon\/wp-json\/wp\/v2\/product_cat?post=20464"},{"taxonomy":"product_tag","embeddable":true,"href":"https:\/\/uj.adatbank.ro\/lexikon\/wp-json\/wp\/v2\/product_tag?post=20464"}],"curies":[{"name":"wp","href":"https:\/\/api.w.org\/{rel}","templated":true}]}}