{"id":20465,"date":"2025-07-22T18:49:54","date_gmt":"2025-07-22T16:49:54","guid":{"rendered":"https:\/\/uj.adatbank.ro\/lexikon\/termek\/simonffy-geza-kibedi\/"},"modified":"2025-07-22T18:49:54","modified_gmt":"2025-07-22T16:49:54","slug":"simonffy-geza-kibedi","status":"publish","type":"product","link":"https:\/\/uj.adatbank.ro\/lexikon\/termek\/simonffy-geza-kibedi\/","title":{"rendered":"SIMONFFY G\u00e9za, kib\u00e9di"},"content":{"rendered":"<p>Als\u00f3r\u00e1kos, 1890.,\u00a0\u2020?: jegyz\u0151, honv\u00e9dz\u00e1szl\u00f3s. \u2013 A nagyv\u00e1radi honv. hadapr\u00f3d iskola n\u00f6vend\u00e9ke volt, mint t\u00e9nyleges z\u00e1szl\u00f3s rokkant meg, nyugalomba vonult, majd jegyz\u0151i oklevelet szerzett. R\u00e9szt vett az els\u0151 vh.-ban az orosz fronton harcolt. Mez\u0151madarason gazd\u00e1lkodott 24 holdon. A Magyar Nyomoz\u00f3 K\u00fcl\u00f6n\u00edtm\u00e9ny egyik megalap\u00edt\u00f3ja, minden kult\u00farint\u00e9zm\u00e9ny t\u00e1mogat\u00f3ja volt. <br \/><strong>Irod.:<\/strong> Sz\u00e9kelyf\u00f6ld \u00ed. k.<\/br><\/p>\n","protected":false},"excerpt":{"rendered":"<p>Als\u00f3r\u00e1kos, 1890.,\u00a0\u2020?: jegyz\u0151, honv\u00e9dz\u00e1szl\u00f3s. \u2013 A nagyv\u00e1radi honv. hadapr\u00f3d iskola n\u00f6vend\u00e9ke volt, mint t\u00e9nyleges z\u00e1szl\u00f3s rokkant meg, nyugalomba vonult, majd jegyz\u0151i oklevelet szerzett. R\u00e9szt vett az els\u0151 vh.-ban az orosz fronton harcolt. Mez\u0151madarason gazd\u00e1lkodott 24 holdon. A Magyar Nyomoz\u00f3 K\u00fcl\u00f6n\u00edtm\u00e9ny egyik megalap\u00edt\u00f3ja, minden kult\u00farint\u00e9zm\u00e9ny t\u00e1mogat\u00f3ja volt. Irod.: Sz\u00e9kelyf\u00f6ld \u00ed. k.<\/p>\n","protected":false},"featured_media":0,"comment_status":"open","ping_status":"closed","template":"","meta":[],"product_brand":[],"product_cat":[137],"product_tag":[],"class_list":{"0":"post-20465","1":"product","2":"type-product","3":"status-publish","5":"product_cat-maros-megyei-eletrajzi-lexikon","7":"first","8":"instock","9":"shipping-taxable","10":"product-type-simple"},"_links":{"self":[{"href":"https:\/\/uj.adatbank.ro\/lexikon\/wp-json\/wp\/v2\/product\/20465","targetHints":{"allow":["GET"]}}],"collection":[{"href":"https:\/\/uj.adatbank.ro\/lexikon\/wp-json\/wp\/v2\/product"}],"about":[{"href":"https:\/\/uj.adatbank.ro\/lexikon\/wp-json\/wp\/v2\/types\/product"}],"replies":[{"embeddable":true,"href":"https:\/\/uj.adatbank.ro\/lexikon\/wp-json\/wp\/v2\/comments?post=20465"}],"wp:attachment":[{"href":"https:\/\/uj.adatbank.ro\/lexikon\/wp-json\/wp\/v2\/media?parent=20465"}],"wp:term":[{"taxonomy":"product_brand","embeddable":true,"href":"https:\/\/uj.adatbank.ro\/lexikon\/wp-json\/wp\/v2\/product_brand?post=20465"},{"taxonomy":"product_cat","embeddable":true,"href":"https:\/\/uj.adatbank.ro\/lexikon\/wp-json\/wp\/v2\/product_cat?post=20465"},{"taxonomy":"product_tag","embeddable":true,"href":"https:\/\/uj.adatbank.ro\/lexikon\/wp-json\/wp\/v2\/product_tag?post=20465"}],"curies":[{"name":"wp","href":"https:\/\/api.w.org\/{rel}","templated":true}]}}