{"id":20467,"date":"2025-07-22T18:49:58","date_gmt":"2025-07-22T16:49:58","guid":{"rendered":"https:\/\/uj.adatbank.ro\/lexikon\/termek\/simonffy-istvan-%c2%a7\/"},"modified":"2025-07-22T18:49:58","modified_gmt":"2025-07-22T16:49:58","slug":"simonffy-istvan-%c2%a7","status":"publish","type":"product","link":"https:\/\/uj.adatbank.ro\/lexikon\/termek\/simonffy-istvan-%c2%a7\/","title":{"rendered":"SIMONFFY Istv\u00e1n, \u00a7"},"content":{"rendered":"<p>1905, \u2020\u00a0Mv., 1923. j\u00fal. 20: sportol\u00f3, atl\u00e9ta. \u2013 M\u00e1r 15 \u00e9ves kor\u00e1ban komolyan kezdett foglalkozni az atl\u00e9tik\u00e1val, 400 m. es fut\u00e1sban \u00e9rt el j\u00f3 eredm\u00e9nyeket. V\u00edzbe fulladt. <br \/><strong>Irod.:<\/strong> Illy\u00e9s.<\/br><\/p>\n","protected":false},"excerpt":{"rendered":"<p>1905, \u2020\u00a0Mv., 1923. j\u00fal. 20: sportol\u00f3, atl\u00e9ta. \u2013 M\u00e1r 15 \u00e9ves kor\u00e1ban komolyan kezdett foglalkozni az atl\u00e9tik\u00e1val, 400 m. es fut\u00e1sban \u00e9rt el j\u00f3 eredm\u00e9nyeket. V\u00edzbe fulladt. Irod.: Illy\u00e9s.<\/p>\n","protected":false},"featured_media":0,"comment_status":"open","ping_status":"closed","template":"","meta":[],"product_brand":[],"product_cat":[137],"product_tag":[],"class_list":{"0":"post-20467","1":"product","2":"type-product","3":"status-publish","5":"product_cat-maros-megyei-eletrajzi-lexikon","7":"first","8":"instock","9":"shipping-taxable","10":"product-type-simple"},"_links":{"self":[{"href":"https:\/\/uj.adatbank.ro\/lexikon\/wp-json\/wp\/v2\/product\/20467","targetHints":{"allow":["GET"]}}],"collection":[{"href":"https:\/\/uj.adatbank.ro\/lexikon\/wp-json\/wp\/v2\/product"}],"about":[{"href":"https:\/\/uj.adatbank.ro\/lexikon\/wp-json\/wp\/v2\/types\/product"}],"replies":[{"embeddable":true,"href":"https:\/\/uj.adatbank.ro\/lexikon\/wp-json\/wp\/v2\/comments?post=20467"}],"wp:attachment":[{"href":"https:\/\/uj.adatbank.ro\/lexikon\/wp-json\/wp\/v2\/media?parent=20467"}],"wp:term":[{"taxonomy":"product_brand","embeddable":true,"href":"https:\/\/uj.adatbank.ro\/lexikon\/wp-json\/wp\/v2\/product_brand?post=20467"},{"taxonomy":"product_cat","embeddable":true,"href":"https:\/\/uj.adatbank.ro\/lexikon\/wp-json\/wp\/v2\/product_cat?post=20467"},{"taxonomy":"product_tag","embeddable":true,"href":"https:\/\/uj.adatbank.ro\/lexikon\/wp-json\/wp\/v2\/product_tag?post=20467"}],"curies":[{"name":"wp","href":"https:\/\/api.w.org\/{rel}","templated":true}]}}