{"id":20468,"date":"2025-07-22T18:50:01","date_gmt":"2025-07-22T16:50:01","guid":{"rendered":"https:\/\/uj.adatbank.ro\/lexikon\/termek\/simonffy-mihaly-simonfi\/"},"modified":"2025-07-22T18:50:01","modified_gmt":"2025-07-22T16:50:01","slug":"simonffy-mihaly-simonfi","status":"publish","type":"product","link":"https:\/\/uj.adatbank.ro\/lexikon\/termek\/simonffy-mihaly-simonfi\/","title":{"rendered":"SIMONFFY Mih\u00e1ly, Simonfi"},"content":{"rendered":"<p>? \u2020\u00a01712 e.: mv.-i \u00edt\u00e9l\u0151mester. \u2013 Mv.-en el\u0151bb fiskalis direktor (1702), majd \u00edt\u00e9l\u0151mester. Al\u00e1\u00edrta Gid\u00f3falvi m\u00e1sk\u00e9nt K\u00f6v\u00e9r Istv\u00e1n I. Lip\u00f3t cs\u00e1sz\u00e1rt\u00f3l kapott c\u00edmeres nemes level\u00e9t (1702). A Miszt\u00f3tfalusi Kis Mikl\u00f3s bet\u0171szersz\u00e1mai megv\u00e1s\u00e1rl\u00e1s\u00e1ra gy\u0171jt\u00f6tt p\u00e9nz kezel\u0151je. <br \/><strong>Irod.:<\/strong> Erd\u00e9lyi f\u00e9niks; Kelemen Lajos 2006, Wessel\u00e9nyi Istv\u00e1n.<\/br><\/p>\n","protected":false},"excerpt":{"rendered":"<p>? \u2020\u00a01712 e.: mv.-i \u00edt\u00e9l\u0151mester. \u2013 Mv.-en el\u0151bb fiskalis direktor (1702), majd \u00edt\u00e9l\u0151mester. Al\u00e1\u00edrta Gid\u00f3falvi m\u00e1sk\u00e9nt K\u00f6v\u00e9r Istv\u00e1n I. Lip\u00f3t cs\u00e1sz\u00e1rt\u00f3l kapott c\u00edmeres nemes level\u00e9t (1702). A Miszt\u00f3tfalusi Kis Mikl\u00f3s bet\u0171szersz\u00e1mai megv\u00e1s\u00e1rl\u00e1s\u00e1ra gy\u0171jt\u00f6tt p\u00e9nz kezel\u0151je. Irod.: Erd\u00e9lyi f\u00e9niks; Kelemen Lajos 2006, Wessel\u00e9nyi Istv\u00e1n.<\/p>\n","protected":false},"featured_media":0,"comment_status":"open","ping_status":"closed","template":"","meta":[],"product_brand":[],"product_cat":[137],"product_tag":[],"class_list":{"0":"post-20468","1":"product","2":"type-product","3":"status-publish","5":"product_cat-maros-megyei-eletrajzi-lexikon","7":"first","8":"instock","9":"shipping-taxable","10":"product-type-simple"},"_links":{"self":[{"href":"https:\/\/uj.adatbank.ro\/lexikon\/wp-json\/wp\/v2\/product\/20468","targetHints":{"allow":["GET"]}}],"collection":[{"href":"https:\/\/uj.adatbank.ro\/lexikon\/wp-json\/wp\/v2\/product"}],"about":[{"href":"https:\/\/uj.adatbank.ro\/lexikon\/wp-json\/wp\/v2\/types\/product"}],"replies":[{"embeddable":true,"href":"https:\/\/uj.adatbank.ro\/lexikon\/wp-json\/wp\/v2\/comments?post=20468"}],"wp:attachment":[{"href":"https:\/\/uj.adatbank.ro\/lexikon\/wp-json\/wp\/v2\/media?parent=20468"}],"wp:term":[{"taxonomy":"product_brand","embeddable":true,"href":"https:\/\/uj.adatbank.ro\/lexikon\/wp-json\/wp\/v2\/product_brand?post=20468"},{"taxonomy":"product_cat","embeddable":true,"href":"https:\/\/uj.adatbank.ro\/lexikon\/wp-json\/wp\/v2\/product_cat?post=20468"},{"taxonomy":"product_tag","embeddable":true,"href":"https:\/\/uj.adatbank.ro\/lexikon\/wp-json\/wp\/v2\/product_tag?post=20468"}],"curies":[{"name":"wp","href":"https:\/\/api.w.org\/{rel}","templated":true}]}}