{"id":2047,"date":"2025-06-28T12:02:10","date_gmt":"2025-06-28T10:02:10","guid":{"rendered":"https:\/\/uj.adatbank.ro\/lexikon\/termek\/balintitt-istvan-tovisi-br\/"},"modified":"2025-06-28T12:02:10","modified_gmt":"2025-06-28T10:02:10","slug":"balintitt-istvan-tovisi-br","status":"publish","type":"product","link":"https:\/\/uj.adatbank.ro\/lexikon\/termek\/balintitt-istvan-tovisi-br\/","title":{"rendered":"B\u00c1LINTITT Istv\u00e1n, t\u00f6visi br."},"content":{"rendered":"<p>? \u2020\u00a01753?: ?. Feles\u00e9ge br. J\u00f3sika R\u00f3za. \u2013 Jobb\u00e1gyfalvi otthonukban ferences p\u00e1terek laktak (1749\u201353), majd az \u00f6zvegyn\u00e9l is (1754\u201382). <br \/><strong>Irod.:<\/strong> Gy\u00f6rgy: A ferencrendiek<\/br><\/p>\n","protected":false},"excerpt":{"rendered":"<p>? \u2020\u00a01753?: ?. Feles\u00e9ge br. J\u00f3sika R\u00f3za. \u2013 Jobb\u00e1gyfalvi otthonukban ferences p\u00e1terek laktak (1749\u201353), majd az \u00f6zvegyn\u00e9l is (1754\u201382). Irod.: Gy\u00f6rgy: A ferencrendiek<\/p>\n","protected":false},"featured_media":0,"comment_status":"open","ping_status":"closed","template":"","meta":[],"product_brand":[],"product_cat":[137],"product_tag":[],"class_list":{"0":"post-2047","1":"product","2":"type-product","3":"status-publish","5":"product_cat-maros-megyei-eletrajzi-lexikon","7":"first","8":"instock","9":"shipping-taxable","10":"product-type-simple"},"_links":{"self":[{"href":"https:\/\/uj.adatbank.ro\/lexikon\/wp-json\/wp\/v2\/product\/2047","targetHints":{"allow":["GET"]}}],"collection":[{"href":"https:\/\/uj.adatbank.ro\/lexikon\/wp-json\/wp\/v2\/product"}],"about":[{"href":"https:\/\/uj.adatbank.ro\/lexikon\/wp-json\/wp\/v2\/types\/product"}],"replies":[{"embeddable":true,"href":"https:\/\/uj.adatbank.ro\/lexikon\/wp-json\/wp\/v2\/comments?post=2047"}],"wp:attachment":[{"href":"https:\/\/uj.adatbank.ro\/lexikon\/wp-json\/wp\/v2\/media?parent=2047"}],"wp:term":[{"taxonomy":"product_brand","embeddable":true,"href":"https:\/\/uj.adatbank.ro\/lexikon\/wp-json\/wp\/v2\/product_brand?post=2047"},{"taxonomy":"product_cat","embeddable":true,"href":"https:\/\/uj.adatbank.ro\/lexikon\/wp-json\/wp\/v2\/product_cat?post=2047"},{"taxonomy":"product_tag","embeddable":true,"href":"https:\/\/uj.adatbank.ro\/lexikon\/wp-json\/wp\/v2\/product_tag?post=2047"}],"curies":[{"name":"wp","href":"https:\/\/api.w.org\/{rel}","templated":true}]}}