{"id":20471,"date":"2025-07-22T18:50:07","date_gmt":"2025-07-22T16:50:07","guid":{"rendered":"https:\/\/uj.adatbank.ro\/lexikon\/termek\/simonfi-antal\/"},"modified":"2025-07-22T18:50:07","modified_gmt":"2025-07-22T16:50:07","slug":"simonfi-antal","status":"publish","type":"product","link":"https:\/\/uj.adatbank.ro\/lexikon\/termek\/simonfi-antal\/","title":{"rendered":"SIMONFI Antal"},"content":{"rendered":"<p>? \u2020?: tan\u00edt\u00f3. \u2013 Szov\u00e1t\u00e1n tan\u00edtott az \u00faj iskol\u00e1ban (1900\u2013), m\u00e1r 27 \u00e9v szolg\u00e1lati id\u0151vel. Mikh\u00e1zi k\u00e1ntortan\u00edt\u00f3t h\u00edvt\u00e1k meg a bordosi iskol\u00e1ba (1929\u201335). <br \/><strong>Irod.:<\/strong> Szov\u00e1ta.<\/br><\/p>\n","protected":false},"excerpt":{"rendered":"<p>? \u2020?: tan\u00edt\u00f3. \u2013 Szov\u00e1t\u00e1n tan\u00edtott az \u00faj iskol\u00e1ban (1900\u2013), m\u00e1r 27 \u00e9v szolg\u00e1lati id\u0151vel. Mikh\u00e1zi k\u00e1ntortan\u00edt\u00f3t h\u00edvt\u00e1k meg a bordosi iskol\u00e1ba (1929\u201335). Irod.: Szov\u00e1ta.<\/p>\n","protected":false},"featured_media":0,"comment_status":"open","ping_status":"closed","template":"","meta":[],"product_brand":[],"product_cat":[137],"product_tag":[],"class_list":{"0":"post-20471","1":"product","2":"type-product","3":"status-publish","5":"product_cat-maros-megyei-eletrajzi-lexikon","7":"first","8":"instock","9":"shipping-taxable","10":"product-type-simple"},"_links":{"self":[{"href":"https:\/\/uj.adatbank.ro\/lexikon\/wp-json\/wp\/v2\/product\/20471","targetHints":{"allow":["GET"]}}],"collection":[{"href":"https:\/\/uj.adatbank.ro\/lexikon\/wp-json\/wp\/v2\/product"}],"about":[{"href":"https:\/\/uj.adatbank.ro\/lexikon\/wp-json\/wp\/v2\/types\/product"}],"replies":[{"embeddable":true,"href":"https:\/\/uj.adatbank.ro\/lexikon\/wp-json\/wp\/v2\/comments?post=20471"}],"wp:attachment":[{"href":"https:\/\/uj.adatbank.ro\/lexikon\/wp-json\/wp\/v2\/media?parent=20471"}],"wp:term":[{"taxonomy":"product_brand","embeddable":true,"href":"https:\/\/uj.adatbank.ro\/lexikon\/wp-json\/wp\/v2\/product_brand?post=20471"},{"taxonomy":"product_cat","embeddable":true,"href":"https:\/\/uj.adatbank.ro\/lexikon\/wp-json\/wp\/v2\/product_cat?post=20471"},{"taxonomy":"product_tag","embeddable":true,"href":"https:\/\/uj.adatbank.ro\/lexikon\/wp-json\/wp\/v2\/product_tag?post=20471"}],"curies":[{"name":"wp","href":"https:\/\/api.w.org\/{rel}","templated":true}]}}