{"id":20473,"date":"2025-07-22T18:50:11","date_gmt":"2025-07-22T16:50:11","guid":{"rendered":"https:\/\/uj.adatbank.ro\/lexikon\/termek\/simonfi-gegesi-kibedi\/"},"modified":"2025-07-22T18:50:11","modified_gmt":"2025-07-22T16:50:11","slug":"simonfi-gegesi-kibedi","status":"publish","type":"product","link":"https:\/\/uj.adatbank.ro\/lexikon\/termek\/simonfi-gegesi-kibedi\/","title":{"rendered":"SIMONFI, gegesi, kib\u00e9di"},"content":{"rendered":"<p>A csal\u00e1d k\u00e9t \u00e1gban \u00e9lt, az egyik Kib\u00e9den a m\u00e1sik Gegesen, mind a kett\u0151 tagjaib\u00f3l nyertek pixid\u00e1riusi levelet: Simonfi P\u00e9ter (1608. j\u00fan. 10) nyert gyalogoss\u00e1got; nemess\u00e9g\u00e9t igazolta (1622); Simonfi Kis (gegesi) csal\u00e1db\u00f3l Mih\u00e1ly nyert gyalogoss\u00e1got (1608. j\u00fan. 10.). <br \/><strong>Irod.:<\/strong> P\u00e1lmay.<\/br><\/p>\n","protected":false},"excerpt":{"rendered":"<p>A csal\u00e1d k\u00e9t \u00e1gban \u00e9lt, az egyik Kib\u00e9den a m\u00e1sik Gegesen, mind a kett\u0151 tagjaib\u00f3l nyertek pixid\u00e1riusi levelet: Simonfi P\u00e9ter (1608. j\u00fan. 10) nyert gyalogoss\u00e1got; nemess\u00e9g\u00e9t igazolta (1622); Simonfi Kis (gegesi) csal\u00e1db\u00f3l Mih\u00e1ly nyert gyalogoss\u00e1got (1608. j\u00fan. 10.). Irod.: P\u00e1lmay.<\/p>\n","protected":false},"featured_media":0,"comment_status":"open","ping_status":"closed","template":"","meta":[],"product_brand":[],"product_cat":[137],"product_tag":[],"class_list":{"0":"post-20473","1":"product","2":"type-product","3":"status-publish","5":"product_cat-maros-megyei-eletrajzi-lexikon","7":"first","8":"instock","9":"shipping-taxable","10":"product-type-simple"},"_links":{"self":[{"href":"https:\/\/uj.adatbank.ro\/lexikon\/wp-json\/wp\/v2\/product\/20473","targetHints":{"allow":["GET"]}}],"collection":[{"href":"https:\/\/uj.adatbank.ro\/lexikon\/wp-json\/wp\/v2\/product"}],"about":[{"href":"https:\/\/uj.adatbank.ro\/lexikon\/wp-json\/wp\/v2\/types\/product"}],"replies":[{"embeddable":true,"href":"https:\/\/uj.adatbank.ro\/lexikon\/wp-json\/wp\/v2\/comments?post=20473"}],"wp:attachment":[{"href":"https:\/\/uj.adatbank.ro\/lexikon\/wp-json\/wp\/v2\/media?parent=20473"}],"wp:term":[{"taxonomy":"product_brand","embeddable":true,"href":"https:\/\/uj.adatbank.ro\/lexikon\/wp-json\/wp\/v2\/product_brand?post=20473"},{"taxonomy":"product_cat","embeddable":true,"href":"https:\/\/uj.adatbank.ro\/lexikon\/wp-json\/wp\/v2\/product_cat?post=20473"},{"taxonomy":"product_tag","embeddable":true,"href":"https:\/\/uj.adatbank.ro\/lexikon\/wp-json\/wp\/v2\/product_tag?post=20473"}],"curies":[{"name":"wp","href":"https:\/\/api.w.org\/{rel}","templated":true}]}}