{"id":20477,"date":"2025-07-22T18:50:19","date_gmt":"2025-07-22T16:50:19","guid":{"rendered":"https:\/\/uj.adatbank.ro\/lexikon\/termek\/simonfi-jozsef-2\/"},"modified":"2025-07-22T18:50:19","modified_gmt":"2025-07-22T16:50:19","slug":"simonfi-jozsef-2","status":"publish","type":"product","link":"https:\/\/uj.adatbank.ro\/lexikon\/termek\/simonfi-jozsef-2\/","title":{"rendered":"SIMONFI J\u00f3zsef"},"content":{"rendered":"<p>Homor\u00f3dkar\u00e1csonyfalva, 1914. m\u00e1rc. 1., \u2020\u00a0Medgyes, 2002. j\u00fan. 15.: r. k. pap. \u2013 papp\u00e1 szentelt\u00e9k (1937. m\u00e1rc. 13.). K\u00e1pl\u00e1n Cs\u00edknagyboldogasszonyon, Sz\u00e9kelyudvarhelyen, Brass\u00f3ban. Pl\u00e9b\u00e1nos B\u00e1toson (1945), Kv.-on (1946), B\u00e1toson (1947\u2013), T\u0171rben, Marosh\u00e9v\u00edzen \u00e9s Radn\u00f3ton (1981\u201383). Nyugd\u00edjas Medgyesen. <br \/><strong>Irod.:<\/strong> Ferenczi S\u00e1ndor 2009; Maros-k\u00fck\u00fcll\u0151i f\u0151esp.<\/br><\/p>\n","protected":false},"excerpt":{"rendered":"<p>Homor\u00f3dkar\u00e1csonyfalva, 1914. m\u00e1rc. 1., \u2020\u00a0Medgyes, 2002. j\u00fan. 15.: r. k. pap. \u2013 papp\u00e1 szentelt\u00e9k (1937. m\u00e1rc. 13.). K\u00e1pl\u00e1n Cs\u00edknagyboldogasszonyon, Sz\u00e9kelyudvarhelyen, Brass\u00f3ban. Pl\u00e9b\u00e1nos B\u00e1toson (1945), Kv.-on (1946), B\u00e1toson (1947\u2013), T\u0171rben, Marosh\u00e9v\u00edzen \u00e9s Radn\u00f3ton (1981\u201383). Nyugd\u00edjas Medgyesen. Irod.: Ferenczi S\u00e1ndor 2009; Maros-k\u00fck\u00fcll\u0151i f\u0151esp.<\/p>\n","protected":false},"featured_media":0,"comment_status":"open","ping_status":"closed","template":"","meta":[],"product_brand":[],"product_cat":[137],"product_tag":[],"class_list":{"0":"post-20477","1":"product","2":"type-product","3":"status-publish","5":"product_cat-maros-megyei-eletrajzi-lexikon","7":"first","8":"instock","9":"shipping-taxable","10":"product-type-simple"},"_links":{"self":[{"href":"https:\/\/uj.adatbank.ro\/lexikon\/wp-json\/wp\/v2\/product\/20477","targetHints":{"allow":["GET"]}}],"collection":[{"href":"https:\/\/uj.adatbank.ro\/lexikon\/wp-json\/wp\/v2\/product"}],"about":[{"href":"https:\/\/uj.adatbank.ro\/lexikon\/wp-json\/wp\/v2\/types\/product"}],"replies":[{"embeddable":true,"href":"https:\/\/uj.adatbank.ro\/lexikon\/wp-json\/wp\/v2\/comments?post=20477"}],"wp:attachment":[{"href":"https:\/\/uj.adatbank.ro\/lexikon\/wp-json\/wp\/v2\/media?parent=20477"}],"wp:term":[{"taxonomy":"product_brand","embeddable":true,"href":"https:\/\/uj.adatbank.ro\/lexikon\/wp-json\/wp\/v2\/product_brand?post=20477"},{"taxonomy":"product_cat","embeddable":true,"href":"https:\/\/uj.adatbank.ro\/lexikon\/wp-json\/wp\/v2\/product_cat?post=20477"},{"taxonomy":"product_tag","embeddable":true,"href":"https:\/\/uj.adatbank.ro\/lexikon\/wp-json\/wp\/v2\/product_tag?post=20477"}],"curies":[{"name":"wp","href":"https:\/\/api.w.org\/{rel}","templated":true}]}}