{"id":20480,"date":"2025-07-22T18:50:27","date_gmt":"2025-07-22T16:50:27","guid":{"rendered":"https:\/\/uj.adatbank.ro\/lexikon\/termek\/simonis-aron\/"},"modified":"2025-07-22T18:50:27","modified_gmt":"2025-07-22T16:50:27","slug":"simonis-aron","status":"publish","type":"product","link":"https:\/\/uj.adatbank.ro\/lexikon\/termek\/simonis-aron\/","title":{"rendered":"SIMONIS Aron"},"content":{"rendered":"<p>? \u2020?: g\u00f6r. kat. pap. \u2013 Ioan Bob p\u00fcsp\u00f6k Nagyf\u00fclp\u00f6sbe helyezte szolg\u00e1lni (1812. okt. 26.\u20131835-ben m\u00e1r m\u00e1s volt a pap). <br \/><strong>Irod.:<\/strong> Dobozi.<\/br><\/p>\n","protected":false},"excerpt":{"rendered":"<p>? \u2020?: g\u00f6r. kat. pap. \u2013 Ioan Bob p\u00fcsp\u00f6k Nagyf\u00fclp\u00f6sbe helyezte szolg\u00e1lni (1812. okt. 26.\u20131835-ben m\u00e1r m\u00e1s volt a pap). Irod.: Dobozi.<\/p>\n","protected":false},"featured_media":0,"comment_status":"open","ping_status":"closed","template":"","meta":[],"product_brand":[],"product_cat":[137],"product_tag":[],"class_list":{"0":"post-20480","1":"product","2":"type-product","3":"status-publish","5":"product_cat-maros-megyei-eletrajzi-lexikon","7":"first","8":"instock","9":"shipping-taxable","10":"product-type-simple"},"_links":{"self":[{"href":"https:\/\/uj.adatbank.ro\/lexikon\/wp-json\/wp\/v2\/product\/20480","targetHints":{"allow":["GET"]}}],"collection":[{"href":"https:\/\/uj.adatbank.ro\/lexikon\/wp-json\/wp\/v2\/product"}],"about":[{"href":"https:\/\/uj.adatbank.ro\/lexikon\/wp-json\/wp\/v2\/types\/product"}],"replies":[{"embeddable":true,"href":"https:\/\/uj.adatbank.ro\/lexikon\/wp-json\/wp\/v2\/comments?post=20480"}],"wp:attachment":[{"href":"https:\/\/uj.adatbank.ro\/lexikon\/wp-json\/wp\/v2\/media?parent=20480"}],"wp:term":[{"taxonomy":"product_brand","embeddable":true,"href":"https:\/\/uj.adatbank.ro\/lexikon\/wp-json\/wp\/v2\/product_brand?post=20480"},{"taxonomy":"product_cat","embeddable":true,"href":"https:\/\/uj.adatbank.ro\/lexikon\/wp-json\/wp\/v2\/product_cat?post=20480"},{"taxonomy":"product_tag","embeddable":true,"href":"https:\/\/uj.adatbank.ro\/lexikon\/wp-json\/wp\/v2\/product_tag?post=20480"}],"curies":[{"name":"wp","href":"https:\/\/api.w.org\/{rel}","templated":true}]}}