{"id":20482,"date":"2025-07-22T18:50:31","date_gmt":"2025-07-22T16:50:31","guid":{"rendered":"https:\/\/uj.adatbank.ro\/lexikon\/termek\/simonis-emil\/"},"modified":"2025-07-22T18:50:31","modified_gmt":"2025-07-22T16:50:31","slug":"simonis-emil","status":"publish","type":"product","link":"https:\/\/uj.adatbank.ro\/lexikon\/termek\/simonis-emil\/","title":{"rendered":"SIMONIS, Emil"},"content":{"rendered":"<p>Radn\u00f3tf\u00e1ja, 1919. dec. 2., \u2020?: f\u0151hadnagy. \u2013 Siguran\u0163a \u00fcgyn\u00f6k (1948), alhadnagy (1948), hadnagy (1952), f\u0151hadnagy (?). Maros Megyei Siguran\u0163a (1948), Maros Megyei Securitate (1948\u20131950), MAT Securitate Tartom\u00e1nyi Igazgat\u00f3s\u00e1g\u00e1n hadnagy (1952\u2013), oszt\u00e1lyvezet\u0151 f\u0151hadnagy. Kih\u00e1g\u00e1sok miatt tartal\u00e9kban helyezt\u00e9k \u00e9s a p\u00e1rtb\u00f3l is kiz\u00e1rt\u00e1k. <br \/><strong>Irod.:<\/strong> Bartos Zolt\u00e1n; Bartos 2012.<\/br><\/p>\n","protected":false},"excerpt":{"rendered":"<p>Radn\u00f3tf\u00e1ja, 1919. dec. 2., \u2020?: f\u0151hadnagy. \u2013 Siguran\u0163a \u00fcgyn\u00f6k (1948), alhadnagy (1948), hadnagy (1952), f\u0151hadnagy (?). Maros Megyei Siguran\u0163a (1948), Maros Megyei Securitate (1948\u20131950), MAT Securitate Tartom\u00e1nyi Igazgat\u00f3s\u00e1g\u00e1n hadnagy (1952\u2013), oszt\u00e1lyvezet\u0151 f\u0151hadnagy. Kih\u00e1g\u00e1sok miatt tartal\u00e9kban helyezt\u00e9k \u00e9s a p\u00e1rtb\u00f3l is kiz\u00e1rt\u00e1k. Irod.: Bartos Zolt\u00e1n; Bartos 2012.<\/p>\n","protected":false},"featured_media":0,"comment_status":"open","ping_status":"closed","template":"","meta":[],"product_brand":[],"product_cat":[137],"product_tag":[],"class_list":{"0":"post-20482","1":"product","2":"type-product","3":"status-publish","5":"product_cat-maros-megyei-eletrajzi-lexikon","7":"first","8":"instock","9":"shipping-taxable","10":"product-type-simple"},"_links":{"self":[{"href":"https:\/\/uj.adatbank.ro\/lexikon\/wp-json\/wp\/v2\/product\/20482","targetHints":{"allow":["GET"]}}],"collection":[{"href":"https:\/\/uj.adatbank.ro\/lexikon\/wp-json\/wp\/v2\/product"}],"about":[{"href":"https:\/\/uj.adatbank.ro\/lexikon\/wp-json\/wp\/v2\/types\/product"}],"replies":[{"embeddable":true,"href":"https:\/\/uj.adatbank.ro\/lexikon\/wp-json\/wp\/v2\/comments?post=20482"}],"wp:attachment":[{"href":"https:\/\/uj.adatbank.ro\/lexikon\/wp-json\/wp\/v2\/media?parent=20482"}],"wp:term":[{"taxonomy":"product_brand","embeddable":true,"href":"https:\/\/uj.adatbank.ro\/lexikon\/wp-json\/wp\/v2\/product_brand?post=20482"},{"taxonomy":"product_cat","embeddable":true,"href":"https:\/\/uj.adatbank.ro\/lexikon\/wp-json\/wp\/v2\/product_cat?post=20482"},{"taxonomy":"product_tag","embeddable":true,"href":"https:\/\/uj.adatbank.ro\/lexikon\/wp-json\/wp\/v2\/product_tag?post=20482"}],"curies":[{"name":"wp","href":"https:\/\/api.w.org\/{rel}","templated":true}]}}