{"id":20485,"date":"2025-07-22T18:50:38","date_gmt":"2025-07-22T16:50:38","guid":{"rendered":"https:\/\/uj.adatbank.ro\/lexikon\/termek\/simonis-jacobus\/"},"modified":"2025-07-22T18:50:38","modified_gmt":"2025-07-22T16:50:38","slug":"simonis-jacobus","status":"publish","type":"product","link":"https:\/\/uj.adatbank.ro\/lexikon\/termek\/simonis-jacobus\/","title":{"rendered":"SIMONIS, Jacobus"},"content":{"rendered":"<p>Segesv\u00e1r? \u2020 Sz\u00e1szkereszt\u00far, 1811.: lelk\u00e9sz, tan\u00e1r. \u2013 Tanult: J\u00e9na (1756), G\u00f6ttingen teol\u00f3gi\u00e1t (1798). Tan\u00e1r Segesv\u00e1ron (1800\u2013); lelk\u00e9sz Sz\u00e1szkereszt\u00faron (1907\u20131811). <br \/><strong>Irod.:<\/strong> Szab\u00f3\u2013Sz\u00f6gi.<\/br><\/p>\n","protected":false},"excerpt":{"rendered":"<p>Segesv\u00e1r? \u2020 Sz\u00e1szkereszt\u00far, 1811.: lelk\u00e9sz, tan\u00e1r. \u2013 Tanult: J\u00e9na (1756), G\u00f6ttingen teol\u00f3gi\u00e1t (1798). Tan\u00e1r Segesv\u00e1ron (1800\u2013); lelk\u00e9sz Sz\u00e1szkereszt\u00faron (1907\u20131811). Irod.: Szab\u00f3\u2013Sz\u00f6gi.<\/p>\n","protected":false},"featured_media":0,"comment_status":"open","ping_status":"closed","template":"","meta":[],"product_brand":[],"product_cat":[137],"product_tag":[],"class_list":{"0":"post-20485","1":"product","2":"type-product","3":"status-publish","5":"product_cat-maros-megyei-eletrajzi-lexikon","7":"first","8":"instock","9":"shipping-taxable","10":"product-type-simple"},"_links":{"self":[{"href":"https:\/\/uj.adatbank.ro\/lexikon\/wp-json\/wp\/v2\/product\/20485","targetHints":{"allow":["GET"]}}],"collection":[{"href":"https:\/\/uj.adatbank.ro\/lexikon\/wp-json\/wp\/v2\/product"}],"about":[{"href":"https:\/\/uj.adatbank.ro\/lexikon\/wp-json\/wp\/v2\/types\/product"}],"replies":[{"embeddable":true,"href":"https:\/\/uj.adatbank.ro\/lexikon\/wp-json\/wp\/v2\/comments?post=20485"}],"wp:attachment":[{"href":"https:\/\/uj.adatbank.ro\/lexikon\/wp-json\/wp\/v2\/media?parent=20485"}],"wp:term":[{"taxonomy":"product_brand","embeddable":true,"href":"https:\/\/uj.adatbank.ro\/lexikon\/wp-json\/wp\/v2\/product_brand?post=20485"},{"taxonomy":"product_cat","embeddable":true,"href":"https:\/\/uj.adatbank.ro\/lexikon\/wp-json\/wp\/v2\/product_cat?post=20485"},{"taxonomy":"product_tag","embeddable":true,"href":"https:\/\/uj.adatbank.ro\/lexikon\/wp-json\/wp\/v2\/product_tag?post=20485"}],"curies":[{"name":"wp","href":"https:\/\/api.w.org\/{rel}","templated":true}]}}