{"id":20487,"date":"2025-07-22T18:50:43","date_gmt":"2025-07-22T16:50:43","guid":{"rendered":"https:\/\/uj.adatbank.ro\/lexikon\/termek\/simonis-johann-georg\/"},"modified":"2025-07-22T18:50:43","modified_gmt":"2025-07-22T16:50:43","slug":"simonis-johann-georg","status":"publish","type":"product","link":"https:\/\/uj.adatbank.ro\/lexikon\/termek\/simonis-johann-georg\/","title":{"rendered":"SIMONIS, Johann Georg"},"content":{"rendered":"<p>Segesv\u00e1r, 1800., \u2020?: lelk\u00e9sz, tan\u00e1r. \u2013 Tanult Segesv\u00e1ron, majd B\u00e9csben prot. Teol\u00f3gi\u00e1t (1821). Tan\u00e1r Segesv\u00e1ron, lelk\u00e9sz R\u00e1doson (1839\u2013), Sz\u00e1szk\u00e9zden (1848\u201359). <br \/><strong>Irod.:<\/strong> Szab\u00f3\u2013Sz\u00f6gi.<\/br><\/p>\n","protected":false},"excerpt":{"rendered":"<p>Segesv\u00e1r, 1800., \u2020?: lelk\u00e9sz, tan\u00e1r. \u2013 Tanult Segesv\u00e1ron, majd B\u00e9csben prot. Teol\u00f3gi\u00e1t (1821). Tan\u00e1r Segesv\u00e1ron, lelk\u00e9sz R\u00e1doson (1839\u2013), Sz\u00e1szk\u00e9zden (1848\u201359). Irod.: Szab\u00f3\u2013Sz\u00f6gi.<\/p>\n","protected":false},"featured_media":0,"comment_status":"open","ping_status":"closed","template":"","meta":[],"product_brand":[],"product_cat":[137],"product_tag":[],"class_list":{"0":"post-20487","1":"product","2":"type-product","3":"status-publish","5":"product_cat-maros-megyei-eletrajzi-lexikon","7":"first","8":"instock","9":"shipping-taxable","10":"product-type-simple"},"_links":{"self":[{"href":"https:\/\/uj.adatbank.ro\/lexikon\/wp-json\/wp\/v2\/product\/20487","targetHints":{"allow":["GET"]}}],"collection":[{"href":"https:\/\/uj.adatbank.ro\/lexikon\/wp-json\/wp\/v2\/product"}],"about":[{"href":"https:\/\/uj.adatbank.ro\/lexikon\/wp-json\/wp\/v2\/types\/product"}],"replies":[{"embeddable":true,"href":"https:\/\/uj.adatbank.ro\/lexikon\/wp-json\/wp\/v2\/comments?post=20487"}],"wp:attachment":[{"href":"https:\/\/uj.adatbank.ro\/lexikon\/wp-json\/wp\/v2\/media?parent=20487"}],"wp:term":[{"taxonomy":"product_brand","embeddable":true,"href":"https:\/\/uj.adatbank.ro\/lexikon\/wp-json\/wp\/v2\/product_brand?post=20487"},{"taxonomy":"product_cat","embeddable":true,"href":"https:\/\/uj.adatbank.ro\/lexikon\/wp-json\/wp\/v2\/product_cat?post=20487"},{"taxonomy":"product_tag","embeddable":true,"href":"https:\/\/uj.adatbank.ro\/lexikon\/wp-json\/wp\/v2\/product_tag?post=20487"}],"curies":[{"name":"wp","href":"https:\/\/api.w.org\/{rel}","templated":true}]}}