{"id":20488,"date":"2025-07-22T18:50:45","date_gmt":"2025-07-22T16:50:45","guid":{"rendered":"https:\/\/uj.adatbank.ro\/lexikon\/termek\/simonis-johannes\/"},"modified":"2025-07-22T18:50:45","modified_gmt":"2025-07-22T16:50:45","slug":"simonis-johannes","status":"publish","type":"product","link":"https:\/\/uj.adatbank.ro\/lexikon\/termek\/simonis-johannes\/","title":{"rendered":"SIMONIS, Johannes"},"content":{"rendered":"<p>Sz\u00e1szk\u00e9zd, 1744., \u2020 Sz\u00e1szbuda (Brass\u00f3), 1796, m\u00e1j. 29.: lelk\u00e9sz, tan\u00e1r. \u2013 Tanult Erlagenben (1767\u2013). Tan\u00e1r Segesv\u00e1ron; lelk\u00e9sz Sz\u00e1szbud\u00e1n (1788\u20131796). <br \/><strong>Irod.:<\/strong> Szab\u00f3\u2013Sz\u00f6gi.<\/br><\/p>\n","protected":false},"excerpt":{"rendered":"<p>Sz\u00e1szk\u00e9zd, 1744., \u2020 Sz\u00e1szbuda (Brass\u00f3), 1796, m\u00e1j. 29.: lelk\u00e9sz, tan\u00e1r. \u2013 Tanult Erlagenben (1767\u2013). Tan\u00e1r Segesv\u00e1ron; lelk\u00e9sz Sz\u00e1szbud\u00e1n (1788\u20131796). Irod.: Szab\u00f3\u2013Sz\u00f6gi.<\/p>\n","protected":false},"featured_media":0,"comment_status":"open","ping_status":"closed","template":"","meta":[],"product_brand":[],"product_cat":[137],"product_tag":[],"class_list":{"0":"post-20488","1":"product","2":"type-product","3":"status-publish","5":"product_cat-maros-megyei-eletrajzi-lexikon","7":"first","8":"instock","9":"shipping-taxable","10":"product-type-simple"},"_links":{"self":[{"href":"https:\/\/uj.adatbank.ro\/lexikon\/wp-json\/wp\/v2\/product\/20488","targetHints":{"allow":["GET"]}}],"collection":[{"href":"https:\/\/uj.adatbank.ro\/lexikon\/wp-json\/wp\/v2\/product"}],"about":[{"href":"https:\/\/uj.adatbank.ro\/lexikon\/wp-json\/wp\/v2\/types\/product"}],"replies":[{"embeddable":true,"href":"https:\/\/uj.adatbank.ro\/lexikon\/wp-json\/wp\/v2\/comments?post=20488"}],"wp:attachment":[{"href":"https:\/\/uj.adatbank.ro\/lexikon\/wp-json\/wp\/v2\/media?parent=20488"}],"wp:term":[{"taxonomy":"product_brand","embeddable":true,"href":"https:\/\/uj.adatbank.ro\/lexikon\/wp-json\/wp\/v2\/product_brand?post=20488"},{"taxonomy":"product_cat","embeddable":true,"href":"https:\/\/uj.adatbank.ro\/lexikon\/wp-json\/wp\/v2\/product_cat?post=20488"},{"taxonomy":"product_tag","embeddable":true,"href":"https:\/\/uj.adatbank.ro\/lexikon\/wp-json\/wp\/v2\/product_tag?post=20488"}],"curies":[{"name":"wp","href":"https:\/\/api.w.org\/{rel}","templated":true}]}}