{"id":20489,"date":"2025-07-22T18:50:47","date_gmt":"2025-07-22T16:50:47","guid":{"rendered":"https:\/\/uj.adatbank.ro\/lexikon\/termek\/simonis-ludwig-wilhelm-gottfried\/"},"modified":"2025-07-22T18:50:47","modified_gmt":"2025-07-22T16:50:47","slug":"simonis-ludwig-wilhelm-gottfried","status":"publish","type":"product","link":"https:\/\/uj.adatbank.ro\/lexikon\/termek\/simonis-ludwig-wilhelm-gottfried\/","title":{"rendered":"SIMONIS, Ludwig Wilhelm Gottfried"},"content":{"rendered":"<p>Segesv\u00e1r, 1807. febr. 15., \u2020\u00a0Sz\u00e1szsebes, 1888. dec. 6: orvosdoktor, S. Gy\u00f6rgy, sz\u00e1szk\u00e9zdi \u00e1g. ev. pap fia. \u2013 Tanult sz\u00fcl\u0151v\u00e1ros\u00e1ban, azut\u00e1n a B\u00e9csben az orvosi egyetemen, P\u00e1dov\u00e1ban doktor\u00e1lt. (1834. m\u00e1j. 4.). Gyakorl\u00f3 \u00e9s ker\u00fcleti orvos volt Sz\u00e1szsebesen. \u2013 <strong>F. m.<\/strong>: Dissertatio inauguralis medica de delirio cum tremore, quam pro Doctoris Med. laurea &#8230; in C. R. Universitate Patavina publicae Eruditorum disquisitioni submittit. (Patavii, 1834). <br \/><strong>Irod.:<\/strong> F\u00fcl\u00f6p\u2013Ferencz; Gy\u0151ry; Szab\u00f3\u2013Sz\u00f6gi; Szinnyei, Szinnyei J-Sz. J.; Todea; Veress Endre: Matricula et acta Hungarorum in universitatibus Italiae studentium (Kv., 1915\u201317); Offner, Robert = Tonk S. 2020.<\/br><\/p>\n","protected":false},"excerpt":{"rendered":"<p>Segesv\u00e1r, 1807. febr. 15., \u2020\u00a0Sz\u00e1szsebes, 1888. dec. 6: orvosdoktor, S. Gy\u00f6rgy, sz\u00e1szk\u00e9zdi \u00e1g. ev. pap fia. \u2013 Tanult sz\u00fcl\u0151v\u00e1ros\u00e1ban, azut\u00e1n a B\u00e9csben az orvosi egyetemen, P\u00e1dov\u00e1ban doktor\u00e1lt. (1834. m\u00e1j. 4.). Gyakorl\u00f3 \u00e9s ker\u00fcleti orvos volt Sz\u00e1szsebesen. \u2013 F. m.: Dissertatio inauguralis medica de delirio cum tremore, quam pro Doctoris Med. laurea &#8230; in C. R. [&hellip;]<\/p>\n","protected":false},"featured_media":0,"comment_status":"open","ping_status":"closed","template":"","meta":[],"product_brand":[],"product_cat":[137],"product_tag":[],"class_list":{"0":"post-20489","1":"product","2":"type-product","3":"status-publish","5":"product_cat-maros-megyei-eletrajzi-lexikon","7":"first","8":"instock","9":"shipping-taxable","10":"product-type-simple"},"_links":{"self":[{"href":"https:\/\/uj.adatbank.ro\/lexikon\/wp-json\/wp\/v2\/product\/20489","targetHints":{"allow":["GET"]}}],"collection":[{"href":"https:\/\/uj.adatbank.ro\/lexikon\/wp-json\/wp\/v2\/product"}],"about":[{"href":"https:\/\/uj.adatbank.ro\/lexikon\/wp-json\/wp\/v2\/types\/product"}],"replies":[{"embeddable":true,"href":"https:\/\/uj.adatbank.ro\/lexikon\/wp-json\/wp\/v2\/comments?post=20489"}],"wp:attachment":[{"href":"https:\/\/uj.adatbank.ro\/lexikon\/wp-json\/wp\/v2\/media?parent=20489"}],"wp:term":[{"taxonomy":"product_brand","embeddable":true,"href":"https:\/\/uj.adatbank.ro\/lexikon\/wp-json\/wp\/v2\/product_brand?post=20489"},{"taxonomy":"product_cat","embeddable":true,"href":"https:\/\/uj.adatbank.ro\/lexikon\/wp-json\/wp\/v2\/product_cat?post=20489"},{"taxonomy":"product_tag","embeddable":true,"href":"https:\/\/uj.adatbank.ro\/lexikon\/wp-json\/wp\/v2\/product_tag?post=20489"}],"curies":[{"name":"wp","href":"https:\/\/api.w.org\/{rel}","templated":true}]}}