{"id":2049,"date":"2025-06-28T12:02:12","date_gmt":"2025-06-28T10:02:12","guid":{"rendered":"https:\/\/uj.adatbank.ro\/lexikon\/termek\/balintitt-janos-tovisi-br\/"},"modified":"2025-06-28T12:02:12","modified_gmt":"2025-06-28T10:02:12","slug":"balintitt-janos-tovisi-br","status":"publish","type":"product","link":"https:\/\/uj.adatbank.ro\/lexikon\/termek\/balintitt-janos-tovisi-br\/","title":{"rendered":"B\u00c1LINTITT J\u00e1nos, t\u00f6visi br."},"content":{"rendered":"<p>? \u2020\u00a01784.: kir. t\u00e1blai \u00fcln\u00f6k. \u2013 Apja B. Sigmond, f\u0151isp\u00e1n. \u2013 Feles\u00e9ge: Logofet Zafira, a havasalf\u00f6ldi vajda le\u00e1nya. \u2013 Az erd\u00e9lyi Kir. T\u00e1bla \u00fcln\u00f6ke. Irodalmi munk\u00e1ss\u00e1ga is figyelemrem\u00e9lt\u00f3, dr\u00e1m\u00e1t \u00edrt, ami meg is jelent.- <strong>F. m.:<\/strong> Kodrus\u2026(B\u00e9cs, 1784). <br \/><strong>Irod.:<\/strong> Bicsok\u2013Orb\u00e1n; Kornis<\/br><\/p>\n","protected":false},"excerpt":{"rendered":"<p>? \u2020\u00a01784.: kir. t\u00e1blai \u00fcln\u00f6k. \u2013 Apja B. Sigmond, f\u0151isp\u00e1n. \u2013 Feles\u00e9ge: Logofet Zafira, a havasalf\u00f6ldi vajda le\u00e1nya. \u2013 Az erd\u00e9lyi Kir. T\u00e1bla \u00fcln\u00f6ke. Irodalmi munk\u00e1ss\u00e1ga is figyelemrem\u00e9lt\u00f3, dr\u00e1m\u00e1t \u00edrt, ami meg is jelent.- F. m.: Kodrus\u2026(B\u00e9cs, 1784). Irod.: Bicsok\u2013Orb\u00e1n; Kornis<\/p>\n","protected":false},"featured_media":0,"comment_status":"open","ping_status":"closed","template":"","meta":[],"product_brand":[],"product_cat":[137],"product_tag":[],"class_list":{"0":"post-2049","1":"product","2":"type-product","3":"status-publish","5":"product_cat-maros-megyei-eletrajzi-lexikon","7":"first","8":"instock","9":"shipping-taxable","10":"product-type-simple"},"_links":{"self":[{"href":"https:\/\/uj.adatbank.ro\/lexikon\/wp-json\/wp\/v2\/product\/2049","targetHints":{"allow":["GET"]}}],"collection":[{"href":"https:\/\/uj.adatbank.ro\/lexikon\/wp-json\/wp\/v2\/product"}],"about":[{"href":"https:\/\/uj.adatbank.ro\/lexikon\/wp-json\/wp\/v2\/types\/product"}],"replies":[{"embeddable":true,"href":"https:\/\/uj.adatbank.ro\/lexikon\/wp-json\/wp\/v2\/comments?post=2049"}],"wp:attachment":[{"href":"https:\/\/uj.adatbank.ro\/lexikon\/wp-json\/wp\/v2\/media?parent=2049"}],"wp:term":[{"taxonomy":"product_brand","embeddable":true,"href":"https:\/\/uj.adatbank.ro\/lexikon\/wp-json\/wp\/v2\/product_brand?post=2049"},{"taxonomy":"product_cat","embeddable":true,"href":"https:\/\/uj.adatbank.ro\/lexikon\/wp-json\/wp\/v2\/product_cat?post=2049"},{"taxonomy":"product_tag","embeddable":true,"href":"https:\/\/uj.adatbank.ro\/lexikon\/wp-json\/wp\/v2\/product_tag?post=2049"}],"curies":[{"name":"wp","href":"https:\/\/api.w.org\/{rel}","templated":true}]}}