{"id":20491,"date":"2025-07-22T18:50:51","date_gmt":"2025-07-22T16:50:51","guid":{"rendered":"https:\/\/uj.adatbank.ro\/lexikon\/termek\/simonis-vasile\/"},"modified":"2025-07-22T18:50:51","modified_gmt":"2025-07-22T16:50:51","slug":"simonis-vasile","status":"publish","type":"product","link":"https:\/\/uj.adatbank.ro\/lexikon\/termek\/simonis-vasile\/","title":{"rendered":"SIMONIS, Vasile"},"content":{"rendered":"<p>Nagys\u00e1rm\u00e1s,\u00a01825.? \u2020 Kv., 1848. okt. 15.: jog\u00e1sz, politikus. \u2013 A harmadik bal\u00e1zsfalvi Nemzeti Gy\u0171l\u00e9s ut\u00e1n (1848. szept. 3\/15.) kinevezt\u00e9k a Mez\u0151s\u00e9g prefekt\u00far\u00e1j\u00e1nak katonai k\u00f6zigazgat\u00e1si vezet\u0151j\u00e9v\u00e9 \u00e9s Al. B\u0103tr\u00e2neanu mell\u00e9 alprefektusnak. Harcost\u00e1rsa volt Avram Iancu, Papiu Ilarian-nak. Tribun\u00e1tus\u00e1hoz, a negyedikhez, t\u00edz falu tartozott. Mozg\u00f3s\u00edtotta az eg\u00e9sz vid\u00e9ket, hogy vegyenek r\u00e9szt a forradalomban, a kov\u00e1csok fegyverekkel l\u00e1tt\u00e1k el a forradalm\u00e1rokat. R\u00e9szt vett a tribun\u00e1tus falvainak a n\u00e9pgy\u0171l\u00e9sein, ahol h\u0171s\u00e9gesk\u00fct tettek. A B\u00e1r\u00e9 (Kolozs) faluban szervezett n\u00e9pgy\u0171l\u00e9s alkalm\u00e1val egy m. hadegys\u00e9g katon\u00e1i letart\u00f3ztatt\u00e1k B\u0103tr\u00e2neanut, Simonist \u00e9s Turcu tan\u00edt\u00f3t, Kv.-ra sz\u00e1ll\u00edtott\u00e1k \u0151ket, ahol kat. t\u00f6rv\u00e9nysz\u00e9k el\u00e9 \u00e1ll\u00edtott\u00e1k \u00e9s k\u00f6t\u00e9l \u00e1ltali hal\u00e1lra \u00edt\u00e9lt\u00e9k. Az \u00edt\u00e9letet r\u00f6gt\u00f6n v\u00e9gre is hajtott\u00e1k. <br \/><strong>Irod.:<\/strong> Buruian; S\u0103rma\u015fu; S\u0103rma\u015fu 670; Todea 2013; Transilvania 1848\u201349.<\/br><\/p>\n","protected":false},"excerpt":{"rendered":"<p>Nagys\u00e1rm\u00e1s,\u00a01825.? \u2020 Kv., 1848. okt. 15.: jog\u00e1sz, politikus. \u2013 A harmadik bal\u00e1zsfalvi Nemzeti Gy\u0171l\u00e9s ut\u00e1n (1848. szept. 3\/15.) kinevezt\u00e9k a Mez\u0151s\u00e9g prefekt\u00far\u00e1j\u00e1nak katonai k\u00f6zigazgat\u00e1si vezet\u0151j\u00e9v\u00e9 \u00e9s Al. B\u0103tr\u00e2neanu mell\u00e9 alprefektusnak. Harcost\u00e1rsa volt Avram Iancu, Papiu Ilarian-nak. Tribun\u00e1tus\u00e1hoz, a negyedikhez, t\u00edz falu tartozott. Mozg\u00f3s\u00edtotta az eg\u00e9sz vid\u00e9ket, hogy vegyenek r\u00e9szt a forradalomban, a kov\u00e1csok fegyverekkel l\u00e1tt\u00e1k [&hellip;]<\/p>\n","protected":false},"featured_media":0,"comment_status":"open","ping_status":"closed","template":"","meta":[],"product_brand":[],"product_cat":[137],"product_tag":[],"class_list":{"0":"post-20491","1":"product","2":"type-product","3":"status-publish","5":"product_cat-maros-megyei-eletrajzi-lexikon","7":"first","8":"instock","9":"shipping-taxable","10":"product-type-simple"},"_links":{"self":[{"href":"https:\/\/uj.adatbank.ro\/lexikon\/wp-json\/wp\/v2\/product\/20491","targetHints":{"allow":["GET"]}}],"collection":[{"href":"https:\/\/uj.adatbank.ro\/lexikon\/wp-json\/wp\/v2\/product"}],"about":[{"href":"https:\/\/uj.adatbank.ro\/lexikon\/wp-json\/wp\/v2\/types\/product"}],"replies":[{"embeddable":true,"href":"https:\/\/uj.adatbank.ro\/lexikon\/wp-json\/wp\/v2\/comments?post=20491"}],"wp:attachment":[{"href":"https:\/\/uj.adatbank.ro\/lexikon\/wp-json\/wp\/v2\/media?parent=20491"}],"wp:term":[{"taxonomy":"product_brand","embeddable":true,"href":"https:\/\/uj.adatbank.ro\/lexikon\/wp-json\/wp\/v2\/product_brand?post=20491"},{"taxonomy":"product_cat","embeddable":true,"href":"https:\/\/uj.adatbank.ro\/lexikon\/wp-json\/wp\/v2\/product_cat?post=20491"},{"taxonomy":"product_tag","embeddable":true,"href":"https:\/\/uj.adatbank.ro\/lexikon\/wp-json\/wp\/v2\/product_tag?post=20491"}],"curies":[{"name":"wp","href":"https:\/\/api.w.org\/{rel}","templated":true}]}}