{"id":20492,"date":"2025-07-22T18:50:53","date_gmt":"2025-07-22T16:50:53","guid":{"rendered":"https:\/\/uj.adatbank.ro\/lexikon\/termek\/simor-jeno-eugen\/"},"modified":"2025-07-22T18:50:53","modified_gmt":"2025-07-22T16:50:53","slug":"simor-jeno-eugen","status":"publish","type":"product","link":"https:\/\/uj.adatbank.ro\/lexikon\/termek\/simor-jeno-eugen\/","title":{"rendered":"SIMOR Jen\u0151, Eugen"},"content":{"rendered":"<p>? \u2020?: heged\u0171m\u0171v\u00e9sz, tan\u00e1r. \u2013 A mv.-i v\u00e1rosi zeneiskola heged\u0171tan\u00e1ra volt (1909\u201324). Term\u00e9keny tan\u00e1ri munk\u00e1ss\u00e1g\u00e1val egyidej\u0171leg sz\u00e1mos sz\u00f3l\u00f3hangversenyt adott itthon, Berlinben \u00e9s Bp.-en. Tagja volt a Metz von\u00f3sn\u00e9gyesnek (1913\u2013), amellyel az orsz\u00e1g sok v\u00e1ros\u00e1ban hangversenyezett. Az I. vh. idej\u00e9n j\u00f3t\u00e9konys\u00e1gi c\u00e9l\u00fa hangversenyeken is fell\u00e9pett. Megv\u00e1lt a zeneiskol\u00e1t\u00f3l \u00e9s egy\u00e9ves tanulm\u00e1ny\u00fatra Berlinbe ment (1921), New Yorkba telepedett (1924\u2013); ott maradt \u00e9lete v\u00e9g\u00e9ig. A Mv.-i Almanach-ban k\u00f6z\u00f6lte tanulm\u00e1ny\u00e1t (1920): A r\u00e9gi mesterheged\u0171k c.-el. \u2013 Irod: Anuarul Conservatorului Municipiului Tg.M. (1927\u20131928); Filarmonica 50; Hajd\u00f3 K\u00e1roly: A mv.-i zeneiskola \u00e9vfordul\u00f3j\u00e1ra (N\u00fa., 1999. jan. 12.); Id\u0151t\u00e1r 2; Id\u0151t\u00e1r 3; Molter 1.; Mv. \u00e9s a h\u00e1bor\u00fa 1.; Mv. m\u0171v. v\u00e1r.; Zenetudom\u00e1nyi \u00edr\u00e1sok.<\/br><\/p>\n","protected":false},"excerpt":{"rendered":"<p>? \u2020?: heged\u0171m\u0171v\u00e9sz, tan\u00e1r. \u2013 A mv.-i v\u00e1rosi zeneiskola heged\u0171tan\u00e1ra volt (1909\u201324). Term\u00e9keny tan\u00e1ri munk\u00e1ss\u00e1g\u00e1val egyidej\u0171leg sz\u00e1mos sz\u00f3l\u00f3hangversenyt adott itthon, Berlinben \u00e9s Bp.-en. Tagja volt a Metz von\u00f3sn\u00e9gyesnek (1913\u2013), amellyel az orsz\u00e1g sok v\u00e1ros\u00e1ban hangversenyezett. Az I. vh. idej\u00e9n j\u00f3t\u00e9konys\u00e1gi c\u00e9l\u00fa hangversenyeken is fell\u00e9pett. Megv\u00e1lt a zeneiskol\u00e1t\u00f3l \u00e9s egy\u00e9ves tanulm\u00e1ny\u00fatra Berlinbe ment (1921), New Yorkba [&hellip;]<\/p>\n","protected":false},"featured_media":0,"comment_status":"open","ping_status":"closed","template":"","meta":[],"product_brand":[],"product_cat":[137],"product_tag":[],"class_list":{"0":"post-20492","1":"product","2":"type-product","3":"status-publish","5":"product_cat-maros-megyei-eletrajzi-lexikon","7":"first","8":"instock","9":"shipping-taxable","10":"product-type-simple"},"_links":{"self":[{"href":"https:\/\/uj.adatbank.ro\/lexikon\/wp-json\/wp\/v2\/product\/20492","targetHints":{"allow":["GET"]}}],"collection":[{"href":"https:\/\/uj.adatbank.ro\/lexikon\/wp-json\/wp\/v2\/product"}],"about":[{"href":"https:\/\/uj.adatbank.ro\/lexikon\/wp-json\/wp\/v2\/types\/product"}],"replies":[{"embeddable":true,"href":"https:\/\/uj.adatbank.ro\/lexikon\/wp-json\/wp\/v2\/comments?post=20492"}],"wp:attachment":[{"href":"https:\/\/uj.adatbank.ro\/lexikon\/wp-json\/wp\/v2\/media?parent=20492"}],"wp:term":[{"taxonomy":"product_brand","embeddable":true,"href":"https:\/\/uj.adatbank.ro\/lexikon\/wp-json\/wp\/v2\/product_brand?post=20492"},{"taxonomy":"product_cat","embeddable":true,"href":"https:\/\/uj.adatbank.ro\/lexikon\/wp-json\/wp\/v2\/product_cat?post=20492"},{"taxonomy":"product_tag","embeddable":true,"href":"https:\/\/uj.adatbank.ro\/lexikon\/wp-json\/wp\/v2\/product_tag?post=20492"}],"curies":[{"name":"wp","href":"https:\/\/api.w.org\/{rel}","templated":true}]}}