{"id":20495,"date":"2025-07-22T18:50:58","date_gmt":"2025-07-22T16:50:58","guid":{"rendered":"https:\/\/uj.adatbank.ro\/lexikon\/termek\/simu-george\/"},"modified":"2025-07-22T18:50:58","modified_gmt":"2025-07-22T16:50:58","slug":"simu-george","status":"publish","type":"product","link":"https:\/\/uj.adatbank.ro\/lexikon\/termek\/simu-george\/","title":{"rendered":"SIMU, George"},"content":{"rendered":"<p>Segesv\u00e1r, 1926. dec. 26., \u2020\u00a0Mv., 2007. nov. 8.: orvos, egyetemi tan\u00e1r. \u2013 A k\u00f6z\u00e9piskol\u00e1t Erzs\u00e9betv\u00e1roson, az orvosi egyetemet Kv.-on v\u00e9gezte (1951); doktor\u00e1lt (1970). Gyakornok, tan\u00e1rseg\u00e9d Kv.-on (1951\u2013); tudom\u00e1nyos kutat\u00f3 volt Kv.-on az Igiena Int.-ben (1959\u201360), azut\u00e1n f\u0151n\u00f6k az Onkol\u00f3giai Int\u00e9zet k\u00f3rbonctani laborat\u00f3rium\u00e1ban (1958\u201378). A Tan\u00fcgyi Miniszt\u00e9rium Fels\u0151bb Diploma Bizotts\u00e1ga az orvostudom\u00e1nyok doktora (1971. \u00e1pr. ), majd a patol\u00f3gia f\u0151orvosa c.-t adom\u00e1nyozta neki (1971. nov.). Versenyvizsg\u00e1val v\u00e9gleges\u00edtett el\u0151ad\u00f3tan\u00e1r, majd prof., katedraf\u0151n\u00f6k a MOGYI Morfopatol\u00f3gia Tansz\u00e9k\u00e9n (1978\u2013); rektorhelyettes (1984\u201386); d\u00e9k\u00e1n (1989\u201390); a Szen\u00e1tus tudom\u00e1nyos titk\u00e1ra (1992\u201397), katedraf\u0151n\u00f6k (1996\u201397). Nyugd\u00edjba vonult \u00e9s konzult\u00e1ns prof. lett (1997). Sz\u00e9lesk\u00f6r\u0171 tudom\u00e1nyos munk\u00e1ss\u00e1g\u00e1val, doktorandusk\u00e9pz\u00e9s\u00e9vel iskol\u00e1t \u00e9s st\u00edlust teremtett. A szebeni orvosi egyetemen prof. (1992\u2013), majd a nagyv\u00e1radi egyetem Histol\u00f3gia \u00e9s Morfopatol\u00f3gia Tansz\u00e9k\u00e9n (1998\u2013). A Mv.-i R\u00e1di\u00f3 munkat\u00e1rsa, t\u00f6bb eg\u00e9szs\u00e9g\u00fcgyi ad\u00e1sban tudom\u00e1nyos n\u00e9pszer\u0171s\u00edt\u0151 tev\u00e9kenys\u00e9get fejtett ki (1991 \u2013). T\u00f6bb mint 200 szaktanulm\u00e1ny szerz\u0151je v. t\u00e1rsszerz\u0151je, ezek megjelentek a: Gynocologie-Obs, Archives Geschwulstforsch, Acta Morphologica Hungarica. Annales Otto-Laryngologie,Folia Biologica, c. szaklapokban. Tov\u00e1bbk\u00e9pz\u0151n vett r\u00e9szt Franciao.-ban (1970); Bp.-en (1973). A RTA Victor Babe\u015f d\u00edj\u00e1t kapta (1980), t\u00f6bb tudom\u00e1nyos t\u00e1rsas\u00e1g Rom\u00e1n Morfol\u00f3giai T\u00e1rsas\u00e1g, Nemzeti Immunol\u00f3gia Komisszi\u00f3, Rom\u00e1n Biol\u00f3giai \u00e9s Sejtmorfol\u00f3giai T\u00e1rsas\u00e1g, Nemzetk\u00f6zi Sejtbiol\u00f3giai T\u00e1rsas\u00e1g tagja. A Mv.-i Rotari Klub eln\u00f6ke. A MOGYE tiszteletbeli professzora (2001). \u2013 <strong>F. m.<\/strong>: Patologia colului uterin. (Tg.M., 1969.); Imunitate \u015fi cancer (Buc., 1978.); Curs de morfologie. \u2013 Vol. 1. (Tg.M., 1979.); Imunitate \u015fi cancer. (Buc., 1978); <strong>t\u00e1rssz.:<\/strong> Cancerul colului uterin (Cluj, 1972.); Diagnosticul citologic \u015fi histologic al adenopatiilor (Macavei Ionnal; Cluj, 1977.); Dic\u0163ionarul s\u0103n\u0103t\u0103\u0163ii. (1979.); \u00cendreptar de lucr\u0103ri practice de morfopatologie microscopic\u0103. (1981.); Tehnica necropsiei anatomopatologice. (1981.); Tratat de patologie chirurgical\u0103 \/ Vol. 1. (Buc., 1989.); Chirurgia parotidei tumorale (V. Popescu-val, Cluj 1996); Limfoame maligne (G. Oltean-nal. Tg. M., 1997.); Probleme ale chirurgiei reconstructive pe \u0163esuturi iradiate (V. Popescu-val, Cluj, 1997); Curs de anatomie patologic\u0103 1\u20132. (Anca Sin-el, Tg.M., 1996\u20132000.); Anatomie patologic\u0103 general\u0103. ( 2002.). <br \/><strong>Irod.:<\/strong> DS; Clujeni ai sec. 20.; Istoria \u015ftiin\u0163elor \u00een Rom\u00e2nia (1975); [Nekrol\u00f3g] (C.l., 12. noi. 2007); P\u00e9ter; Radio, Almanah; Domokos 1966; Domokos 1978; Tizenk\u00e9t \u00e9v; Todea; Who\u2019s Who.<\/br><\/p>\n","protected":false},"excerpt":{"rendered":"<p>Segesv\u00e1r, 1926. dec. 26., \u2020\u00a0Mv., 2007. nov. 8.: orvos, egyetemi tan\u00e1r. \u2013 A k\u00f6z\u00e9piskol\u00e1t Erzs\u00e9betv\u00e1roson, az orvosi egyetemet Kv.-on v\u00e9gezte (1951); doktor\u00e1lt (1970). Gyakornok, tan\u00e1rseg\u00e9d Kv.-on (1951\u2013); tudom\u00e1nyos kutat\u00f3 volt Kv.-on az Igiena Int.-ben (1959\u201360), azut\u00e1n f\u0151n\u00f6k az Onkol\u00f3giai Int\u00e9zet k\u00f3rbonctani laborat\u00f3rium\u00e1ban (1958\u201378). A Tan\u00fcgyi Miniszt\u00e9rium Fels\u0151bb Diploma Bizotts\u00e1ga az orvostudom\u00e1nyok doktora (1971. \u00e1pr. ), [&hellip;]<\/p>\n","protected":false},"featured_media":0,"comment_status":"open","ping_status":"closed","template":"","meta":[],"product_brand":[],"product_cat":[137],"product_tag":[],"class_list":{"0":"post-20495","1":"product","2":"type-product","3":"status-publish","5":"product_cat-maros-megyei-eletrajzi-lexikon","7":"first","8":"instock","9":"shipping-taxable","10":"product-type-simple"},"_links":{"self":[{"href":"https:\/\/uj.adatbank.ro\/lexikon\/wp-json\/wp\/v2\/product\/20495","targetHints":{"allow":["GET"]}}],"collection":[{"href":"https:\/\/uj.adatbank.ro\/lexikon\/wp-json\/wp\/v2\/product"}],"about":[{"href":"https:\/\/uj.adatbank.ro\/lexikon\/wp-json\/wp\/v2\/types\/product"}],"replies":[{"embeddable":true,"href":"https:\/\/uj.adatbank.ro\/lexikon\/wp-json\/wp\/v2\/comments?post=20495"}],"wp:attachment":[{"href":"https:\/\/uj.adatbank.ro\/lexikon\/wp-json\/wp\/v2\/media?parent=20495"}],"wp:term":[{"taxonomy":"product_brand","embeddable":true,"href":"https:\/\/uj.adatbank.ro\/lexikon\/wp-json\/wp\/v2\/product_brand?post=20495"},{"taxonomy":"product_cat","embeddable":true,"href":"https:\/\/uj.adatbank.ro\/lexikon\/wp-json\/wp\/v2\/product_cat?post=20495"},{"taxonomy":"product_tag","embeddable":true,"href":"https:\/\/uj.adatbank.ro\/lexikon\/wp-json\/wp\/v2\/product_tag?post=20495"}],"curies":[{"name":"wp","href":"https:\/\/api.w.org\/{rel}","templated":true}]}}