{"id":20496,"date":"2025-07-22T18:51:01","date_gmt":"2025-07-22T16:51:01","guid":{"rendered":"https:\/\/uj.adatbank.ro\/lexikon\/termek\/simu-george-%c2%a7\/"},"modified":"2025-07-22T18:51:01","modified_gmt":"2025-07-22T16:51:01","slug":"simu-george-%c2%a7","status":"publish","type":"product","link":"https:\/\/uj.adatbank.ro\/lexikon\/termek\/simu-george-%c2%a7\/","title":{"rendered":"SIMU, George, \u00a7"},"content":{"rendered":"<p>Marosgezse, 1862. m\u00e1rc. 4., \u2020 Erzs\u00e9betv\u00e1ros, 1934. \u00e1pr. 22.: g. kat. pap, k\u00f6lt\u0151, \u00edr\u00f3. \u2013 A k\u00f6z\u00e9piskol\u00e1t Bal\u00e1zsfalv\u00e1n v\u00e9gezte (1873\u201381), majd teol\u00f3gi\u00e1t hallgatott uo. (1881\u201385) \u00e9s term\u00e9szettudom\u00e1nyokat Kv.-on (1885\u201388). Egyh\u00e1zi tisztvisel\u0151, azut\u00e1n pap Marosgezs\u00e9n (1888\u20131902), Szamos\u00fajv\u00e1ron szerkesztette a Lumea literar\u0103 c. lapot, majd pap \u00e9s esperes Erzs\u00e9betv\u00e1roson (1902\u201334). Munkat\u00e1rsa volt a: Preotul rom\u00e2n, Amicul familiei, C\u0103r\u0163ile s\u0103teanului rom\u00e2n, Foaia bisericeasc\u0103, Foaia scolastic\u0103, Unirea, Minerva, Tribuna, R\u00e2ndunica, Revista ilustrat\u0103-nak. <strong><strong>F. m.<\/strong><\/strong>: Nop\u0163i de iarn\u0103: novele pentru popor (Gherla, 1892); P\u0103rintele Nicolae: schi\u0163e din via\u0163a preo\u0163ilor (Gherla, 1897); Felicit\u0103ri \u00een poezii \u015fi proz\u0103 (Gherla, 1901); Versuri religioase \u015fi morali (Bistri\u0163a, 1903); <strong>szerk.:<\/strong> Lira Sionului seu c\u00e2ntarea s\u0103rb\u0103torilor: poesii religioso-morale&#8230; (el\u0151sz\u00f3; Gherla, 1894); Zile negre&#8230; (el\u0151sz\u00f3; Gherla). <br \/><strong>Irod.:<\/strong> Cosma; Dic\u0163ionarul lit. Rom. De la origini p\u00e2n\u0103 1900; M\u00e1ln\u00e1si; P\u0103curariu.<\/br><\/p>\n","protected":false},"excerpt":{"rendered":"<p>Marosgezse, 1862. m\u00e1rc. 4., \u2020 Erzs\u00e9betv\u00e1ros, 1934. \u00e1pr. 22.: g. kat. pap, k\u00f6lt\u0151, \u00edr\u00f3. \u2013 A k\u00f6z\u00e9piskol\u00e1t Bal\u00e1zsfalv\u00e1n v\u00e9gezte (1873\u201381), majd teol\u00f3gi\u00e1t hallgatott uo. (1881\u201385) \u00e9s term\u00e9szettudom\u00e1nyokat Kv.-on (1885\u201388). Egyh\u00e1zi tisztvisel\u0151, azut\u00e1n pap Marosgezs\u00e9n (1888\u20131902), Szamos\u00fajv\u00e1ron szerkesztette a Lumea literar\u0103 c. lapot, majd pap \u00e9s esperes Erzs\u00e9betv\u00e1roson (1902\u201334). Munkat\u00e1rsa volt a: Preotul rom\u00e2n, Amicul familiei, [&hellip;]<\/p>\n","protected":false},"featured_media":0,"comment_status":"open","ping_status":"closed","template":"","meta":[],"product_brand":[],"product_cat":[137],"product_tag":[],"class_list":{"0":"post-20496","1":"product","2":"type-product","3":"status-publish","5":"product_cat-maros-megyei-eletrajzi-lexikon","7":"first","8":"instock","9":"shipping-taxable","10":"product-type-simple"},"_links":{"self":[{"href":"https:\/\/uj.adatbank.ro\/lexikon\/wp-json\/wp\/v2\/product\/20496","targetHints":{"allow":["GET"]}}],"collection":[{"href":"https:\/\/uj.adatbank.ro\/lexikon\/wp-json\/wp\/v2\/product"}],"about":[{"href":"https:\/\/uj.adatbank.ro\/lexikon\/wp-json\/wp\/v2\/types\/product"}],"replies":[{"embeddable":true,"href":"https:\/\/uj.adatbank.ro\/lexikon\/wp-json\/wp\/v2\/comments?post=20496"}],"wp:attachment":[{"href":"https:\/\/uj.adatbank.ro\/lexikon\/wp-json\/wp\/v2\/media?parent=20496"}],"wp:term":[{"taxonomy":"product_brand","embeddable":true,"href":"https:\/\/uj.adatbank.ro\/lexikon\/wp-json\/wp\/v2\/product_brand?post=20496"},{"taxonomy":"product_cat","embeddable":true,"href":"https:\/\/uj.adatbank.ro\/lexikon\/wp-json\/wp\/v2\/product_cat?post=20496"},{"taxonomy":"product_tag","embeddable":true,"href":"https:\/\/uj.adatbank.ro\/lexikon\/wp-json\/wp\/v2\/product_tag?post=20496"}],"curies":[{"name":"wp","href":"https:\/\/api.w.org\/{rel}","templated":true}]}}