{"id":20501,"date":"2025-07-22T18:51:12","date_gmt":"2025-07-22T16:51:12","guid":{"rendered":"https:\/\/uj.adatbank.ro\/lexikon\/termek\/singer-gyorgy-%c2%a7\/"},"modified":"2025-07-22T18:51:12","modified_gmt":"2025-07-22T16:51:12","slug":"singer-gyorgy-%c2%a7","status":"publish","type":"product","link":"https:\/\/uj.adatbank.ro\/lexikon\/termek\/singer-gyorgy-%c2%a7\/","title":{"rendered":"SINGER Gy\u00f6rgy, \u00a7"},"content":{"rendered":"<p>Mv.? \u2020?: zongoram\u0171v\u00e9sz. \u2013 Tr\u00f3znern\u00e9 Erkel Sarolta, majd Halmos Gy\u00f6rgy ir\u00e1ny\u00edt\u00e1s\u00e1val v\u00e9gezte zenei tanulm\u00e1nyait. Tan\u00e1rseg\u00e9d a kv.-i Gh. Dima Zenem\u0171v\u00e9szeti F\u0151iskol\u00e1n (1960-as \u00e9vekben). R\u00e9szt vett az Enescu nemzetk\u00f6zi fesztiv\u00e1lon (1961) <br \/><strong>Irod.:<\/strong> E. L.[Erd\u00e9lyi Lajos] A nagy zenei pr\u00f3bat\u00e9tel el\u0151tt (\u00daj \u00c9let, 10. sz., 1961).<\/br><\/p>\n","protected":false},"excerpt":{"rendered":"<p>Mv.? \u2020?: zongoram\u0171v\u00e9sz. \u2013 Tr\u00f3znern\u00e9 Erkel Sarolta, majd Halmos Gy\u00f6rgy ir\u00e1ny\u00edt\u00e1s\u00e1val v\u00e9gezte zenei tanulm\u00e1nyait. Tan\u00e1rseg\u00e9d a kv.-i Gh. Dima Zenem\u0171v\u00e9szeti F\u0151iskol\u00e1n (1960-as \u00e9vekben). R\u00e9szt vett az Enescu nemzetk\u00f6zi fesztiv\u00e1lon (1961) Irod.: E. L.[Erd\u00e9lyi Lajos] A nagy zenei pr\u00f3bat\u00e9tel el\u0151tt (\u00daj \u00c9let, 10. sz., 1961).<\/p>\n","protected":false},"featured_media":0,"comment_status":"open","ping_status":"closed","template":"","meta":[],"product_brand":[],"product_cat":[137],"product_tag":[],"class_list":{"0":"post-20501","1":"product","2":"type-product","3":"status-publish","5":"product_cat-maros-megyei-eletrajzi-lexikon","7":"first","8":"instock","9":"shipping-taxable","10":"product-type-simple"},"_links":{"self":[{"href":"https:\/\/uj.adatbank.ro\/lexikon\/wp-json\/wp\/v2\/product\/20501","targetHints":{"allow":["GET"]}}],"collection":[{"href":"https:\/\/uj.adatbank.ro\/lexikon\/wp-json\/wp\/v2\/product"}],"about":[{"href":"https:\/\/uj.adatbank.ro\/lexikon\/wp-json\/wp\/v2\/types\/product"}],"replies":[{"embeddable":true,"href":"https:\/\/uj.adatbank.ro\/lexikon\/wp-json\/wp\/v2\/comments?post=20501"}],"wp:attachment":[{"href":"https:\/\/uj.adatbank.ro\/lexikon\/wp-json\/wp\/v2\/media?parent=20501"}],"wp:term":[{"taxonomy":"product_brand","embeddable":true,"href":"https:\/\/uj.adatbank.ro\/lexikon\/wp-json\/wp\/v2\/product_brand?post=20501"},{"taxonomy":"product_cat","embeddable":true,"href":"https:\/\/uj.adatbank.ro\/lexikon\/wp-json\/wp\/v2\/product_cat?post=20501"},{"taxonomy":"product_tag","embeddable":true,"href":"https:\/\/uj.adatbank.ro\/lexikon\/wp-json\/wp\/v2\/product_tag?post=20501"}],"curies":[{"name":"wp","href":"https:\/\/api.w.org\/{rel}","templated":true}]}}