{"id":20502,"date":"2025-07-22T18:51:13","date_gmt":"2025-07-22T16:51:13","guid":{"rendered":"https:\/\/uj.adatbank.ro\/lexikon\/termek\/singer-jakab-%c2%a7\/"},"modified":"2025-07-22T18:51:13","modified_gmt":"2025-07-22T16:51:13","slug":"singer-jakab-%c2%a7","status":"publish","type":"product","link":"https:\/\/uj.adatbank.ro\/lexikon\/termek\/singer-jakab-%c2%a7\/","title":{"rendered":"SINGER Jakab, \u00a7"},"content":{"rendered":"<p>1879., \u2020?: f\u0151titk\u00e1r, f\u0151rabbi Temesv\u00e1ron. \u2013 A zsid\u00f3 hitk\u00f6zs\u00e9g f\u0151titk\u00e1rak\u00e9nt (1924\u201328) kezdem\u00e9nyezte a mv.-i nagy zsid\u00f3templom (a volt Kl\u00f6ffner Vilmos u.) \u00e9p\u00edt\u00e9s\u00e9t, ami nagy k\u00f6lcs\u00f6n\u00f6k seg\u00edts\u00e9g\u00e9vel \u00e9p\u00fclt fel (1927), de nem tudt\u00e1k a k\u00fcls\u0151 munk\u00e1latokat befejezni. Az ezer f\u00e9rfi- \u00e9s n\u0151i \u00fcl\u0151helyre tervezett templom a hitk\u00f6zs\u00e9gi kult\u00far\u00e9let k\u00f6zpontja volt. <br \/><strong>Irod.:<\/strong> Bodolai Gy\u00f6ngyi: A m\u00faltat be kell vallani (N\u00fa., 1991. \u00e1pr. 25.); Mv. Zsid\u00f3s\u00e1ga<\/br><\/p>\n","protected":false},"excerpt":{"rendered":"<p>1879., \u2020?: f\u0151titk\u00e1r, f\u0151rabbi Temesv\u00e1ron. \u2013 A zsid\u00f3 hitk\u00f6zs\u00e9g f\u0151titk\u00e1rak\u00e9nt (1924\u201328) kezdem\u00e9nyezte a mv.-i nagy zsid\u00f3templom (a volt Kl\u00f6ffner Vilmos u.) \u00e9p\u00edt\u00e9s\u00e9t, ami nagy k\u00f6lcs\u00f6n\u00f6k seg\u00edts\u00e9g\u00e9vel \u00e9p\u00fclt fel (1927), de nem tudt\u00e1k a k\u00fcls\u0151 munk\u00e1latokat befejezni. Az ezer f\u00e9rfi- \u00e9s n\u0151i \u00fcl\u0151helyre tervezett templom a hitk\u00f6zs\u00e9gi kult\u00far\u00e9let k\u00f6zpontja volt. Irod.: Bodolai Gy\u00f6ngyi: A m\u00faltat be [&hellip;]<\/p>\n","protected":false},"featured_media":0,"comment_status":"open","ping_status":"closed","template":"","meta":[],"product_brand":[],"product_cat":[137],"product_tag":[],"class_list":{"0":"post-20502","1":"product","2":"type-product","3":"status-publish","5":"product_cat-maros-megyei-eletrajzi-lexikon","7":"first","8":"instock","9":"shipping-taxable","10":"product-type-simple"},"_links":{"self":[{"href":"https:\/\/uj.adatbank.ro\/lexikon\/wp-json\/wp\/v2\/product\/20502","targetHints":{"allow":["GET"]}}],"collection":[{"href":"https:\/\/uj.adatbank.ro\/lexikon\/wp-json\/wp\/v2\/product"}],"about":[{"href":"https:\/\/uj.adatbank.ro\/lexikon\/wp-json\/wp\/v2\/types\/product"}],"replies":[{"embeddable":true,"href":"https:\/\/uj.adatbank.ro\/lexikon\/wp-json\/wp\/v2\/comments?post=20502"}],"wp:attachment":[{"href":"https:\/\/uj.adatbank.ro\/lexikon\/wp-json\/wp\/v2\/media?parent=20502"}],"wp:term":[{"taxonomy":"product_brand","embeddable":true,"href":"https:\/\/uj.adatbank.ro\/lexikon\/wp-json\/wp\/v2\/product_brand?post=20502"},{"taxonomy":"product_cat","embeddable":true,"href":"https:\/\/uj.adatbank.ro\/lexikon\/wp-json\/wp\/v2\/product_cat?post=20502"},{"taxonomy":"product_tag","embeddable":true,"href":"https:\/\/uj.adatbank.ro\/lexikon\/wp-json\/wp\/v2\/product_tag?post=20502"}],"curies":[{"name":"wp","href":"https:\/\/api.w.org\/{rel}","templated":true}]}}