{"id":20505,"date":"2025-07-22T18:51:20","date_gmt":"2025-07-22T16:51:20","guid":{"rendered":"https:\/\/uj.adatbank.ro\/lexikon\/termek\/sinka-karoly-%c2%a7\/"},"modified":"2025-07-22T18:51:20","modified_gmt":"2025-07-22T16:51:20","slug":"sinka-karoly-%c2%a7","status":"publish","type":"product","link":"https:\/\/uj.adatbank.ro\/lexikon\/termek\/sinka-karoly-%c2%a7\/","title":{"rendered":"SINKA K\u00e1roly, \u00a7"},"content":{"rendered":"<p>Buk., 1934. szept. 28., \u2020 Szeged, 2007. m\u00e1rc. 3.: sz\u00edn\u00e9sz, rendez\u0151, sz\u00ednh\u00e1zigazgat\u00f3. A mv.-i Szentgy\u00f6rgyi Istv\u00e1n Sz\u00ednm\u0171v\u00e9szeti Int\u00e9zetben v\u00e9gzett (1956), \u00e9s a temesv\u00e1ri \u00c1llami Magyar Sz\u00ednh\u00e1zhoz szerz\u0151d\u00f6tt. A mv.-i sz\u00ednh\u00e1z tagja \u00e9s tan\u00edtott a f\u0151iskol\u00e1n is (1957\u20131965). Visszaszerz\u0151d\u00f6tt Temesv\u00e1rra (1965\u2013), ahol igazgat\u00f3nak is kinevezt\u00e9k. T\u00f6bbsz\u00f6r vend\u00e9gszerepelt Kv.-on, a Temesv\u00e1ri Nemzeti Sz\u00ednh\u00e1zban (rom\u00e1n el\u0151ad\u00e1sokon) \u00e9s n\u00e9h\u00e1nyszor a gyulai v\u00e1rj\u00e1t\u00e9kokon is (1978\u2013). Gyakori vend\u00e9ge a buk.-i telev\u00edzi\u00f3 magyar nyelv\u0171 ad\u00e1sainak. A Szegedi Nemzeti Sz\u00ednh\u00e1zhoz szerz\u0151d\u00f6tt (1990\u2013). \u00cdzig-v\u00e9rig kom\u00e9di\u00e1s alkat, nagyfok\u00fa j\u00e1t\u00e9koss\u00e1g jellemezte. S\u00falyt, jelent\u0151s\u00e9get tudott k\u00f6lcs\u00f6n\u00f6zni szerepeinek. Rendez\u00e9sekre is gyakran v\u00e1llalkozott. Orsz\u00e1gos sz\u00ednh\u00e1zi fesztiv\u00e1lokon alak\u00edt\u00e1sait sz\u00e1mos d\u00edjjal jutalmazt\u00e1k. \u2013 <strong>F. sz.:<\/strong> Montserrat (Robles); Cassio (Shakespeare: Othello); Gerry (Gibson: Libik\u00f3ka); Mick (Pinter: A gondnok); Ivanov (Csehov); Vladimir Benda (Danek: Sz\u00fcnet ut\u00e1n t\u00f6r ki a h\u00e1bor\u00fa); Mv.-en: Sarkady Imre: Szeptember (1957); H. Lovinescu: A lerombolt fellegv\u00e1r (1958); Rostande: Cyrano de Bergerac (1960); A. Abruzov: Irkutszki t\u00f6rt\u00e9net (1962); Szab\u00f3 Lajos: Csal\u00e1di f\u00e9szek (1964); Prim\u00e1s (Br\u00f3dy S\u00e1ndor. A tan\u00edt\u00f3n\u0151); Ag\u00e1rdi P\u00e9ter (Heltai Jen\u0151: A n\u00e9ma levente); Gotfried, szebeni sz\u00e1sz gr\u00f3f (K\u00f3s K\u00e1roly: Budai Nagy Antal); Vajda, sof\u0151r (Szab\u00f3 Lajos: Menek\u00fcl\u00e9s); Pali (Sarkadi Imre: Szeptember), Marius Pop, orvos (E.Mirea\u2013Kov\u00e1cs Gy\u00f6rgy: Az utols\u00f3 vonat), Petru (Horia Lovinescu: A lerombolt fellegv\u00e1r), Demeter J\u00f3zsef (S\u00fct\u0151 Andr\u00e1s: Fecskesz\u00e1rny\u00fa szem\u00f6ld\u00f6k); Szovjet katona (Aurel Baranga: Diadal\u00edv); Vajnonen, finn tenger\u00e9sz (V.Visnyevszkij: Optimista trag\u00e9dia); Sava, m\u00e9rn\u00f6k (C. Teodoru: Oroszl\u00e1nr\u00e9sz); De la Cotterie, fr. f\u0151hadnagy (Carlo Goldini: K\u00fcl\u00f6n\u00f6s t\u00f6rt\u00e9net); Victor (K. Trenyov: Gimnazist\u00e1k); Christian de Neuvillette (E.Rostand: Cyrano de Bergenac); Radu Voinea (V.Stoenescu: Szerelmes levelek), Ernst (Friedrich Wolf: Mamlock professzor),Brett Charls, n\u00e9ger katonatiszt (J.Gow-D\u2019usseau: M\u00e9lyek a gy\u00f6kerek); Br\u00e2ndus szerkeszt\u0151 (Al.Mirodan: \u00dajs\u00e1g\u00edr\u00f3k F.r. Heltai J.: A n\u00e9ma levente; Nash: Az es\u0151hoz\u00f3 ember. Mintegy t\u00edz rom\u00e1n \u00e9s m. filmben j\u00e1tszott. Mi dolgunk a vil\u00e1gon c. lemeze jelent meg az Electrecordn\u00e1l (1980) m. klasszikus k\u00f6lt\u0151k verseib\u0151l k\u00e9sz\u00fclt \u00f6ssze\u00e1ll\u00edt\u00e1ssal. <br \/><strong>Irod.:<\/strong> B\u00e9rczes; Gy\u00e1rf\u00e1s 2013; A H\u00e9t \u00c9vk\u00f6nyve (1982); Horv\u00e1th Bea; Kov\u00e1cs Levente; MSZL; MSz\u00ednL; [Nekrol\u00f3g] (N\u00fa., 2007. m\u00e1rc. 6.); t. z. m. [Tompa Z. Mih\u00e1ly]: S. K. (V. Z., 1985. szept. 28.); Viharban.<\/br><\/p>\n","protected":false},"excerpt":{"rendered":"<p>Buk., 1934. szept. 28., \u2020 Szeged, 2007. m\u00e1rc. 3.: sz\u00edn\u00e9sz, rendez\u0151, sz\u00ednh\u00e1zigazgat\u00f3. A mv.-i Szentgy\u00f6rgyi Istv\u00e1n Sz\u00ednm\u0171v\u00e9szeti Int\u00e9zetben v\u00e9gzett (1956), \u00e9s a temesv\u00e1ri \u00c1llami Magyar Sz\u00ednh\u00e1zhoz szerz\u0151d\u00f6tt. A mv.-i sz\u00ednh\u00e1z tagja \u00e9s tan\u00edtott a f\u0151iskol\u00e1n is (1957\u20131965). Visszaszerz\u0151d\u00f6tt Temesv\u00e1rra (1965\u2013), ahol igazgat\u00f3nak is kinevezt\u00e9k. T\u00f6bbsz\u00f6r vend\u00e9gszerepelt Kv.-on, a Temesv\u00e1ri Nemzeti Sz\u00ednh\u00e1zban (rom\u00e1n el\u0151ad\u00e1sokon) \u00e9s n\u00e9h\u00e1nyszor [&hellip;]<\/p>\n","protected":false},"featured_media":0,"comment_status":"open","ping_status":"closed","template":"","meta":[],"product_brand":[],"product_cat":[137],"product_tag":[],"class_list":{"0":"post-20505","1":"product","2":"type-product","3":"status-publish","5":"product_cat-maros-megyei-eletrajzi-lexikon","7":"first","8":"instock","9":"shipping-taxable","10":"product-type-simple"},"_links":{"self":[{"href":"https:\/\/uj.adatbank.ro\/lexikon\/wp-json\/wp\/v2\/product\/20505","targetHints":{"allow":["GET"]}}],"collection":[{"href":"https:\/\/uj.adatbank.ro\/lexikon\/wp-json\/wp\/v2\/product"}],"about":[{"href":"https:\/\/uj.adatbank.ro\/lexikon\/wp-json\/wp\/v2\/types\/product"}],"replies":[{"embeddable":true,"href":"https:\/\/uj.adatbank.ro\/lexikon\/wp-json\/wp\/v2\/comments?post=20505"}],"wp:attachment":[{"href":"https:\/\/uj.adatbank.ro\/lexikon\/wp-json\/wp\/v2\/media?parent=20505"}],"wp:term":[{"taxonomy":"product_brand","embeddable":true,"href":"https:\/\/uj.adatbank.ro\/lexikon\/wp-json\/wp\/v2\/product_brand?post=20505"},{"taxonomy":"product_cat","embeddable":true,"href":"https:\/\/uj.adatbank.ro\/lexikon\/wp-json\/wp\/v2\/product_cat?post=20505"},{"taxonomy":"product_tag","embeddable":true,"href":"https:\/\/uj.adatbank.ro\/lexikon\/wp-json\/wp\/v2\/product_tag?post=20505"}],"curies":[{"name":"wp","href":"https:\/\/api.w.org\/{rel}","templated":true}]}}