{"id":20508,"date":"2025-07-22T18:51:27","date_gmt":"2025-07-22T16:51:27","guid":{"rendered":"https:\/\/uj.adatbank.ro\/lexikon\/termek\/sipos-maroskereszturi\/"},"modified":"2025-07-22T18:51:27","modified_gmt":"2025-07-22T16:51:27","slug":"sipos-maroskereszturi","status":"publish","type":"product","link":"https:\/\/uj.adatbank.ro\/lexikon\/termek\/sipos-maroskereszturi\/","title":{"rendered":"SIPOS, maroskereszt\u00fari"},"content":{"rendered":"<p>A csal\u00e1db\u00f3l S. Istv\u00e1n kapott nemeslevelet Apafi Mih\u00e1lyt\u00f3l (1662. m\u00e1rc. 22.). <br \/><strong>Irod.:<\/strong> Kempelen; P\u00e1lmay.<\/br><\/p>\n","protected":false},"excerpt":{"rendered":"<p>A csal\u00e1db\u00f3l S. Istv\u00e1n kapott nemeslevelet Apafi Mih\u00e1lyt\u00f3l (1662. m\u00e1rc. 22.). Irod.: Kempelen; P\u00e1lmay.<\/p>\n","protected":false},"featured_media":0,"comment_status":"open","ping_status":"closed","template":"","meta":[],"product_brand":[],"product_cat":[137],"product_tag":[],"class_list":{"0":"post-20508","1":"product","2":"type-product","3":"status-publish","5":"product_cat-maros-megyei-eletrajzi-lexikon","7":"first","8":"instock","9":"shipping-taxable","10":"product-type-simple"},"_links":{"self":[{"href":"https:\/\/uj.adatbank.ro\/lexikon\/wp-json\/wp\/v2\/product\/20508","targetHints":{"allow":["GET"]}}],"collection":[{"href":"https:\/\/uj.adatbank.ro\/lexikon\/wp-json\/wp\/v2\/product"}],"about":[{"href":"https:\/\/uj.adatbank.ro\/lexikon\/wp-json\/wp\/v2\/types\/product"}],"replies":[{"embeddable":true,"href":"https:\/\/uj.adatbank.ro\/lexikon\/wp-json\/wp\/v2\/comments?post=20508"}],"wp:attachment":[{"href":"https:\/\/uj.adatbank.ro\/lexikon\/wp-json\/wp\/v2\/media?parent=20508"}],"wp:term":[{"taxonomy":"product_brand","embeddable":true,"href":"https:\/\/uj.adatbank.ro\/lexikon\/wp-json\/wp\/v2\/product_brand?post=20508"},{"taxonomy":"product_cat","embeddable":true,"href":"https:\/\/uj.adatbank.ro\/lexikon\/wp-json\/wp\/v2\/product_cat?post=20508"},{"taxonomy":"product_tag","embeddable":true,"href":"https:\/\/uj.adatbank.ro\/lexikon\/wp-json\/wp\/v2\/product_tag?post=20508"}],"curies":[{"name":"wp","href":"https:\/\/api.w.org\/{rel}","templated":true}]}}