{"id":20509,"date":"2025-07-22T18:51:31","date_gmt":"2025-07-22T16:51:31","guid":{"rendered":"https:\/\/uj.adatbank.ro\/lexikon\/termek\/sipos-nyaradgalfalvi-csalad\/"},"modified":"2025-07-22T18:51:31","modified_gmt":"2025-07-22T16:51:31","slug":"sipos-nyaradgalfalvi-csalad","status":"publish","type":"product","link":"https:\/\/uj.adatbank.ro\/lexikon\/termek\/sipos-nyaradgalfalvi-csalad\/","title":{"rendered":"SIPOS, ny\u00e1r\u00e1dg\u00e1lfalvi csal\u00e1d"},"content":{"rendered":"<p>Bethlen G\u00e1bor idej\u00e9n egy ny\u00e1r\u00e1dg\u00e1lfalvi Sipos Enyeden v\u00e9gezte a koll\u00e9giumot, ut\u00e1na Kisg\u00f6rg\u00e9nyben Somosdon \u00e9s Vaj\u00e1ban volt tan\u00edt\u00f3 \u00e9s pap. Birtokuk volt mindh\u00e1rom faluban. Somosdon a halotti anyak\u00f6nyvbe S. G\u00e9z\u00e1t mint tekintetes \u00farnak \u00e9s oskolamesternek \u00edrt\u00e1k be. Nagy h\u00e1z\u00e1t a k\u00f6z\u00f6s gazdas\u00e1g bontatta le. Sz\u00e9kelyvajai m\u0171eml\u00e9knek sz\u00e1m\u00edt\u00f3 h\u00e1zukat eladt\u00e1k a m\u00falt sz. 20-as \u00e9veiben \u00e9s a vev\u0151 lebontatta a II. vh. ut\u00e1n. Az Erd\u00e9lyi C\u00e9pmives C\u00e9h kiad\u00e1s\u00e1ban megjelent S\u00e9ta a b\u00f6lcs\u0151helyem k\u00f6r\u00fcl c. k\u00f6nyvben szerepelt mint nemesi k\u00faria. Vaj\u00e1ban 2 Sipos csal\u00e1d \u00e9lt f\u00e9rfitagjai mind tanultak. Volt k\u00f6zt\u00fck \u00fcgyv\u00e9d \u00e9s test\u0151r is. S. Lajos \u00fcgyv\u00e9d volt Mv.-en (1846 k\u00f6r\u00fcl); S. Ferenc Vaj\u00e1ban halt meg (1886) <br \/><strong>Irod.:<\/strong> Nagy Iv\u00e1n; P\u00e1lmay; Sipos.<\/br><\/p>\n","protected":false},"excerpt":{"rendered":"<p>Bethlen G\u00e1bor idej\u00e9n egy ny\u00e1r\u00e1dg\u00e1lfalvi Sipos Enyeden v\u00e9gezte a koll\u00e9giumot, ut\u00e1na Kisg\u00f6rg\u00e9nyben Somosdon \u00e9s Vaj\u00e1ban volt tan\u00edt\u00f3 \u00e9s pap. Birtokuk volt mindh\u00e1rom faluban. Somosdon a halotti anyak\u00f6nyvbe S. G\u00e9z\u00e1t mint tekintetes \u00farnak \u00e9s oskolamesternek \u00edrt\u00e1k be. Nagy h\u00e1z\u00e1t a k\u00f6z\u00f6s gazdas\u00e1g bontatta le. Sz\u00e9kelyvajai m\u0171eml\u00e9knek sz\u00e1m\u00edt\u00f3 h\u00e1zukat eladt\u00e1k a m\u00falt sz. 20-as \u00e9veiben \u00e9s a [&hellip;]<\/p>\n","protected":false},"featured_media":0,"comment_status":"open","ping_status":"closed","template":"","meta":[],"product_brand":[],"product_cat":[137],"product_tag":[],"class_list":{"0":"post-20509","1":"product","2":"type-product","3":"status-publish","5":"product_cat-maros-megyei-eletrajzi-lexikon","7":"first","8":"instock","9":"shipping-taxable","10":"product-type-simple"},"_links":{"self":[{"href":"https:\/\/uj.adatbank.ro\/lexikon\/wp-json\/wp\/v2\/product\/20509","targetHints":{"allow":["GET"]}}],"collection":[{"href":"https:\/\/uj.adatbank.ro\/lexikon\/wp-json\/wp\/v2\/product"}],"about":[{"href":"https:\/\/uj.adatbank.ro\/lexikon\/wp-json\/wp\/v2\/types\/product"}],"replies":[{"embeddable":true,"href":"https:\/\/uj.adatbank.ro\/lexikon\/wp-json\/wp\/v2\/comments?post=20509"}],"wp:attachment":[{"href":"https:\/\/uj.adatbank.ro\/lexikon\/wp-json\/wp\/v2\/media?parent=20509"}],"wp:term":[{"taxonomy":"product_brand","embeddable":true,"href":"https:\/\/uj.adatbank.ro\/lexikon\/wp-json\/wp\/v2\/product_brand?post=20509"},{"taxonomy":"product_cat","embeddable":true,"href":"https:\/\/uj.adatbank.ro\/lexikon\/wp-json\/wp\/v2\/product_cat?post=20509"},{"taxonomy":"product_tag","embeddable":true,"href":"https:\/\/uj.adatbank.ro\/lexikon\/wp-json\/wp\/v2\/product_tag?post=20509"}],"curies":[{"name":"wp","href":"https:\/\/api.w.org\/{rel}","templated":true}]}}