{"id":2051,"date":"2025-06-28T12:02:18","date_gmt":"2025-06-28T10:02:18","guid":{"rendered":"https:\/\/uj.adatbank.ro\/lexikon\/termek\/balintitt-jozsef-tovisi-br-balinthit-jozsef-balintitth-jozsef\/"},"modified":"2025-06-28T12:02:18","modified_gmt":"2025-06-28T10:02:18","slug":"balintitt-jozsef-tovisi-br-balinthit-jozsef-balintitth-jozsef","status":"publish","type":"product","link":"https:\/\/uj.adatbank.ro\/lexikon\/termek\/balintitt-jozsef-tovisi-br-balinthit-jozsef-balintitth-jozsef\/","title":{"rendered":"B\u00c1LINTITT J\u00f3zsef, t\u00f6visi br.; B\u00e1linthit J\u00f3zsef, B\u00e1lintitth J\u00f3zsef"},"content":{"rendered":"<p>1808., \u2020\u00a0Nagyernye, 1877. jan. 20., Marosszentgy\u00f6rgy\u00f6n temett\u00e9k a Petki sirboltba: f\u0151kir\u00e1lyb\u00edr\u00f3, f\u00f6ldbirtokos, nemzet\u0151r sz\u00e1zados. \u2013 B. Gy\u00f6rgy \u00e9s Petki M\u00e1ria fia. Feles\u00e9ge: s\u00e1rosmagyarberkeszi Katona Julianna (1808. szept. 24., \u2013 1885. \u00e1pr. 4. Mv.). Esk\u00fcv\u0151: (1850). 28 faluban voltak birtokai. Marossz\u00e9k f\u0151kir\u00e1lyb\u00edr\u00f3ja (1847\u2013). \u2013 T\u00f3falvi birtokr\u00e9sz\u00e9t eladta 40 000 r\u00e9nes forint\u00e9rt Apor Istv\u00e1n br. L\u00e1z\u00e1r fi\u00e1nak (1835). A kir. T\u00f6rv\u00e9nysz\u00e9ki t\u00e1bla tiszteletbeli sz\u00e1mfeletti b\u00edr\u00e1ja, kir. hivatalos az erd\u00e9lyi 1848. \u00e9vi utols\u00f3 rendi ogy.-en (Kv., 1848. m\u00e1j. 29.-j\u00fal. 18.). A mv.-i 12. hov\u00e9dz\u00e1szl\u00f3alj 5. sz\u00e1zad\u00e1nak a parancsnoka (1848. okt.). \u201eMv. Egyetlen b\u00e1r\u00f3ja\u201d (P\u00e1lffy). A Mv.-i Kaszin\u00f3 alap\u00edt\u00f3tagja (1832). <br \/><strong>Irod.:<\/strong> Benk\u0151 K.: Mv.; Bi\u00e1s Istv\u00e1n; Bicsok\u2013Orb\u00e1n; Csejd \u2013T\u00f3falva; Egyed \u00c1.: Erd\u00e9ly 1848. ogy.; Gy\u00e1szjelent\u0151; Id\u0151t\u00e1r 2; Keresztes; Nagy Iv\u00e1n; Nagyernye; P\u00e1l-Antal 2002; P\u00e1lffy<\/br><\/p>\n","protected":false},"excerpt":{"rendered":"<p>1808., \u2020\u00a0Nagyernye, 1877. jan. 20., Marosszentgy\u00f6rgy\u00f6n temett\u00e9k a Petki sirboltba: f\u0151kir\u00e1lyb\u00edr\u00f3, f\u00f6ldbirtokos, nemzet\u0151r sz\u00e1zados. \u2013 B. Gy\u00f6rgy \u00e9s Petki M\u00e1ria fia. Feles\u00e9ge: s\u00e1rosmagyarberkeszi Katona Julianna (1808. szept. 24., \u2013 1885. \u00e1pr. 4. Mv.). Esk\u00fcv\u0151: (1850). 28 faluban voltak birtokai. Marossz\u00e9k f\u0151kir\u00e1lyb\u00edr\u00f3ja (1847\u2013). \u2013 T\u00f3falvi birtokr\u00e9sz\u00e9t eladta 40 000 r\u00e9nes forint\u00e9rt Apor Istv\u00e1n br. L\u00e1z\u00e1r fi\u00e1nak [&hellip;]<\/p>\n","protected":false},"featured_media":0,"comment_status":"open","ping_status":"closed","template":"","meta":[],"product_brand":[],"product_cat":[137],"product_tag":[],"class_list":{"0":"post-2051","1":"product","2":"type-product","3":"status-publish","5":"product_cat-maros-megyei-eletrajzi-lexikon","7":"first","8":"instock","9":"shipping-taxable","10":"product-type-simple"},"_links":{"self":[{"href":"https:\/\/uj.adatbank.ro\/lexikon\/wp-json\/wp\/v2\/product\/2051","targetHints":{"allow":["GET"]}}],"collection":[{"href":"https:\/\/uj.adatbank.ro\/lexikon\/wp-json\/wp\/v2\/product"}],"about":[{"href":"https:\/\/uj.adatbank.ro\/lexikon\/wp-json\/wp\/v2\/types\/product"}],"replies":[{"embeddable":true,"href":"https:\/\/uj.adatbank.ro\/lexikon\/wp-json\/wp\/v2\/comments?post=2051"}],"wp:attachment":[{"href":"https:\/\/uj.adatbank.ro\/lexikon\/wp-json\/wp\/v2\/media?parent=2051"}],"wp:term":[{"taxonomy":"product_brand","embeddable":true,"href":"https:\/\/uj.adatbank.ro\/lexikon\/wp-json\/wp\/v2\/product_brand?post=2051"},{"taxonomy":"product_cat","embeddable":true,"href":"https:\/\/uj.adatbank.ro\/lexikon\/wp-json\/wp\/v2\/product_cat?post=2051"},{"taxonomy":"product_tag","embeddable":true,"href":"https:\/\/uj.adatbank.ro\/lexikon\/wp-json\/wp\/v2\/product_tag?post=2051"}],"curies":[{"name":"wp","href":"https:\/\/api.w.org\/{rel}","templated":true}]}}