{"id":20513,"date":"2025-07-22T18:51:38","date_gmt":"2025-07-22T16:51:38","guid":{"rendered":"https:\/\/uj.adatbank.ro\/lexikon\/termek\/sipos-david\/"},"modified":"2025-07-22T18:51:38","modified_gmt":"2025-07-22T16:51:38","slug":"sipos-david","status":"publish","type":"product","link":"https:\/\/uj.adatbank.ro\/lexikon\/termek\/sipos-david\/","title":{"rendered":"SIPOS D\u00e1vid"},"content":{"rendered":"<p>Kide? \u2020? 1762.: k\u0151farag\u00f3. \u2013 A bonchidai \u00e9p\u00edtkez\u00e9sekn\u00e9l (1730 k.) \u00e9szlelhet\u0151k k\u00e9s\u0151 renesz\u00e1nsz \u00e9s barokkos st\u00edlus\u00fa munk\u00e1i. Az erd\u0151szentgy\u00f6rgyi barokk templom renesz\u00e1nsz st\u00edlus\u00fa, vir\u00e1gmint\u00e1s k\u0151 sz\u00f3sz\u00e9k\u00e9t faragta (18. sz.), a tancsi ref. templom sz\u00f3sz\u00e9k\u00e9t (1758). Az erd\u0151szentgy\u00f6rgyi ref. templom \u00e1t\u00e9p\u00edt\u00e9sekor a k\u0151sz\u00f3sz\u00e9ket k\u00e9sz\u00edtette (1760). <br \/><strong>Irod.:<\/strong> B\u00e1lint Zsigmond 2010; Keresztes Gyula: Az erd\u0151szentgy\u00f6rgyi ref. templom (N\u00fa., 1998. j\u00fan. 6); Kov\u00e1cs Andr\u00e1s; L\u00e9sty\u00e1n \u2013 templomok; Maros megye; Nagy-Bod\u00f3 Tibor: A templom, amely Rh\u00e9dey Claudia \u00e9s a Rh\u00e9dey csal\u00e1d nyughelye (K\u00f6zpont, 2016. m\u00e1rc. 31 \u2013 \u00e1pr. 6.); Sepsisz\u00e9ki.<\/br><\/p>\n","protected":false},"excerpt":{"rendered":"<p>Kide? \u2020? 1762.: k\u0151farag\u00f3. \u2013 A bonchidai \u00e9p\u00edtkez\u00e9sekn\u00e9l (1730 k.) \u00e9szlelhet\u0151k k\u00e9s\u0151 renesz\u00e1nsz \u00e9s barokkos st\u00edlus\u00fa munk\u00e1i. Az erd\u0151szentgy\u00f6rgyi barokk templom renesz\u00e1nsz st\u00edlus\u00fa, vir\u00e1gmint\u00e1s k\u0151 sz\u00f3sz\u00e9k\u00e9t faragta (18. sz.), a tancsi ref. templom sz\u00f3sz\u00e9k\u00e9t (1758). Az erd\u0151szentgy\u00f6rgyi ref. templom \u00e1t\u00e9p\u00edt\u00e9sekor a k\u0151sz\u00f3sz\u00e9ket k\u00e9sz\u00edtette (1760). Irod.: B\u00e1lint Zsigmond 2010; Keresztes Gyula: Az erd\u0151szentgy\u00f6rgyi ref. templom (N\u00fa., [&hellip;]<\/p>\n","protected":false},"featured_media":0,"comment_status":"open","ping_status":"closed","template":"","meta":[],"product_brand":[],"product_cat":[137],"product_tag":[],"class_list":{"0":"post-20513","1":"product","2":"type-product","3":"status-publish","5":"product_cat-maros-megyei-eletrajzi-lexikon","7":"first","8":"instock","9":"shipping-taxable","10":"product-type-simple"},"_links":{"self":[{"href":"https:\/\/uj.adatbank.ro\/lexikon\/wp-json\/wp\/v2\/product\/20513","targetHints":{"allow":["GET"]}}],"collection":[{"href":"https:\/\/uj.adatbank.ro\/lexikon\/wp-json\/wp\/v2\/product"}],"about":[{"href":"https:\/\/uj.adatbank.ro\/lexikon\/wp-json\/wp\/v2\/types\/product"}],"replies":[{"embeddable":true,"href":"https:\/\/uj.adatbank.ro\/lexikon\/wp-json\/wp\/v2\/comments?post=20513"}],"wp:attachment":[{"href":"https:\/\/uj.adatbank.ro\/lexikon\/wp-json\/wp\/v2\/media?parent=20513"}],"wp:term":[{"taxonomy":"product_brand","embeddable":true,"href":"https:\/\/uj.adatbank.ro\/lexikon\/wp-json\/wp\/v2\/product_brand?post=20513"},{"taxonomy":"product_cat","embeddable":true,"href":"https:\/\/uj.adatbank.ro\/lexikon\/wp-json\/wp\/v2\/product_cat?post=20513"},{"taxonomy":"product_tag","embeddable":true,"href":"https:\/\/uj.adatbank.ro\/lexikon\/wp-json\/wp\/v2\/product_tag?post=20513"}],"curies":[{"name":"wp","href":"https:\/\/api.w.org\/{rel}","templated":true}]}}