{"id":20516,"date":"2025-07-22T18:51:44","date_gmt":"2025-07-22T16:51:44","guid":{"rendered":"https:\/\/uj.adatbank.ro\/lexikon\/termek\/sipos-domokos-%c2%a7\/"},"modified":"2025-07-22T18:51:44","modified_gmt":"2025-07-22T16:51:44","slug":"sipos-domokos-%c2%a7","status":"publish","type":"product","link":"https:\/\/uj.adatbank.ro\/lexikon\/termek\/sipos-domokos-%c2%a7\/","title":{"rendered":"SIPOS Domokos, \u00a7"},"content":{"rendered":"<p>Dics\u0151szentm\u00e1rton, 1892. aug. 4., \u2020 Dics\u0151szentm\u00e1rton, 1927. dec. 22.: \u00edr\u00f3, k\u00f6lt\u0151, publicista. \u2013 Feles\u00e9ge Kom\u00e1romi Graci\u00e1na (1919\u2013). Sz\u00fcl\u0151v\u00e1ros\u00e1ban volt kisiskol\u00e1s, a nagyenyedi ref. koll\u00e9giumban tanult (1902\u2013) \u00e9s \u00e9retts\u00e9gizett (1910). A Kem\u00e9ny Zsigmond \u00f6nk\u00e9pz\u0151k\u00f6r tagja, \u00e9s a koll. k\u00e9ziratos \u00f6nk\u00e9pz\u0151k\u00f6ri lapj\u00e1ban, a Haladjunkban jelentek meg \u00edr\u00e1sai, amelynek f\u0151munkat\u00e1rsa, k\u00e9s\u0151bb szerkeszt\u0151je lett. \u00c9retts\u00e9gi ut\u00e1n sz\u00fcl\u0151v\u00e1ros\u00e1ban szer\u00e9ny napid\u00edjask\u00e9nt v\u00e1llalt \u00e1ll\u00e1st a p\u00e9nz\u00fcgyigazgat\u00f3s\u00e1gn\u00e1l, k\u00e9s\u0151bb k\u00e9t f\u00e9l\u00e9vre beiratkozott Bp.-en a jogra (1912\u201313), de nem v\u00e9gezte el, majd v\u00e1ratlan fordulattal a gy\u00f3gyszer\u00e9szeti p\u00e1ly\u00e1n pr\u00f3b\u00e1lt szerencs\u00e9t. F\u00f6lde\u00e1kra szerz\u0151d\u00f6tt patikusgyakornoknak, teljes ell\u00e1t\u00e1s\u00e9rt \u00e9s havi t\u00edz forint d\u00edjaz\u00e1s\u00e9rt. Az I. vh. kit\u00f6r\u00e9sekor besorozt\u00e1k katon\u00e1nak, de gyenge testalkata miatt nem ker\u00fclt ki a harct\u00e9rre. Ezut\u00e1n \u00fajs\u00e1g\u00edr\u00f3 Kass\u00e1n, tisztvisel\u0151 Orosh\u00e1z\u00e1n \u00e9s m\u00e1s alf\u00f6ldi v\u00e1rosokban (1913\u201314), ut\u00e1na egy ideig a bp.-i statisztikai hivatalban kistisztvisel\u0151. Sz\u00fcl\u0151v\u00e1ros\u00e1ban napid\u00edjas tisztvisel\u0151 (1915\u2013), v\u00e1rosi sz\u00e1mvev\u0151, majd helyettes f\u0151jegyz\u0151. Ezzel egyidej\u0171leg kezdte meg publicisztikai tev\u00e9kenys\u00e9g\u00e9t. A Nemzeti Tan\u00e1cs Kis-K\u00fck\u00fcll\u0151 vm. f\u0151isp\u00e1nj\u00e1v\u00e1 v\u00e1lasztotta (1918), de kinevez\u00e9s\u00e9t a dec. 1-jei gyulafeh\u00e9rv\u00e1ri hat\u00e1rozat, Erd\u00e9ly Rom\u00e1ni\u00e1hoz csatol\u00e1s\u00e1nak kinyilv\u00e1n\u00edt\u00e1sa, meghi\u00fas\u00edtotta. A dics\u0151szentm\u00e1rtoni Erzs\u00e9bet K\u00f6nyvnyomda Rt. \u00fcgyvezet\u0151 igazgat\u00f3ja (1921\u2013). Igazgat\u00e1sa idej\u00e9n a nyomda \u2013 \u00c1prily Lajos, Gy\u00e1rf\u00e1s Elem\u00e9r, Kib\u00e9di S\u00e1ndor, Szombati Szab\u00f3 Istv\u00e1n jelent\u0151s k\u00f6tetei mellett elk\u00e9sz\u00edtette Pet\u0151fi S\u00e1ndor \u00f6sszes k\u00f6ltem\u00e9nyeinek centen\u00e1riumi kiad\u00e1s\u00e1t. A Kisk\u00fck\u00fcll\u0151 c. hetilap felel\u0151s szerk. (1921\u201324). Az \u0151 keze alatt v\u00e1lt a kisv\u00e1rosban p\u00e9ldamutat\u00f3, ig\u00e9nyes, az eg\u00e9sz hazai szellemi \u00e9letre kitekint\u00e9st ad\u00f3 lapp\u00e1. Beker\u00fclt az erd\u00e9lyi irodalom v\u00e9rkering\u00e9s\u00e9be, \u00edrt, levelezett Benedek Elekkel, Molter K\u00e1rollyal, Tompa L\u00e1szl\u00f3val, r\u00e9szt vett a Mv.-en megjelen\u0151 Zord Id\u0151 c\u00edm\u0171 lap m\u00e1sodik vers \u00e9s novellap\u00e1ly\u00e1zat\u00e1n, Templomrabl\u00f3 \u00e9s Boldog id\u0151k c. novell\u00e1ival mindk\u00e9t kateg\u00f3ri\u00e1t megnyerte (az ut\u00f3bbit megosztva) (1921), s ezzel ugyancsak mag\u00e1ra vonta a figyelmet. Megp\u00e1ly\u00e1zta, \u00e9s Berde M\u00e1ri\u00e1val egy\u00fctt megnyerte az Ellenz\u00e9k, erd\u00e9lyi t\u00f6rt\u00e9nelmi elbesz\u00e9l\u00e9sre ki\u00edrt p\u00e1ly\u00e1zat\u00e1t Vaj\u00fad\u00f3 id\u0151k k\u00fcsz\u00f6b\u00e9n c novell\u00e1j\u00e1val (1925). \u00cdr\u00e1sai a Zord Id\u0151, Ellenz\u00e9k, P\u00e1sztort\u0171zben, Napkeletben, Vas\u00e1rnapi \u00dajs\u00e1gban, \u00dajs\u00e1g, Keleti \u00dajs\u00e1gban jelentek meg. A KZST tagja, Kem\u00e9ny J\u00e1nos megh\u00edvta az els\u0151 v\u00e9csi Helikon-tal\u00e1lkoz\u00f3ra (1926), de betegs\u00e9ge miatt nem lehetett jelen. Gyenge szervezete \u00e9s a kedvez\u0151tlen \u00e9letviszonyok miatt a k\u00f6vetkez\u0151 \u00e9vekben t\u00fcd\u0151baja egyre s\u00falyosbodott. Az Erd\u00e9lyi Helikon t\u00e1mogat\u00e1s\u00e1val h\u00e1rom h\u00f3napot a budakeszi t\u00fcd\u0151szanat\u00f3riumban t\u00f6lt (1927. tavasz\u00e1n), majd mint gy\u00f3gy\u00edthatatlant k\u00fcldt\u00e9k haza. Korai hal\u00e1l\u00e1t t\u00fcd\u0151v\u00e9sz okozta. Legjelent\u0151sebbek a szoci\u00e1lis \u00e9rz\u00e9kenys\u00e9gr\u0151l tan\u00faskod\u00f3, er\u0151sen kritikai jelleg\u0171 elbesz\u00e9l\u00e9sei. N\u00e9h\u00e1ny szabad verse a m. hal\u00e1ll\u00edra legkiv\u00e1l\u00f3bb alkot\u00e1sai k\u00f6z\u00e9 tartozik. K\u00edv\u00e1ns\u00e1ga szerint a k\u00f3rh\u00e1z melletti &#8222;szeg\u00e9nyek temet\u0151j\u00e9be&#8221; hantolt\u00e1k el. S\u00edrk\u0151v\u00e9n ez \u00e1ll: \u201eNe engedelmeskedjetek: csak a szeretetnek, csak a szeretetnek, csak a szeretetnek!!!\u201d A s\u00edrj\u00e1t a k\u00f6ztemet\u0151be k\u00f6lt\u00f6ztett\u00e9k, a KZST emelt s\u00edrk\u00f6vet, rendezett \u00fcnnep\u00e9lyes s\u00edrk\u0151avat\u00e1st (1934. szept. 30.) \u00e9s irodalmi estet, melyen Molter K\u00e1roly tartott eml\u00e9kbesz\u00e9det. \u00c9letrajz\u00e1t \u00e9s munk\u00e1ss\u00e1g\u00e1t Kov\u00e1cs Istv\u00e1n a Sipos Domokos c. monogr\u00e1fi\u00e1ban dolgozta fel. Mellszobr\u00e1t az unit. templomkertben \u00e1ll\u00edtottak fel Dics\u0151szentm\u00e1rtonban, B\u00e1lint K\u00e1roly szobr\u00e1szm\u0171v\u00e9sz alkot\u00e1sa, Centen\u00e1riumi \u00fcnneps\u00e9get rendeztek (1992. okt. 3\u20134). Nev\u00e9t viseli a dics\u0151szentm\u00e1rtoni Sipos Domokos M\u0171vel\u0151d\u00e9si Egyes\u00fclet (1990. aug. 14.\u2013). Dics\u0151szentm\u00e1rton Tan\u00e1csa post mortem a D\u00edszpog\u00e1ri c\u00edmet adom\u00e1nyozta neki (1994). \u2013 <strong><strong>F. m.<\/strong><\/strong>: Istenem, hol vagy?: (nov.; (Kv., 1922); V\u00e1gtat a hal\u00e1l (versek; K\u00f3s K\u00e1roly ill., Kv., 1927); Vaj\u00fad\u00f3 id\u0151k k\u00fcsz\u00f6b\u00e9n (Kv., 1928; bev. Nagy P\u00e1l; Buk., 1973); V\u00e1logatott munk\u00e1i (1953); A csoda (elb., v\u00e1log. Molter K\u00e1roly; Mv., 1958); Pillanatfelv\u00e9telek (nov., bev. Ga\u00e1l Gy\u00f6rgy; Kv., 1991); <strong>antol\u00f3g.:<\/strong> Erd\u00e9lyi t\u00f6rt\u00e9netek (Bp., 1924); Lupu, Ioan: Povestitori unguri ardeleni (Buc., 1928); Erd\u00e9lyi elbesz\u00e9l\u0151k (Bp., 1941); Versekben t\u00fcnd\u00f6kl\u0151 Erd\u00e9ly (Kv., 1941); Zord Id\u0151 antol\u00f3gia (Mv., 1998); Erd\u00e9lyi elbesz\u00e9l\u0151k (Bp., 2004); Pet\u0151fi eml\u00e9ksorok (Mv., s.a.). <br \/><strong>Irod.:<\/strong> 1924\u20131944 Helikon; Adamovits; B\u00e1lint Tibor: 100 \u00e9ve jelent meg az els\u0151 \u00fajs\u00e1g Dics\u0151szentm\u00e1rtonban (N\u00fa., 1991. m\u00e1rc. 23.); Berey; Bern\u00e1th Ern\u0151: Eml\u00e9kez\u00e9s S. D.-ra (\u00daj \u00c9let, 15. sz., 1972); Bisztray Gyula: \u00cdr\u00f3 \u00e9s nemzet (Bp., 1943); B\u00f6l\u00f6ni: S. D. M\u0171vel\u0151d\u00e9si Egylet (N\u00fa., 1990. aug. 16); B\u00f6l\u00f6ni Domokos: Mikor halt meg S. D? (N\u00fa., M\u00fazsa, 77. sz., 1992. okt. 16.); B\u00f6l\u00f6ni Domokos: S. D. j\u00e9zusi tan\u00edt\u00e1sa (N\u00fa., 2010. aug. 4.); Chinezu; Dics\u0151szentm\u00e1rton; D\u00e1vid Gyula: Sz\u00e1z \u00e9ve sz\u00fcletett Sipos Domokos (M\u0171vel\u0151d\u00e9s, 12. sz., 1992); Dics\u0151szentm\u00e1rton r\u00e9gi arca; Az Erd\u00e9lyi Helikon mo.-i bar\u00e1tainak aranyk\u00f6nyve (Kv., 1937); F\u00fcl\u00f6p\u2013Ferencz; Gy\u00f6rgy 1926; Halasy; Helikon 1924\u20131944; Helikoni arck\u00e9pcsarnok 2; Kov\u00e1cs Istv\u00e1n: S. D. (Buk., 1990); Kov\u00e1cs Istv\u00e1n: Elk\u00e9sett vir\u00e1gok S. D. s\u00edrj\u00e1ra (1.; V. Z., 1983. m\u00e1j. 28.; 2. 1983. j\u00fan. 11.; 3. V. Z., 1983. j\u00fan. 26.); Krist\u00f3f Gy\u00f6rgy: Istoria limbii si literaturii maghiare (Cluj., 1934); Kusz\u00e1lik; Mark\u00f3 B\u00e9la: S. D. hite (N\u00fa., M\u00fazsa, 76. sz., 1992. okt. 9.); Marosi-Helikon; Marosi-KZST; Mer\u0151 G\u00e1bor: J\u00f6v\u0151nek sz\u00f3l\u00f3 \u00fczenet (V.Z., 1972. aug. 13.); Molter 1, 2.,3.; Molter K\u00e1roly: S. D. eml\u00e9ke (Szabad Sz\u00f3, 1947. dec. 26.); Nagy P\u00e1l; Nagy P\u00e1l: Bet\u0171vet\u00e9s; \u201eBecs\u00fcletes magyar \u00edr\u00f3 volt\u201d= Nagy P\u00e1l: Visszan\u00e9z\u0151; Nagy P\u00e1l: Forgatagos id\u0151kben: P\u00e1ly\u00e1k, m\u0171vek, arcok, eml\u00e9kek (Mv., 2004); Osv\u00e1th; Pint\u00e9r; R\u00e9thy\u2013V\u00e1czy; RNL; S. D.: V\u00e1gtat a hal\u00e1l ( bevezet\u0151 \u00e9s \u00e9letrajz Szentimrei Jen\u0151, Kv., 1927); S. D.: \u00d6n\u00e9letrajz [1925] (N\u00fa., M\u00fazsa, 67. sz., 1992. aug. 7.); S. D. felt\u00e1mad\u00e1sa (N\u00fa., 1992. okt. 6.); S. D. eml\u00e9kezete (1892\u20131927) = Kuti M.; Sipos Domokosn\u00e9 Kom\u00e1romi Graciana Adamovits S\u00e1ndor: Helikoni nagyasszonyok (Gyergy\u00f3szentmikl\u00f3s, 2006); MIIB; [Nekrol\u00f3g] (V. Z., 1987. jan. 18.); Sipos Domokos eml\u00e9kezete (1892\u20131927) = Kuti M. 2021; Tab\u00e9ry G\u00e9za: Eml\u00e9kk\u00f6nyv (Kv., 1930); T\u00e2rn\u0103veni, cult. \u2013 ist.; Transilvania; \u00daM\u00c9L; Z\u00e1honyi; Zord Id\u0151.<\/br><\/p>\n","protected":false},"excerpt":{"rendered":"<p>Dics\u0151szentm\u00e1rton, 1892. aug. 4., \u2020 Dics\u0151szentm\u00e1rton, 1927. dec. 22.: \u00edr\u00f3, k\u00f6lt\u0151, publicista. \u2013 Feles\u00e9ge Kom\u00e1romi Graci\u00e1na (1919\u2013). Sz\u00fcl\u0151v\u00e1ros\u00e1ban volt kisiskol\u00e1s, a nagyenyedi ref. koll\u00e9giumban tanult (1902\u2013) \u00e9s \u00e9retts\u00e9gizett (1910). A Kem\u00e9ny Zsigmond \u00f6nk\u00e9pz\u0151k\u00f6r tagja, \u00e9s a koll. k\u00e9ziratos \u00f6nk\u00e9pz\u0151k\u00f6ri lapj\u00e1ban, a Haladjunkban jelentek meg \u00edr\u00e1sai, amelynek f\u0151munkat\u00e1rsa, k\u00e9s\u0151bb szerkeszt\u0151je lett. \u00c9retts\u00e9gi ut\u00e1n sz\u00fcl\u0151v\u00e1ros\u00e1ban szer\u00e9ny napid\u00edjask\u00e9nt [&hellip;]<\/p>\n","protected":false},"featured_media":0,"comment_status":"open","ping_status":"closed","template":"","meta":[],"product_brand":[],"product_cat":[137],"product_tag":[],"class_list":{"0":"post-20516","1":"product","2":"type-product","3":"status-publish","5":"product_cat-maros-megyei-eletrajzi-lexikon","7":"first","8":"instock","9":"shipping-taxable","10":"product-type-simple"},"_links":{"self":[{"href":"https:\/\/uj.adatbank.ro\/lexikon\/wp-json\/wp\/v2\/product\/20516","targetHints":{"allow":["GET"]}}],"collection":[{"href":"https:\/\/uj.adatbank.ro\/lexikon\/wp-json\/wp\/v2\/product"}],"about":[{"href":"https:\/\/uj.adatbank.ro\/lexikon\/wp-json\/wp\/v2\/types\/product"}],"replies":[{"embeddable":true,"href":"https:\/\/uj.adatbank.ro\/lexikon\/wp-json\/wp\/v2\/comments?post=20516"}],"wp:attachment":[{"href":"https:\/\/uj.adatbank.ro\/lexikon\/wp-json\/wp\/v2\/media?parent=20516"}],"wp:term":[{"taxonomy":"product_brand","embeddable":true,"href":"https:\/\/uj.adatbank.ro\/lexikon\/wp-json\/wp\/v2\/product_brand?post=20516"},{"taxonomy":"product_cat","embeddable":true,"href":"https:\/\/uj.adatbank.ro\/lexikon\/wp-json\/wp\/v2\/product_cat?post=20516"},{"taxonomy":"product_tag","embeddable":true,"href":"https:\/\/uj.adatbank.ro\/lexikon\/wp-json\/wp\/v2\/product_tag?post=20516"}],"curies":[{"name":"wp","href":"https:\/\/api.w.org\/{rel}","templated":true}]}}