{"id":20518,"date":"2025-07-22T18:51:49","date_gmt":"2025-07-22T16:51:49","guid":{"rendered":"https:\/\/uj.adatbank.ro\/lexikon\/termek\/sipos-ferenc-2\/"},"modified":"2025-07-22T18:51:49","modified_gmt":"2025-07-22T16:51:49","slug":"sipos-ferenc-2","status":"publish","type":"product","link":"https:\/\/uj.adatbank.ro\/lexikon\/termek\/sipos-ferenc-2\/","title":{"rendered":"SIPOS Ferenc"},"content":{"rendered":"<p>Tompa, 1885.,\u00a0\u2020?: \u00e1llom\u00e1sf\u0151n\u00f6k. \u2013 Iskol\u00e1it Nagyv\u00e1radon v\u00e9gezte, ahol \u00e9retts\u00e9gizett \u00e9s Mv.-en Nagyv\u00e1radon, Vask\u00e1n, Kalocs\u00e1n teljes\u00edtett szolg\u00e1latot, majd Szov\u00e1t\u00e1n \u00e1llom\u00e1sf\u0151n\u00f6k volt. A MP tagja volt. Katona\u00e9veit a 12. t\u00fcz\u00e9rezredben szolg\u00e1lta le. <br \/><strong>Irod.:<\/strong> Sz\u00e9kelyf\u00f6ld \u00ed. k.<\/br><\/p>\n","protected":false},"excerpt":{"rendered":"<p>Tompa, 1885.,\u00a0\u2020?: \u00e1llom\u00e1sf\u0151n\u00f6k. \u2013 Iskol\u00e1it Nagyv\u00e1radon v\u00e9gezte, ahol \u00e9retts\u00e9gizett \u00e9s Mv.-en Nagyv\u00e1radon, Vask\u00e1n, Kalocs\u00e1n teljes\u00edtett szolg\u00e1latot, majd Szov\u00e1t\u00e1n \u00e1llom\u00e1sf\u0151n\u00f6k volt. A MP tagja volt. Katona\u00e9veit a 12. t\u00fcz\u00e9rezredben szolg\u00e1lta le. Irod.: Sz\u00e9kelyf\u00f6ld \u00ed. k.<\/p>\n","protected":false},"featured_media":0,"comment_status":"open","ping_status":"closed","template":"","meta":[],"product_brand":[],"product_cat":[137],"product_tag":[],"class_list":{"0":"post-20518","1":"product","2":"type-product","3":"status-publish","5":"product_cat-maros-megyei-eletrajzi-lexikon","7":"first","8":"instock","9":"shipping-taxable","10":"product-type-simple"},"_links":{"self":[{"href":"https:\/\/uj.adatbank.ro\/lexikon\/wp-json\/wp\/v2\/product\/20518","targetHints":{"allow":["GET"]}}],"collection":[{"href":"https:\/\/uj.adatbank.ro\/lexikon\/wp-json\/wp\/v2\/product"}],"about":[{"href":"https:\/\/uj.adatbank.ro\/lexikon\/wp-json\/wp\/v2\/types\/product"}],"replies":[{"embeddable":true,"href":"https:\/\/uj.adatbank.ro\/lexikon\/wp-json\/wp\/v2\/comments?post=20518"}],"wp:attachment":[{"href":"https:\/\/uj.adatbank.ro\/lexikon\/wp-json\/wp\/v2\/media?parent=20518"}],"wp:term":[{"taxonomy":"product_brand","embeddable":true,"href":"https:\/\/uj.adatbank.ro\/lexikon\/wp-json\/wp\/v2\/product_brand?post=20518"},{"taxonomy":"product_cat","embeddable":true,"href":"https:\/\/uj.adatbank.ro\/lexikon\/wp-json\/wp\/v2\/product_cat?post=20518"},{"taxonomy":"product_tag","embeddable":true,"href":"https:\/\/uj.adatbank.ro\/lexikon\/wp-json\/wp\/v2\/product_tag?post=20518"}],"curies":[{"name":"wp","href":"https:\/\/api.w.org\/{rel}","templated":true}]}}